{"id":40761,"date":"2025-12-13T01:37:43","date_gmt":"2025-12-13T00:37:43","guid":{"rendered":"https:\/\/www.mc-shirt.de\/?post_type=product&#038;p=40761"},"modified":"2026-01-05T14:49:21","modified_gmt":"2026-01-05T13:49:21","slug":"untersetzer-inkl-druck","status":"publish","type":"product","link":"https:\/\/staging.mc-shirt.de\/en\/product\/untersetzer-inkl-druck\/","title":{"rendered":"Untersetzer inkl. Druck"},"content":{"rendered":"<p>MDF Untersetzer, 95 x 95 x 3 mm, R\u00fcckseite Kork, Farbe Wei\u00df-gl\u00e4nzend<\/p>\n<p>Diese sublimierbaren Untersetzer haben eine gl\u00e4nzende wei\u00dfe Oberfl\u00e4che und eignen sich perfekt f\u00fcr Deine Kunden der Gastronomie oder auch f\u00fcr das Zuhause mit dem individuellen Design. Besonders praktisch sind die Untersetzer, weil sie abwaschbar sind, somit sind sie wiederverwendbar und halten lange.<\/p>\n<ul>\n<li>Gl\u00e4nzende wei\u00dfe Oberfl\u00e4che<\/li>\n<li>R\u00fcckseite aus Kork<\/li>\n<li>Abwaschbar<\/li>\n<li>Hartfaser, 3 mm stark<\/li>\n<\/ul>","protected":false},"excerpt":{"rendered":"<p>MDF Untersetzer, 95 x 95 x 3 mm, R\u00fcckseite Kork, Farbe Wei\u00df-gl\u00e4nzend Diese sublimierbaren Untersetzer haben eine gl\u00e4nzende wei\u00dfe Oberfl\u00e4che und eignen sich perfekt f\u00fcr Deine Kunden der Gastronomie oder auch f\u00fcr das Zuhause mit dem individuellen Design. Besonders praktisch sind die Untersetzer, weil sie abwaschbar sind, somit sind sie wiederverwendbar und halten lange. Gl\u00e4nzende [&hellip;]<\/p>\n","protected":false},"featured_media":40604,"comment_status":"open","ping_status":"closed","template":"","meta":{"_acf_changed":false},"product_brand":[],"product_cat":[595],"product_tag":[],"class_list":{"0":"post-40761","1":"product","2":"type-product","3":"status-publish","4":"has-post-thumbnail","6":"product_cat-accessoires","8":"first","9":"instock","10":"taxable","11":"shipping-taxable","12":"purchasable","13":"product-type-simple"},"acf":[],"_links":{"self":[{"href":"https:\/\/staging.mc-shirt.de\/en\/wp-json\/wp\/v2\/product\/40761","targetHints":{"allow":["GET"]}}],"collection":[{"href":"https:\/\/staging.mc-shirt.de\/en\/wp-json\/wp\/v2\/product"}],"about":[{"href":"https:\/\/staging.mc-shirt.de\/en\/wp-json\/wp\/v2\/types\/product"}],"replies":[{"embeddable":true,"href":"https:\/\/staging.mc-shirt.de\/en\/wp-json\/wp\/v2\/comments?post=40761"}],"version-history":[{"count":0,"href":"https:\/\/staging.mc-shirt.de\/en\/wp-json\/wp\/v2\/product\/40761\/revisions"}],"wp:featuredmedia":[{"embeddable":true,"href":"https:\/\/staging.mc-shirt.de\/en\/wp-json\/wp\/v2\/media\/40604"}],"wp:attachment":[{"href":"https:\/\/staging.mc-shirt.de\/en\/wp-json\/wp\/v2\/media?parent=40761"}],"wp:term":[{"taxonomy":"product_brand","embeddable":true,"href":"https:\/\/staging.mc-shirt.de\/en\/wp-json\/wp\/v2\/product_brand?post=40761"},{"taxonomy":"product_cat","embeddable":true,"href":"https:\/\/staging.mc-shirt.de\/en\/wp-json\/wp\/v2\/product_cat?post=40761"},{"taxonomy":"product_tag","embeddable":true,"href":"https:\/\/staging.mc-shirt.de\/en\/wp-json\/wp\/v2\/product_tag?post=40761"}],"curies":[{"name":"wp","href":"https:\/\/api.w.org\/{rel}","templated":true}]}}