{"id":40530,"date":"2025-10-31T00:22:18","date_gmt":"2025-10-30T23:22:18","guid":{"rendered":"https:\/\/www.mc-shirt.de\/?post_type=product&#038;p=40530"},"modified":"2025-10-31T00:27:41","modified_gmt":"2025-10-30T23:27:41","slug":"windbreaker-id-601-unisex","status":"publish","type":"product","link":"https:\/\/staging.mc-shirt.de\/en\/product\/windbreaker-id-601-unisex\/","title":{"rendered":"Windbreaker Id. 601 Unisex"},"content":{"rendered":"<p>Au\u00dfen: 100% Taft-Polyester 210T mit Acrylbeschichtung (AB).<\/p>\n<ul>\n<li>Futter: 100% Polyester-Trikot.<\/li>\n<li>\u00c4rmelfutter: 100% Taft-Polyester.<\/li>\n<li>Durchgehender Rei\u00dfverschluss mit Rei\u00dfverschlusszug.<\/li>\n<li>Im Kragen integrierte Kapuze mit Velcro\u00ae-Klettverschl\u00fcssen.<\/li>\n<li>Ergonomische Kapuzenform. Identisches Kragenfutter.<\/li>\n<li>Versetzte N\u00e4hte an Schultern f\u00fcr mehr Schutz.<\/li>\n<li>Zwei Fronttaschen mit Schutzklappe.<\/li>\n<li>Eine Innentasche.<\/li>\n<li>Elastischer \u00c4rmelbund.<\/li>\n<li>Ergonomisch geschnittene Seitenteile.<\/li>\n<li>Verstellbarer Bund unten (mit Kordelzugstoppern).<\/li>\n<li>Einfacher Zugang f\u00fcr Personalisierung durch offenes R\u00fcckenteil.<\/li>\n<\/ul>","protected":false},"excerpt":{"rendered":"<p>Au\u00dfen: 100% Taft-Polyester 210T mit Acrylbeschichtung (AB). Futter: 100% Polyester-Trikot. \u00c4rmelfutter: 100% Taft-Polyester. Durchgehender Rei\u00dfverschluss mit Rei\u00dfverschlusszug. Im Kragen integrierte Kapuze mit Velcro\u00ae-Klettverschl\u00fcssen. Ergonomische Kapuzenform. Identisches Kragenfutter. Versetzte N\u00e4hte an Schultern f\u00fcr mehr Schutz. Zwei Fronttaschen mit Schutzklappe. Eine Innentasche. Elastischer \u00c4rmelbund. Ergonomisch geschnittene Seitenteile. Verstellbarer Bund unten (mit Kordelzugstoppern). Einfacher Zugang f\u00fcr Personalisierung durch [&hellip;]<\/p>\n","protected":false},"featured_media":40441,"comment_status":"open","ping_status":"closed","template":"","meta":{"_acf_changed":false},"product_brand":[706],"product_cat":[599],"product_tag":[],"class_list":{"0":"post-40530","1":"product","2":"type-product","3":"status-publish","4":"has-post-thumbnail","6":"product_brand-bc","7":"product_cat-jacken","9":"first","10":"instock","11":"taxable","12":"shipping-taxable","13":"purchasable","14":"product-type-variable","15":"has-default-attributes"},"acf":[],"_links":{"self":[{"href":"https:\/\/staging.mc-shirt.de\/en\/wp-json\/wp\/v2\/product\/40530","targetHints":{"allow":["GET"]}}],"collection":[{"href":"https:\/\/staging.mc-shirt.de\/en\/wp-json\/wp\/v2\/product"}],"about":[{"href":"https:\/\/staging.mc-shirt.de\/en\/wp-json\/wp\/v2\/types\/product"}],"replies":[{"embeddable":true,"href":"https:\/\/staging.mc-shirt.de\/en\/wp-json\/wp\/v2\/comments?post=40530"}],"version-history":[{"count":0,"href":"https:\/\/staging.mc-shirt.de\/en\/wp-json\/wp\/v2\/product\/40530\/revisions"}],"wp:featuredmedia":[{"embeddable":true,"href":"https:\/\/staging.mc-shirt.de\/en\/wp-json\/wp\/v2\/media\/40441"}],"wp:attachment":[{"href":"https:\/\/staging.mc-shirt.de\/en\/wp-json\/wp\/v2\/media?parent=40530"}],"wp:term":[{"taxonomy":"product_brand","embeddable":true,"href":"https:\/\/staging.mc-shirt.de\/en\/wp-json\/wp\/v2\/product_brand?post=40530"},{"taxonomy":"product_cat","embeddable":true,"href":"https:\/\/staging.mc-shirt.de\/en\/wp-json\/wp\/v2\/product_cat?post=40530"},{"taxonomy":"product_tag","embeddable":true,"href":"https:\/\/staging.mc-shirt.de\/en\/wp-json\/wp\/v2\/product_tag?post=40530"}],"curies":[{"name":"wp","href":"https:\/\/api.w.org\/{rel}","templated":true}]}}