{"id":40522,"date":"2025-10-31T00:01:58","date_gmt":"2025-10-30T23:01:58","guid":{"rendered":"https:\/\/www.mc-shirt.de\/?post_type=product&#038;p=40522"},"modified":"2025-10-31T00:02:00","modified_gmt":"2025-10-30T23:02:00","slug":"deep-cuffed-tonal-patch-beanie-inkl-druck","status":"publish","type":"product","link":"https:\/\/staging.mc-shirt.de\/en\/product\/deep-cuffed-tonal-patch-beanie-inkl-druck\/","title":{"rendered":"Deep Cuffed Tonal Patch Beanie inkl. Druck"},"content":{"rendered":"<p>Merkmale:<\/p>\n<ul>\n<li>100% Polyester (recycelt)<\/li>\n<li>Rippstrick<\/li>\n<li>Doppellagiges Strickgewebe<\/li>\n<li>Konstruierte Krone f\u00fcr maximalen Komfort<\/li>\n<li>Ton in Ton gehaltener Baumwoll-Twill-Patch zur Verzierung<\/li>\n<li>Breites B\u00fcndchendesign f\u00fcr optimale Dekoration<\/li>\n<li>Max. Druckfl\u00e4che: 5 x 5 cm<\/li>\n<\/ul>","protected":false},"excerpt":{"rendered":"<p>Merkmale: 100% Polyester (recycelt) Rippstrick Doppellagiges Strickgewebe Konstruierte Krone f\u00fcr maximalen Komfort Ton in Ton gehaltener Baumwoll-Twill-Patch zur Verzierung Breites B\u00fcndchendesign f\u00fcr optimale Dekoration Max. Druckfl\u00e4che: 5 x 5 cm<\/p>","protected":false},"featured_media":40422,"comment_status":"open","ping_status":"closed","template":"","meta":{"_acf_changed":false},"product_brand":[708],"product_cat":[600],"product_tag":[],"class_list":{"0":"post-40522","1":"product","2":"type-product","3":"status-publish","4":"has-post-thumbnail","6":"product_brand-beechfield","7":"product_cat-caps-beanies","9":"first","10":"instock","11":"taxable","12":"shipping-taxable","13":"purchasable","14":"product-type-variable","15":"has-default-attributes"},"acf":[],"_links":{"self":[{"href":"https:\/\/staging.mc-shirt.de\/en\/wp-json\/wp\/v2\/product\/40522","targetHints":{"allow":["GET"]}}],"collection":[{"href":"https:\/\/staging.mc-shirt.de\/en\/wp-json\/wp\/v2\/product"}],"about":[{"href":"https:\/\/staging.mc-shirt.de\/en\/wp-json\/wp\/v2\/types\/product"}],"replies":[{"embeddable":true,"href":"https:\/\/staging.mc-shirt.de\/en\/wp-json\/wp\/v2\/comments?post=40522"}],"version-history":[{"count":0,"href":"https:\/\/staging.mc-shirt.de\/en\/wp-json\/wp\/v2\/product\/40522\/revisions"}],"wp:featuredmedia":[{"embeddable":true,"href":"https:\/\/staging.mc-shirt.de\/en\/wp-json\/wp\/v2\/media\/40422"}],"wp:attachment":[{"href":"https:\/\/staging.mc-shirt.de\/en\/wp-json\/wp\/v2\/media?parent=40522"}],"wp:term":[{"taxonomy":"product_brand","embeddable":true,"href":"https:\/\/staging.mc-shirt.de\/en\/wp-json\/wp\/v2\/product_brand?post=40522"},{"taxonomy":"product_cat","embeddable":true,"href":"https:\/\/staging.mc-shirt.de\/en\/wp-json\/wp\/v2\/product_cat?post=40522"},{"taxonomy":"product_tag","embeddable":true,"href":"https:\/\/staging.mc-shirt.de\/en\/wp-json\/wp\/v2\/product_tag?post=40522"}],"curies":[{"name":"wp","href":"https:\/\/api.w.org\/{rel}","templated":true}]}}