{"id":40200,"date":"2025-10-18T20:53:42","date_gmt":"2025-10-18T18:53:42","guid":{"rendered":"https:\/\/www.mc-shirt.de\/?post_type=product&#038;p=40200"},"modified":"2025-12-19T17:49:00","modified_gmt":"2025-12-19T16:49:00","slug":"flachmann-aus-edelstahl-175-ml-inkl-gravur","status":"publish","type":"product","link":"https:\/\/staging.mc-shirt.de\/en\/product\/flachmann-aus-edelstahl-175-ml-inkl-gravur\/","title":{"rendered":"Flachmann aus Edelstahl \u2013 175 ml inkl. Gravur"},"content":{"rendered":"<p>Edler Flachmann aus rostfreiem Edelstahl mit auslaufsicherem Schraubverschluss. Das kompakte Design macht ihn zum stilvollen Begleiter f\u00fcr unterwegs \u2013 ideal f\u00fcr Outdoor-Abenteuer oder besondere Momente.<\/p>\n<p>Material: Edelstahl (rostfrei)<br \/>\nFassungsverm\u00f6gen: 175 ml<br \/>\nMa\u00dfe: ca. 9,3 cm \u00d7 2,1 cm \u00d7 11,2 cm (Einheitsgr\u00f6\u00dfe)<br \/>\nEigenschaften: Auslaufsicher, robust, pflegeleicht<\/p>\n<p>Hinweis zur Gravur: Gravuren erfolgen ohne Farbe. Auf Edelstahl erscheint die Gravur je nach Oberfl\u00e4che hellgrau bis silberfarben.<\/p>","protected":false},"excerpt":{"rendered":"<p>Edler Flachmann aus rostfreiem Edelstahl mit auslaufsicherem Schraubverschluss. Das kompakte Design macht ihn zum stilvollen Begleiter f\u00fcr unterwegs \u2013 ideal f\u00fcr Outdoor-Abenteuer oder besondere Momente. Material: Edelstahl (rostfrei) Fassungsverm\u00f6gen: 175 ml Ma\u00dfe: ca. 9,3 cm \u00d7 2,1 cm \u00d7 11,2 cm (Einheitsgr\u00f6\u00dfe) Eigenschaften: Auslaufsicher, robust, pflegeleicht Hinweis zur Gravur: Gravuren erfolgen ohne Farbe. Auf Edelstahl [&hellip;]<\/p>\n","protected":false},"featured_media":40199,"comment_status":"open","ping_status":"closed","template":"","meta":{"_acf_changed":false},"product_brand":[],"product_cat":[595,784],"product_tag":[],"class_list":{"0":"post-40200","1":"product","2":"type-product","3":"status-publish","4":"has-post-thumbnail","6":"product_cat-accessoires","7":"product_cat-gravur","9":"first","10":"instock","11":"taxable","12":"shipping-taxable","13":"purchasable","14":"product-type-simple"},"acf":[],"_links":{"self":[{"href":"https:\/\/staging.mc-shirt.de\/en\/wp-json\/wp\/v2\/product\/40200","targetHints":{"allow":["GET"]}}],"collection":[{"href":"https:\/\/staging.mc-shirt.de\/en\/wp-json\/wp\/v2\/product"}],"about":[{"href":"https:\/\/staging.mc-shirt.de\/en\/wp-json\/wp\/v2\/types\/product"}],"replies":[{"embeddable":true,"href":"https:\/\/staging.mc-shirt.de\/en\/wp-json\/wp\/v2\/comments?post=40200"}],"version-history":[{"count":0,"href":"https:\/\/staging.mc-shirt.de\/en\/wp-json\/wp\/v2\/product\/40200\/revisions"}],"wp:featuredmedia":[{"embeddable":true,"href":"https:\/\/staging.mc-shirt.de\/en\/wp-json\/wp\/v2\/media\/40199"}],"wp:attachment":[{"href":"https:\/\/staging.mc-shirt.de\/en\/wp-json\/wp\/v2\/media?parent=40200"}],"wp:term":[{"taxonomy":"product_brand","embeddable":true,"href":"https:\/\/staging.mc-shirt.de\/en\/wp-json\/wp\/v2\/product_brand?post=40200"},{"taxonomy":"product_cat","embeddable":true,"href":"https:\/\/staging.mc-shirt.de\/en\/wp-json\/wp\/v2\/product_cat?post=40200"},{"taxonomy":"product_tag","embeddable":true,"href":"https:\/\/staging.mc-shirt.de\/en\/wp-json\/wp\/v2\/product_tag?post=40200"}],"curies":[{"name":"wp","href":"https:\/\/api.w.org\/{rel}","templated":true}]}}