{"id":39179,"date":"2025-09-08T03:41:34","date_gmt":"2025-09-08T01:41:34","guid":{"rendered":"https:\/\/www.mc-shirt.de\/?post_type=product&#038;p=39179"},"modified":"2025-09-16T08:38:43","modified_gmt":"2025-09-16T06:38:43","slug":"schluesselanhaenger-aus-naturholz-mit-eco-leder-inkl-persoenlicher-gravur","status":"publish","type":"product","link":"https:\/\/staging.mc-shirt.de\/en\/product\/schluesselanhaenger-aus-naturholz-mit-eco-leder-inkl-persoenlicher-gravur\/","title":{"rendered":"Schl\u00fcsselanh\u00e4nger aus Naturholz mit Eco-Leder inkl. pers\u00f6nlicher Gravur"},"content":{"rendered":"<p>Schl\u00fcsselanh\u00e4nger aus Naturholz mit Eco-Leder inkl. pers\u00f6nlicher Gravur<\/p>\n<p>Nachhaltiger Schl\u00fcsselanh\u00e4nger \u2013 rund oder oval<\/p>\n<p>Eleganter Schl\u00fcsselanh\u00e4nger aus Naturholz mit feinem Eco-Leder-Finish. Erh\u00e4ltlich in zwei Formen (rund oder oval), ist er ein stilvolles und funktionales Accessoire f\u00fcr den Alltag. Perfekt als kleines Geschenk oder als personalisiertes Werbeartikel-Highlight.<\/p>\n<p>Material Naturholz, Eco-Leder<br \/>\nFormate<\/p>\n<p>Rund \u00d8 3,8\u202fcm, 0,5\u202fcm dick<\/p>\n<p>Oval ca. 6\u202fcm x 3\u202fcm x 0,5\u202fcm<\/p>\n<p>Hinweis zur Gravur Gravuren erfolgen ohne Farbe. Auf Naturholz erscheint die Gravur in der Regel dunkelbraun, abh\u00e4ngig von der Holzstruktur.<\/p>","protected":false},"excerpt":{"rendered":"<p>Schl\u00fcsselanh\u00e4nger aus Naturholz mit Eco-Leder inkl. pers\u00f6nlicher Gravur Nachhaltiger Schl\u00fcsselanh\u00e4nger \u2013 rund oder oval Eleganter Schl\u00fcsselanh\u00e4nger aus Naturholz mit feinem Eco-Leder-Finish. Erh\u00e4ltlich in zwei Formen (rund oder oval), ist er ein stilvolles und funktionales Accessoire f\u00fcr den Alltag. Perfekt als kleines Geschenk oder als personalisiertes Werbeartikel-Highlight. Material Naturholz, Eco-Leder Formate Rund \u00d8 3,8\u202fcm, 0,5\u202fcm dick [&hellip;]<\/p>\n","protected":false},"featured_media":39169,"comment_status":"open","ping_status":"closed","template":"","meta":{"_acf_changed":false},"product_brand":[717],"product_cat":[595,784],"product_tag":[],"class_list":{"0":"post-39179","1":"product","2":"type-product","3":"status-publish","4":"has-post-thumbnail","6":"product_brand-stamina","7":"product_cat-accessoires","8":"product_cat-gravur","10":"first","11":"instock","12":"taxable","13":"shipping-taxable","14":"purchasable","15":"product-type-variable","16":"has-default-attributes"},"acf":[],"_links":{"self":[{"href":"https:\/\/staging.mc-shirt.de\/en\/wp-json\/wp\/v2\/product\/39179","targetHints":{"allow":["GET"]}}],"collection":[{"href":"https:\/\/staging.mc-shirt.de\/en\/wp-json\/wp\/v2\/product"}],"about":[{"href":"https:\/\/staging.mc-shirt.de\/en\/wp-json\/wp\/v2\/types\/product"}],"replies":[{"embeddable":true,"href":"https:\/\/staging.mc-shirt.de\/en\/wp-json\/wp\/v2\/comments?post=39179"}],"version-history":[{"count":0,"href":"https:\/\/staging.mc-shirt.de\/en\/wp-json\/wp\/v2\/product\/39179\/revisions"}],"wp:featuredmedia":[{"embeddable":true,"href":"https:\/\/staging.mc-shirt.de\/en\/wp-json\/wp\/v2\/media\/39169"}],"wp:attachment":[{"href":"https:\/\/staging.mc-shirt.de\/en\/wp-json\/wp\/v2\/media?parent=39179"}],"wp:term":[{"taxonomy":"product_brand","embeddable":true,"href":"https:\/\/staging.mc-shirt.de\/en\/wp-json\/wp\/v2\/product_brand?post=39179"},{"taxonomy":"product_cat","embeddable":true,"href":"https:\/\/staging.mc-shirt.de\/en\/wp-json\/wp\/v2\/product_cat?post=39179"},{"taxonomy":"product_tag","embeddable":true,"href":"https:\/\/staging.mc-shirt.de\/en\/wp-json\/wp\/v2\/product_tag?post=39179"}],"curies":[{"name":"wp","href":"https:\/\/api.w.org\/{rel}","templated":true}]}}