{"id":39177,"date":"2025-09-08T03:39:45","date_gmt":"2025-09-08T01:39:45","guid":{"rendered":"https:\/\/www.mc-shirt.de\/?post_type=product&#038;p=39177"},"modified":"2025-09-08T03:39:45","modified_gmt":"2025-09-08T01:39:45","slug":"multifunktionale-thermoskanne-400-ml-inkl-persoenlicher-gravur","status":"publish","type":"product","link":"https:\/\/staging.mc-shirt.de\/en\/product\/multifunktionale-thermoskanne-400-ml-inkl-persoenlicher-gravur\/","title":{"rendered":"Multifunktionale Thermoskanne 400\u202fml inkl. pers\u00f6nlicher Gravur"},"content":{"rendered":"<p>Multifunktionale Thermosdose aus Edelstahl mit Bambusdeckel &amp; Korkboden<\/p>\n<p>Doppelwandige Thermosdose aus hochwertigem 304-Edelstahl. Ideal zur Aufbewahrung von Speisen. Mit Deckel aus Bambus, Boden aus Kork und praktischem L\u00f6ffel. Perfekt f\u00fcr unterwegs, B\u00fcro oder Picknick.<\/p>\n<p>Material: Edelstahl (304), Bambus, Kork<br \/>\nFassungsverm\u00f6gen: 400\u202fml<br \/>\nMa\u00dfe: ca. 15,7\u202fcm x 8,7\u202fcm (Einheitsgr\u00f6\u00dfe)<\/p>\n<p>Hinweis zur Gravur: Gravuren erfolgen ohne Farbe. Auf Bambus erscheint die Gravur meist dunkelbraun, abh\u00e4ngig von der Struktur des Holzes.<\/p>","protected":false},"excerpt":{"rendered":"<p>Multifunktionale Thermosdose aus Edelstahl mit Bambusdeckel &amp; Korkboden Doppelwandige Thermosdose aus hochwertigem 304-Edelstahl. Ideal zur Aufbewahrung von Speisen. Mit Deckel aus Bambus, Boden aus Kork und praktischem L\u00f6ffel. Perfekt f\u00fcr unterwegs, B\u00fcro oder Picknick. Material: Edelstahl (304), Bambus, Kork Fassungsverm\u00f6gen: 400\u202fml Ma\u00dfe: ca. 15,7\u202fcm x 8,7\u202fcm (Einheitsgr\u00f6\u00dfe) Hinweis zur Gravur: Gravuren erfolgen ohne Farbe. Auf [&hellip;]<\/p>\n","protected":false},"featured_media":39165,"comment_status":"open","ping_status":"closed","template":"","meta":{"_acf_changed":false},"product_brand":[717],"product_cat":[595,784],"product_tag":[],"class_list":{"0":"post-39177","1":"product","2":"type-product","3":"status-publish","4":"has-post-thumbnail","6":"product_brand-stamina","7":"product_cat-accessoires","8":"product_cat-gravur","10":"first","11":"instock","12":"taxable","13":"shipping-taxable","14":"purchasable","15":"product-type-simple"},"acf":[],"_links":{"self":[{"href":"https:\/\/staging.mc-shirt.de\/en\/wp-json\/wp\/v2\/product\/39177","targetHints":{"allow":["GET"]}}],"collection":[{"href":"https:\/\/staging.mc-shirt.de\/en\/wp-json\/wp\/v2\/product"}],"about":[{"href":"https:\/\/staging.mc-shirt.de\/en\/wp-json\/wp\/v2\/types\/product"}],"replies":[{"embeddable":true,"href":"https:\/\/staging.mc-shirt.de\/en\/wp-json\/wp\/v2\/comments?post=39177"}],"version-history":[{"count":0,"href":"https:\/\/staging.mc-shirt.de\/en\/wp-json\/wp\/v2\/product\/39177\/revisions"}],"wp:featuredmedia":[{"embeddable":true,"href":"https:\/\/staging.mc-shirt.de\/en\/wp-json\/wp\/v2\/media\/39165"}],"wp:attachment":[{"href":"https:\/\/staging.mc-shirt.de\/en\/wp-json\/wp\/v2\/media?parent=39177"}],"wp:term":[{"taxonomy":"product_brand","embeddable":true,"href":"https:\/\/staging.mc-shirt.de\/en\/wp-json\/wp\/v2\/product_brand?post=39177"},{"taxonomy":"product_cat","embeddable":true,"href":"https:\/\/staging.mc-shirt.de\/en\/wp-json\/wp\/v2\/product_cat?post=39177"},{"taxonomy":"product_tag","embeddable":true,"href":"https:\/\/staging.mc-shirt.de\/en\/wp-json\/wp\/v2\/product_tag?post=39177"}],"curies":[{"name":"wp","href":"https:\/\/api.w.org\/{rel}","templated":true}]}}