{"id":39176,"date":"2025-09-08T03:38:49","date_gmt":"2025-09-08T01:38:49","guid":{"rendered":"https:\/\/www.mc-shirt.de\/?post_type=product&#038;p=39176"},"modified":"2025-12-13T01:07:36","modified_gmt":"2025-12-13T00:07:36","slug":"auswahl-von-3-bunten-glaesern-blau-rot-gruen-inkl-persoenlicher-gravur","status":"publish","type":"product","link":"https:\/\/staging.mc-shirt.de\/en\/product\/auswahl-von-3-bunten-glaesern-blau-rot-gruen-inkl-persoenlicher-gravur\/","title":{"rendered":"Auswahl von 3 Bunten Gl\u00e4sern (Blau, Rot, Gr\u00fcn) inkl. pers\u00f6nlicher Gravur"},"content":{"rendered":"<p>Trinkglas aus Borosilikatglas mit Bambusdeckel<\/p>\n<p>Stilvolles Borosilikatglas mit Eiseffekt und Farbverlauf. Inklusive Bambusdeckel und passendem Strohhalm, perfekt f\u00fcr Getr\u00e4nke mit Stil, ideal auch f\u00fcr Unternehmen und Events.<\/p>\n<p>Material: Borosilikatglas, Bambus<br \/>\nFassungsverm\u00f6gen: 350\u202fml<br \/>\nMa\u00dfe: ca. 14\u202fcm x 7,5\u202fcm (Einheitsgr\u00f6\u00dfe)<\/p>\n<p>Hinweis zur Gravur: Gravuren erfolgen ohne Farbe. Auf Bambus erscheint die Gravur in der Regel dunkelbraun, abh\u00e4ngig von der nat\u00fcrlichen Struktur.<\/p>","protected":false},"excerpt":{"rendered":"<p>Trinkglas aus Borosilikatglas mit Bambusdeckel Stilvolles Borosilikatglas mit Eiseffekt und Farbverlauf. Inklusive Bambusdeckel und passendem Strohhalm, perfekt f\u00fcr Getr\u00e4nke mit Stil, ideal auch f\u00fcr Unternehmen und Events. Material: Borosilikatglas, Bambus Fassungsverm\u00f6gen: 350\u202fml Ma\u00dfe: ca. 14\u202fcm x 7,5\u202fcm (Einheitsgr\u00f6\u00dfe) Hinweis zur Gravur: Gravuren erfolgen ohne Farbe. Auf Bambus erscheint die Gravur in der Regel dunkelbraun, abh\u00e4ngig [&hellip;]<\/p>\n","protected":false},"featured_media":39162,"comment_status":"open","ping_status":"closed","template":"","meta":{"_acf_changed":false},"product_brand":[717],"product_cat":[595,784],"product_tag":[],"class_list":{"0":"post-39176","1":"product","2":"type-product","3":"status-publish","4":"has-post-thumbnail","6":"product_brand-stamina","7":"product_cat-accessoires","8":"product_cat-gravur","10":"first","11":"instock","12":"taxable","13":"shipping-taxable","14":"purchasable","15":"product-type-variable","16":"has-default-attributes"},"acf":[],"_links":{"self":[{"href":"https:\/\/staging.mc-shirt.de\/en\/wp-json\/wp\/v2\/product\/39176","targetHints":{"allow":["GET"]}}],"collection":[{"href":"https:\/\/staging.mc-shirt.de\/en\/wp-json\/wp\/v2\/product"}],"about":[{"href":"https:\/\/staging.mc-shirt.de\/en\/wp-json\/wp\/v2\/types\/product"}],"replies":[{"embeddable":true,"href":"https:\/\/staging.mc-shirt.de\/en\/wp-json\/wp\/v2\/comments?post=39176"}],"version-history":[{"count":0,"href":"https:\/\/staging.mc-shirt.de\/en\/wp-json\/wp\/v2\/product\/39176\/revisions"}],"wp:featuredmedia":[{"embeddable":true,"href":"https:\/\/staging.mc-shirt.de\/en\/wp-json\/wp\/v2\/media\/39162"}],"wp:attachment":[{"href":"https:\/\/staging.mc-shirt.de\/en\/wp-json\/wp\/v2\/media?parent=39176"}],"wp:term":[{"taxonomy":"product_brand","embeddable":true,"href":"https:\/\/staging.mc-shirt.de\/en\/wp-json\/wp\/v2\/product_brand?post=39176"},{"taxonomy":"product_cat","embeddable":true,"href":"https:\/\/staging.mc-shirt.de\/en\/wp-json\/wp\/v2\/product_cat?post=39176"},{"taxonomy":"product_tag","embeddable":true,"href":"https:\/\/staging.mc-shirt.de\/en\/wp-json\/wp\/v2\/product_tag?post=39176"}],"curies":[{"name":"wp","href":"https:\/\/api.w.org\/{rel}","templated":true}]}}