{"id":39114,"date":"2025-09-03T15:26:09","date_gmt":"2025-09-03T13:26:09","guid":{"rendered":"https:\/\/www.mc-shirt.de\/?post_type=product&#038;p=39114"},"modified":"2025-09-03T15:31:27","modified_gmt":"2025-09-03T13:31:27","slug":"thermoskanne-mit-digitalen-temperaturanzeige-inkl-persoenlicher-gravur","status":"publish","type":"product","link":"https:\/\/staging.mc-shirt.de\/en\/product\/thermoskanne-mit-digitalen-temperaturanzeige-inkl-persoenlicher-gravur\/","title":{"rendered":"Thermoskanne mit digitalen Temperaturanzeige inkl. pers\u00f6nlicher Gravur"},"content":{"rendered":"<p>Doppelwandige Thermoskanne aus Edelstahl mit Bambus &amp; Teesieb inkl. pers\u00f6nlicher Gravur<\/p>\n<p>Elegante, doppelwandige Thermoskanne aus hochwertigem 304-Edelstahl mit edlem Bambusdetail und integriertem Teesieb. Der Deckel ist mit einem digitalen Touch-Thermometer ausgestattet, das die aktuelle Temperatur des Getr\u00e4nks anzeigt. Mit 480 ml Fassungsverm\u00f6gen h\u00e4lt die Kanne Getr\u00e4nke lange hei\u00df oder kalt und ist perfekt f\u00fcr unterwegs, im B\u00fcro oder zu Hause.<\/p>\n<p>Material: Edelstahl (304), Bambus<br \/>\nFassungsverm\u00f6gen: 480 ml<br \/>\nMa\u00dfe: ca. 23,5 cm x 6,5 cm (Einheitsgr\u00f6\u00dfe)<br \/>\nBatterie: Knopfzelle im Lieferumfang enthalten<\/p>\n<p>Hinweis zur Gravur: Gravuren erfolgen ohne Farbe. Auf Bambus erscheint die Gravur in der Regel dunkelbraun, abh\u00e4ngig von der nat\u00fcrlichen Struktur.<\/p>","protected":false},"excerpt":{"rendered":"<p>Doppelwandige Thermoskanne aus Edelstahl mit Bambus &amp; Teesieb inkl. pers\u00f6nlicher Gravur Elegante, doppelwandige Thermoskanne aus hochwertigem 304-Edelstahl mit edlem Bambusdetail und integriertem Teesieb. Der Deckel ist mit einem digitalen Touch-Thermometer ausgestattet, das die aktuelle Temperatur des Getr\u00e4nks anzeigt. Mit 480 ml Fassungsverm\u00f6gen h\u00e4lt die Kanne Getr\u00e4nke lange hei\u00df oder kalt und ist perfekt f\u00fcr unterwegs, [&hellip;]<\/p>\n","protected":false},"featured_media":39116,"comment_status":"open","ping_status":"closed","template":"","meta":{"_acf_changed":false},"product_brand":[717],"product_cat":[595,784],"product_tag":[],"class_list":{"0":"post-39114","1":"product","2":"type-product","3":"status-publish","4":"has-post-thumbnail","6":"product_brand-stamina","7":"product_cat-accessoires","8":"product_cat-gravur","10":"first","11":"instock","12":"taxable","13":"shipping-taxable","14":"purchasable","15":"product-type-simple"},"acf":[],"_links":{"self":[{"href":"https:\/\/staging.mc-shirt.de\/en\/wp-json\/wp\/v2\/product\/39114","targetHints":{"allow":["GET"]}}],"collection":[{"href":"https:\/\/staging.mc-shirt.de\/en\/wp-json\/wp\/v2\/product"}],"about":[{"href":"https:\/\/staging.mc-shirt.de\/en\/wp-json\/wp\/v2\/types\/product"}],"replies":[{"embeddable":true,"href":"https:\/\/staging.mc-shirt.de\/en\/wp-json\/wp\/v2\/comments?post=39114"}],"version-history":[{"count":0,"href":"https:\/\/staging.mc-shirt.de\/en\/wp-json\/wp\/v2\/product\/39114\/revisions"}],"wp:featuredmedia":[{"embeddable":true,"href":"https:\/\/staging.mc-shirt.de\/en\/wp-json\/wp\/v2\/media\/39116"}],"wp:attachment":[{"href":"https:\/\/staging.mc-shirt.de\/en\/wp-json\/wp\/v2\/media?parent=39114"}],"wp:term":[{"taxonomy":"product_brand","embeddable":true,"href":"https:\/\/staging.mc-shirt.de\/en\/wp-json\/wp\/v2\/product_brand?post=39114"},{"taxonomy":"product_cat","embeddable":true,"href":"https:\/\/staging.mc-shirt.de\/en\/wp-json\/wp\/v2\/product_cat?post=39114"},{"taxonomy":"product_tag","embeddable":true,"href":"https:\/\/staging.mc-shirt.de\/en\/wp-json\/wp\/v2\/product_tag?post=39114"}],"curies":[{"name":"wp","href":"https:\/\/api.w.org\/{rel}","templated":true}]}}