{"id":39103,"date":"2025-09-03T15:03:33","date_gmt":"2025-09-03T13:03:33","guid":{"rendered":"https:\/\/www.mc-shirt.de\/?post_type=product&#038;p=39103"},"modified":"2025-09-03T15:22:52","modified_gmt":"2025-09-03T13:22:52","slug":"thermobecher-aus-edelstahl-schwarz-beige-inkl-persoenlicher-gravur","status":"publish","type":"product","link":"https:\/\/staging.mc-shirt.de\/en\/product\/thermobecher-aus-edelstahl-schwarz-beige-inkl-persoenlicher-gravur\/","title":{"rendered":"Thermobecher aus Edelstahl Schwarz &#038; Beige inkl. pers\u00f6nlicher Gravur"},"content":{"rendered":"<p>Doppelwandige, keramikbeschichtete Thermoskanne aus Edelstahl inkl. pers\u00f6nlicher Gravur<\/p>\n<p>Hochwertige, doppelwandige Thermoskanne aus 304-Edelstahl mit robuster Keramikbeschichtung f\u00fcr optimale W\u00e4rmespeicherung. Der Sicherheitsschraubdeckel sorgt f\u00fcr auslaufsicheren Transport, w\u00e4hrend der rutschfeste Boden f\u00fcr stabilen Stand sorgt. Mit 400 ml Fassungsverm\u00f6gen h\u00e4lt sie Getr\u00e4nke l\u00e4nger auf der gew\u00fcnschten Temperatur und ist ideal f\u00fcr Arbeit, Freizeit oder unterwegs.<\/p>\n<p>Material: Edelstahl (304) mit Keramikbeschichtung<br \/>\nFassungsverm\u00f6gen: 400 ml<br \/>\nMa\u00dfe: ca. 15 cm x 9 cm (Einheitsgr\u00f6\u00dfe)<\/p>\n<p>Hinweis zur Gravur: Gravuren erfolgen ohne Farbe. Auf Edelstahl erscheint die Gravur hellgrau bis silberfarben, abh\u00e4ngig von der Oberfl\u00e4chenstruktur.<\/p>","protected":false},"excerpt":{"rendered":"<p>Doppelwandige, keramikbeschichtete Thermoskanne aus Edelstahl inkl. pers\u00f6nlicher Gravur Hochwertige, doppelwandige Thermoskanne aus 304-Edelstahl mit robuster Keramikbeschichtung f\u00fcr optimale W\u00e4rmespeicherung. Der Sicherheitsschraubdeckel sorgt f\u00fcr auslaufsicheren Transport, w\u00e4hrend der rutschfeste Boden f\u00fcr stabilen Stand sorgt. Mit 400 ml Fassungsverm\u00f6gen h\u00e4lt sie Getr\u00e4nke l\u00e4nger auf der gew\u00fcnschten Temperatur und ist ideal f\u00fcr Arbeit, Freizeit oder unterwegs. Material: Edelstahl [&hellip;]<\/p>\n","protected":false},"featured_media":39110,"comment_status":"open","ping_status":"closed","template":"","meta":{"_acf_changed":false},"product_brand":[717],"product_cat":[595,784],"product_tag":[],"class_list":{"0":"post-39103","1":"product","2":"type-product","3":"status-publish","4":"has-post-thumbnail","6":"product_brand-stamina","7":"product_cat-accessoires","8":"product_cat-gravur","10":"first","11":"instock","12":"taxable","13":"shipping-taxable","14":"purchasable","15":"product-type-variable","16":"has-default-attributes"},"acf":[],"_links":{"self":[{"href":"https:\/\/staging.mc-shirt.de\/en\/wp-json\/wp\/v2\/product\/39103","targetHints":{"allow":["GET"]}}],"collection":[{"href":"https:\/\/staging.mc-shirt.de\/en\/wp-json\/wp\/v2\/product"}],"about":[{"href":"https:\/\/staging.mc-shirt.de\/en\/wp-json\/wp\/v2\/types\/product"}],"replies":[{"embeddable":true,"href":"https:\/\/staging.mc-shirt.de\/en\/wp-json\/wp\/v2\/comments?post=39103"}],"version-history":[{"count":0,"href":"https:\/\/staging.mc-shirt.de\/en\/wp-json\/wp\/v2\/product\/39103\/revisions"}],"wp:featuredmedia":[{"embeddable":true,"href":"https:\/\/staging.mc-shirt.de\/en\/wp-json\/wp\/v2\/media\/39110"}],"wp:attachment":[{"href":"https:\/\/staging.mc-shirt.de\/en\/wp-json\/wp\/v2\/media?parent=39103"}],"wp:term":[{"taxonomy":"product_brand","embeddable":true,"href":"https:\/\/staging.mc-shirt.de\/en\/wp-json\/wp\/v2\/product_brand?post=39103"},{"taxonomy":"product_cat","embeddable":true,"href":"https:\/\/staging.mc-shirt.de\/en\/wp-json\/wp\/v2\/product_cat?post=39103"},{"taxonomy":"product_tag","embeddable":true,"href":"https:\/\/staging.mc-shirt.de\/en\/wp-json\/wp\/v2\/product_tag?post=39103"}],"curies":[{"name":"wp","href":"https:\/\/api.w.org\/{rel}","templated":true}]}}