{"id":39084,"date":"2025-09-03T11:58:44","date_gmt":"2025-09-03T09:58:44","guid":{"rendered":"https:\/\/www.mc-shirt.de\/?post_type=product&#038;p=39084"},"modified":"2025-09-06T02:28:34","modified_gmt":"2025-09-06T00:28:34","slug":"doppelwandige-thermosflasche-aus-edelstahl-mit-bambusdetail-inkl-persoenlicher","status":"publish","type":"product","link":"https:\/\/staging.mc-shirt.de\/en\/product\/doppelwandige-thermosflasche-aus-edelstahl-mit-bambusdetail-inkl-persoenlicher\/","title":{"rendered":"Doppelwandige Thermosflasche aus Edelstahl mit Bambusdetail inkl. pers\u00f6nlicher"},"content":{"rendered":"<p>Doppelwandige Thermosflasche aus Edelstahl mit Bambusdetail inkl. pers\u00f6nlicher Gravur<\/p>\n<p>Thermosflasche mit Bambusdeckel \u2013 stilvoll und funktional<\/p>\n<p>Elegante, doppelwandige Thermosflasche aus hochwertigem 304-Edelstahl mit nat\u00fcrlichem Bambusdetail. Sie h\u00e4lt Getr\u00e4nke lange warm oder kalt und ist der perfekte Begleiter f\u00fcr B\u00fcro, Sport oder unterwegs. Der Deckel verf\u00fcgt \u00fcber eine Griffst\u00fctzenfunktion, die sich auch ideal als Smartphone-Halter nutzen l\u00e4sst.<\/p>\n<p>Material: Edelstahl (304), Bambus<br \/>\nFassungsverm\u00f6gen: 450\u202fml<br \/>\nMa\u00dfe: ca. 22\u202fcm x 7\u202fcm (Einheitsgr\u00f6\u00dfe)<br \/>\nEigenschaften: Nicht sp\u00fclmaschinengeeignet, Lieferung in Eco-Design-Box<\/p>\n<p>Hinweis zur Gravur: Gravuren erfolgen ohne Farbe. Auf Bambus erscheint die Gravur in der Regel dunkelbraun, abh\u00e4ngig von der nat\u00fcrlichen Struktur.<\/p>","protected":false},"excerpt":{"rendered":"<p>Doppelwandige Thermosflasche aus Edelstahl mit Bambusdetail inkl. pers\u00f6nlicher Gravur Thermosflasche mit Bambusdeckel \u2013 stilvoll und funktional Elegante, doppelwandige Thermosflasche aus hochwertigem 304-Edelstahl mit nat\u00fcrlichem Bambusdetail. Sie h\u00e4lt Getr\u00e4nke lange warm oder kalt und ist der perfekte Begleiter f\u00fcr B\u00fcro, Sport oder unterwegs. Der Deckel verf\u00fcgt \u00fcber eine Griffst\u00fctzenfunktion, die sich auch ideal als Smartphone-Halter nutzen [&hellip;]<\/p>\n","protected":false},"featured_media":39093,"comment_status":"open","ping_status":"closed","template":"","meta":{"_acf_changed":false},"product_brand":[717],"product_cat":[595,784],"product_tag":[],"class_list":{"0":"post-39084","1":"product","2":"type-product","3":"status-publish","4":"has-post-thumbnail","6":"product_brand-stamina","7":"product_cat-accessoires","8":"product_cat-gravur","10":"first","11":"instock","12":"taxable","13":"shipping-taxable","14":"purchasable","15":"product-type-simple"},"acf":[],"_links":{"self":[{"href":"https:\/\/staging.mc-shirt.de\/en\/wp-json\/wp\/v2\/product\/39084","targetHints":{"allow":["GET"]}}],"collection":[{"href":"https:\/\/staging.mc-shirt.de\/en\/wp-json\/wp\/v2\/product"}],"about":[{"href":"https:\/\/staging.mc-shirt.de\/en\/wp-json\/wp\/v2\/types\/product"}],"replies":[{"embeddable":true,"href":"https:\/\/staging.mc-shirt.de\/en\/wp-json\/wp\/v2\/comments?post=39084"}],"version-history":[{"count":0,"href":"https:\/\/staging.mc-shirt.de\/en\/wp-json\/wp\/v2\/product\/39084\/revisions"}],"wp:featuredmedia":[{"embeddable":true,"href":"https:\/\/staging.mc-shirt.de\/en\/wp-json\/wp\/v2\/media\/39093"}],"wp:attachment":[{"href":"https:\/\/staging.mc-shirt.de\/en\/wp-json\/wp\/v2\/media?parent=39084"}],"wp:term":[{"taxonomy":"product_brand","embeddable":true,"href":"https:\/\/staging.mc-shirt.de\/en\/wp-json\/wp\/v2\/product_brand?post=39084"},{"taxonomy":"product_cat","embeddable":true,"href":"https:\/\/staging.mc-shirt.de\/en\/wp-json\/wp\/v2\/product_cat?post=39084"},{"taxonomy":"product_tag","embeddable":true,"href":"https:\/\/staging.mc-shirt.de\/en\/wp-json\/wp\/v2\/product_tag?post=39084"}],"curies":[{"name":"wp","href":"https:\/\/api.w.org\/{rel}","templated":true}]}}