{"id":39083,"date":"2025-09-03T11:57:51","date_gmt":"2025-09-03T09:57:51","guid":{"rendered":"https:\/\/www.mc-shirt.de\/?post_type=product&#038;p=39083"},"modified":"2025-09-03T15:20:03","modified_gmt":"2025-09-03T13:20:03","slug":"doppelwandige-thermosflasche-aus-edelstahl-mit-bambus-inkl-persoenlicher-gravur","status":"publish","type":"product","link":"https:\/\/staging.mc-shirt.de\/en\/product\/doppelwandige-thermosflasche-aus-edelstahl-mit-bambus-inkl-persoenlicher-gravur\/","title":{"rendered":"Doppelwandige Thermosflasche aus Edelstahl mit Bambus inkl. pers\u00f6nlicher Gravur"},"content":{"rendered":"<p>Doppelwandige Thermosflasche aus Edelstahl mit Bambus inkl. pers\u00f6nlicher Gravur<\/p>\n<p>Thermosflasche mit Bambus \u2013 elegant &amp; funktional<\/p>\n<p>Hochwertige, doppelwandige Thermosflasche aus 304-Edelstahl mit edlem Bambusdetail und praktischem Trageriemen. H\u00e4lt Getr\u00e4nke bis zu 6 Stunden hei\u00df und 15 Stunden kalt. Dank Anti-Tropf-Funktion ideal f\u00fcr unterwegs, im B\u00fcro oder beim Sport. Das elegante Design kombiniert Nachhaltigkeit mit Funktionalit\u00e4t. Nicht sp\u00fclmaschinengeeignet.<\/p>\n<p>Material: Edelstahl (304), Bambus<br \/>\nFassungsverm\u00f6gen: 420 ml<br \/>\nMa\u00dfe: ca. 25,5 cm x 6 cm (Einheitsgr\u00f6\u00dfe)<br \/>\nEigenschaften: Doppelwandig, 6 h hei\u00df \/ 15 h kalt, Anti-Tropf, inkl. Trageriemen<\/p>\n<p>Hinweis zur Gravur: Gravuren erfolgen ohne Farbe. Auf Bambus erscheint die Gravur in der Regel dunkelbraun, abh\u00e4ngig von der nat\u00fcrlichen Struktur.<\/p>","protected":false},"excerpt":{"rendered":"<p>Doppelwandige Thermosflasche aus Edelstahl mit Bambus inkl. pers\u00f6nlicher Gravur Thermosflasche mit Bambus \u2013 elegant &amp; funktional Hochwertige, doppelwandige Thermosflasche aus 304-Edelstahl mit edlem Bambusdetail und praktischem Trageriemen. H\u00e4lt Getr\u00e4nke bis zu 6 Stunden hei\u00df und 15 Stunden kalt. Dank Anti-Tropf-Funktion ideal f\u00fcr unterwegs, im B\u00fcro oder beim Sport. Das elegante Design kombiniert Nachhaltigkeit mit Funktionalit\u00e4t. [&hellip;]<\/p>\n","protected":false},"featured_media":39089,"comment_status":"open","ping_status":"closed","template":"","meta":{"_acf_changed":false},"product_brand":[717],"product_cat":[595,784],"product_tag":[],"class_list":{"0":"post-39083","1":"product","2":"type-product","3":"status-publish","4":"has-post-thumbnail","6":"product_brand-stamina","7":"product_cat-accessoires","8":"product_cat-gravur","10":"first","11":"instock","12":"taxable","13":"shipping-taxable","14":"purchasable","15":"product-type-simple"},"acf":[],"_links":{"self":[{"href":"https:\/\/staging.mc-shirt.de\/en\/wp-json\/wp\/v2\/product\/39083","targetHints":{"allow":["GET"]}}],"collection":[{"href":"https:\/\/staging.mc-shirt.de\/en\/wp-json\/wp\/v2\/product"}],"about":[{"href":"https:\/\/staging.mc-shirt.de\/en\/wp-json\/wp\/v2\/types\/product"}],"replies":[{"embeddable":true,"href":"https:\/\/staging.mc-shirt.de\/en\/wp-json\/wp\/v2\/comments?post=39083"}],"version-history":[{"count":0,"href":"https:\/\/staging.mc-shirt.de\/en\/wp-json\/wp\/v2\/product\/39083\/revisions"}],"wp:featuredmedia":[{"embeddable":true,"href":"https:\/\/staging.mc-shirt.de\/en\/wp-json\/wp\/v2\/media\/39089"}],"wp:attachment":[{"href":"https:\/\/staging.mc-shirt.de\/en\/wp-json\/wp\/v2\/media?parent=39083"}],"wp:term":[{"taxonomy":"product_brand","embeddable":true,"href":"https:\/\/staging.mc-shirt.de\/en\/wp-json\/wp\/v2\/product_brand?post=39083"},{"taxonomy":"product_cat","embeddable":true,"href":"https:\/\/staging.mc-shirt.de\/en\/wp-json\/wp\/v2\/product_cat?post=39083"},{"taxonomy":"product_tag","embeddable":true,"href":"https:\/\/staging.mc-shirt.de\/en\/wp-json\/wp\/v2\/product_tag?post=39083"}],"curies":[{"name":"wp","href":"https:\/\/api.w.org\/{rel}","templated":true}]}}