{"id":39081,"date":"2025-09-03T02:40:45","date_gmt":"2025-09-03T00:40:45","guid":{"rendered":"https:\/\/www.mc-shirt.de\/?post_type=product&#038;p=39081"},"modified":"2025-09-03T02:40:45","modified_gmt":"2025-09-03T00:40:45","slug":"schneidebrett-aus-bambus-und-marmor-inkl-persoenlicher-gravur","status":"publish","type":"product","link":"https:\/\/staging.mc-shirt.de\/en\/product\/schneidebrett-aus-bambus-und-marmor-inkl-persoenlicher-gravur\/","title":{"rendered":"Schneidebrett aus Bambus und Marmor inkl. pers\u00f6nlicher Gravur"},"content":{"rendered":"<p>Schneidebrett aus Bambus &amp; Marmor inkl. pers\u00f6nlicher Gravur<\/p>\n<p>Hochwertiges Schneidebrett aus nat\u00fcrlichem Bambus kombiniert mit edlem Marmor. Der integrierte Trageriemen aus Kunstleder erm\u00f6glicht ein einfaches Aufh\u00e4ngen. Durch die Verbindung von warmem Bambus und k\u00fchlem Marmor wird das Brett zu einem stilvollen und funktionalen K\u00fcchenaccessoire, das sich sowohl zum Schneiden als auch zum Servieren eignet.<\/p>\n<p>Material: Bambus, Marmor, Kunstleder (Riemen)<br \/>\nMa\u00dfe: ca. 30 cm x 15 cm x 1,2 cm<\/p>\n<p>Hinweis zur Gravur: Gravuren erfolgen ohne Farbe. Auf Bambus erscheint die Gravur in der Regel dunkelbraun, abh\u00e4ngig von der nat\u00fcrlichen Struktur.<\/p>","protected":false},"excerpt":{"rendered":"<p>Schneidebrett aus Bambus &amp; Marmor inkl. pers\u00f6nlicher Gravur Hochwertiges Schneidebrett aus nat\u00fcrlichem Bambus kombiniert mit edlem Marmor. Der integrierte Trageriemen aus Kunstleder erm\u00f6glicht ein einfaches Aufh\u00e4ngen. Durch die Verbindung von warmem Bambus und k\u00fchlem Marmor wird das Brett zu einem stilvollen und funktionalen K\u00fcchenaccessoire, das sich sowohl zum Schneiden als auch zum Servieren eignet. Material: [&hellip;]<\/p>\n","protected":false},"featured_media":39068,"comment_status":"open","ping_status":"closed","template":"","meta":{"_acf_changed":false},"product_brand":[717],"product_cat":[595,784],"product_tag":[],"class_list":{"0":"post-39081","1":"product","2":"type-product","3":"status-publish","4":"has-post-thumbnail","6":"product_brand-stamina","7":"product_cat-accessoires","8":"product_cat-gravur","10":"first","11":"instock","12":"taxable","13":"shipping-taxable","14":"purchasable","15":"product-type-simple"},"acf":[],"_links":{"self":[{"href":"https:\/\/staging.mc-shirt.de\/en\/wp-json\/wp\/v2\/product\/39081","targetHints":{"allow":["GET"]}}],"collection":[{"href":"https:\/\/staging.mc-shirt.de\/en\/wp-json\/wp\/v2\/product"}],"about":[{"href":"https:\/\/staging.mc-shirt.de\/en\/wp-json\/wp\/v2\/types\/product"}],"replies":[{"embeddable":true,"href":"https:\/\/staging.mc-shirt.de\/en\/wp-json\/wp\/v2\/comments?post=39081"}],"version-history":[{"count":0,"href":"https:\/\/staging.mc-shirt.de\/en\/wp-json\/wp\/v2\/product\/39081\/revisions"}],"wp:featuredmedia":[{"embeddable":true,"href":"https:\/\/staging.mc-shirt.de\/en\/wp-json\/wp\/v2\/media\/39068"}],"wp:attachment":[{"href":"https:\/\/staging.mc-shirt.de\/en\/wp-json\/wp\/v2\/media?parent=39081"}],"wp:term":[{"taxonomy":"product_brand","embeddable":true,"href":"https:\/\/staging.mc-shirt.de\/en\/wp-json\/wp\/v2\/product_brand?post=39081"},{"taxonomy":"product_cat","embeddable":true,"href":"https:\/\/staging.mc-shirt.de\/en\/wp-json\/wp\/v2\/product_cat?post=39081"},{"taxonomy":"product_tag","embeddable":true,"href":"https:\/\/staging.mc-shirt.de\/en\/wp-json\/wp\/v2\/product_tag?post=39081"}],"curies":[{"name":"wp","href":"https:\/\/api.w.org\/{rel}","templated":true}]}}