{"id":39077,"date":"2025-09-03T02:30:11","date_gmt":"2025-09-03T00:30:11","guid":{"rendered":"https:\/\/www.mc-shirt.de\/?post_type=product&#038;p=39077"},"modified":"2025-09-03T02:30:11","modified_gmt":"2025-09-03T00:30:11","slug":"schneidebrett-aus-bambus-inkl-persoenlicher-gravur","status":"publish","type":"product","link":"https:\/\/staging.mc-shirt.de\/en\/product\/schneidebrett-aus-bambus-inkl-persoenlicher-gravur\/","title":{"rendered":"Schneidebrett aus Bambus inkl. pers\u00f6nlicher Gravur"},"content":{"rendered":"<p>Schneidebrett aus Bambus mit Saftrand<\/p>\n<p>Rechteckiges Schneidebrett aus naturbelassenem Bambus. Mit praktischem Saftrand, der Fl\u00fcssigkeiten auff\u00e4ngt, ideal f\u00fcr den t\u00e4glichen Gebrauch in der K\u00fcche.<\/p>\n<p>Material: Bambus<br \/>\nMa\u00dfe: ca. 30\u202fcm x 20\u202fcm x 1,2\u202fcm (Einheitsgr\u00f6\u00dfe)<\/p>\n<p>Hinweis zur Gravur: Gravuren erfolgen ohne Farbe. Auf Bambus erscheint die Gravur meist dunkelbraun, abh\u00e4ngig von der Maserung des Holzes.<\/p>","protected":false},"excerpt":{"rendered":"<p>Schneidebrett aus Bambus mit Saftrand Rechteckiges Schneidebrett aus naturbelassenem Bambus. Mit praktischem Saftrand, der Fl\u00fcssigkeiten auff\u00e4ngt, ideal f\u00fcr den t\u00e4glichen Gebrauch in der K\u00fcche. Material: Bambus Ma\u00dfe: ca. 30\u202fcm x 20\u202fcm x 1,2\u202fcm (Einheitsgr\u00f6\u00dfe) Hinweis zur Gravur: Gravuren erfolgen ohne Farbe. Auf Bambus erscheint die Gravur meist dunkelbraun, abh\u00e4ngig von der Maserung des Holzes.<\/p>","protected":false},"featured_media":39064,"comment_status":"open","ping_status":"closed","template":"","meta":{"_acf_changed":false},"product_brand":[717],"product_cat":[595,784],"product_tag":[],"class_list":{"0":"post-39077","1":"product","2":"type-product","3":"status-publish","4":"has-post-thumbnail","6":"product_brand-stamina","7":"product_cat-accessoires","8":"product_cat-gravur","10":"first","11":"instock","12":"taxable","13":"shipping-taxable","14":"purchasable","15":"product-type-simple"},"acf":[],"_links":{"self":[{"href":"https:\/\/staging.mc-shirt.de\/en\/wp-json\/wp\/v2\/product\/39077","targetHints":{"allow":["GET"]}}],"collection":[{"href":"https:\/\/staging.mc-shirt.de\/en\/wp-json\/wp\/v2\/product"}],"about":[{"href":"https:\/\/staging.mc-shirt.de\/en\/wp-json\/wp\/v2\/types\/product"}],"replies":[{"embeddable":true,"href":"https:\/\/staging.mc-shirt.de\/en\/wp-json\/wp\/v2\/comments?post=39077"}],"version-history":[{"count":0,"href":"https:\/\/staging.mc-shirt.de\/en\/wp-json\/wp\/v2\/product\/39077\/revisions"}],"wp:featuredmedia":[{"embeddable":true,"href":"https:\/\/staging.mc-shirt.de\/en\/wp-json\/wp\/v2\/media\/39064"}],"wp:attachment":[{"href":"https:\/\/staging.mc-shirt.de\/en\/wp-json\/wp\/v2\/media?parent=39077"}],"wp:term":[{"taxonomy":"product_brand","embeddable":true,"href":"https:\/\/staging.mc-shirt.de\/en\/wp-json\/wp\/v2\/product_brand?post=39077"},{"taxonomy":"product_cat","embeddable":true,"href":"https:\/\/staging.mc-shirt.de\/en\/wp-json\/wp\/v2\/product_cat?post=39077"},{"taxonomy":"product_tag","embeddable":true,"href":"https:\/\/staging.mc-shirt.de\/en\/wp-json\/wp\/v2\/product_tag?post=39077"}],"curies":[{"name":"wp","href":"https:\/\/api.w.org\/{rel}","templated":true}]}}