{"id":39075,"date":"2025-09-03T02:25:42","date_gmt":"2025-09-03T00:25:42","guid":{"rendered":"https:\/\/www.mc-shirt.de\/?post_type=product&#038;p=39075"},"modified":"2025-09-03T02:25:42","modified_gmt":"2025-09-03T00:25:42","slug":"natuerliches-bambus-schneidebrett-inkl-persoenlicher-gravur","status":"publish","type":"product","link":"https:\/\/staging.mc-shirt.de\/en\/product\/natuerliches-bambus-schneidebrett-inkl-persoenlicher-gravur\/","title":{"rendered":"Nat\u00fcrliches Bambus-Schneidebrett inkl. pers\u00f6nlicher Gravur"},"content":{"rendered":"<p>Schneidebrett aus Naturbambus<\/p>\n<p>Kompaktes Schneidebrett aus nat\u00fcrlichem Bambus. Mit Aufh\u00e4nge\u00f6ffnung und handlicher Form, ideal f\u00fcr den t\u00e4glichen oder gelegentlichen Einsatz.<\/p>\n<p>Material: Naturbambus<br \/>\nMa\u00dfe: ca. 20\u202fcm x 15,3\u202fcm x 1\u202fcm (Einheitsgr\u00f6\u00dfe)<\/p>\n<p>Hinweis: Gravuren erfolgen ohne Farbe. Auf Bambus wirkt die Gravur in der Regel dunkelbraun bis schwarz, abh\u00e4ngig von der Maserung des Holzes.<\/p>","protected":false},"excerpt":{"rendered":"<p>Schneidebrett aus Naturbambus Kompaktes Schneidebrett aus nat\u00fcrlichem Bambus. Mit Aufh\u00e4nge\u00f6ffnung und handlicher Form, ideal f\u00fcr den t\u00e4glichen oder gelegentlichen Einsatz. Material: Naturbambus Ma\u00dfe: ca. 20\u202fcm x 15,3\u202fcm x 1\u202fcm (Einheitsgr\u00f6\u00dfe) Hinweis: Gravuren erfolgen ohne Farbe. Auf Bambus wirkt die Gravur in der Regel dunkelbraun bis schwarz, abh\u00e4ngig von der Maserung des Holzes.<\/p>","protected":false},"featured_media":39063,"comment_status":"open","ping_status":"closed","template":"","meta":{"_acf_changed":false},"product_brand":[717],"product_cat":[595,784],"product_tag":[],"class_list":{"0":"post-39075","1":"product","2":"type-product","3":"status-publish","4":"has-post-thumbnail","6":"product_brand-stamina","7":"product_cat-accessoires","8":"product_cat-gravur","10":"first","11":"instock","12":"taxable","13":"shipping-taxable","14":"purchasable","15":"product-type-simple"},"acf":[],"_links":{"self":[{"href":"https:\/\/staging.mc-shirt.de\/en\/wp-json\/wp\/v2\/product\/39075","targetHints":{"allow":["GET"]}}],"collection":[{"href":"https:\/\/staging.mc-shirt.de\/en\/wp-json\/wp\/v2\/product"}],"about":[{"href":"https:\/\/staging.mc-shirt.de\/en\/wp-json\/wp\/v2\/types\/product"}],"replies":[{"embeddable":true,"href":"https:\/\/staging.mc-shirt.de\/en\/wp-json\/wp\/v2\/comments?post=39075"}],"version-history":[{"count":0,"href":"https:\/\/staging.mc-shirt.de\/en\/wp-json\/wp\/v2\/product\/39075\/revisions"}],"wp:featuredmedia":[{"embeddable":true,"href":"https:\/\/staging.mc-shirt.de\/en\/wp-json\/wp\/v2\/media\/39063"}],"wp:attachment":[{"href":"https:\/\/staging.mc-shirt.de\/en\/wp-json\/wp\/v2\/media?parent=39075"}],"wp:term":[{"taxonomy":"product_brand","embeddable":true,"href":"https:\/\/staging.mc-shirt.de\/en\/wp-json\/wp\/v2\/product_brand?post=39075"},{"taxonomy":"product_cat","embeddable":true,"href":"https:\/\/staging.mc-shirt.de\/en\/wp-json\/wp\/v2\/product_cat?post=39075"},{"taxonomy":"product_tag","embeddable":true,"href":"https:\/\/staging.mc-shirt.de\/en\/wp-json\/wp\/v2\/product_tag?post=39075"}],"curies":[{"name":"wp","href":"https:\/\/api.w.org\/{rel}","templated":true}]}}