{"id":39073,"date":"2025-09-03T02:21:01","date_gmt":"2025-09-03T00:21:01","guid":{"rendered":"https:\/\/www.mc-shirt.de\/?post_type=product&#038;p=39073"},"modified":"2025-09-03T02:21:01","modified_gmt":"2025-09-03T00:21:01","slug":"schneidebrett-aus-holz-inkl-persoenlicher-gravur","status":"publish","type":"product","link":"https:\/\/staging.mc-shirt.de\/en\/product\/schneidebrett-aus-holz-inkl-persoenlicher-gravur\/","title":{"rendered":"Schneidebrett aus Holz inkl. pers\u00f6nlicher Gravur"},"content":{"rendered":"<p>Schneidebrett aus Holz mit Griff inkl. pers\u00f6nlicher Gravur<\/p>\n<p>Praktisches Schneidebrett aus Holz mit Griff f\u00fcr eine komfortable Handhabung und Schnur zum einfachen Aufh\u00e4ngen. Ideal f\u00fcr den t\u00e4glichen Einsatz in der K\u00fcche \u2013 ob zum Schneiden, Hacken oder Servieren. Das zeitlose Design passt in jede K\u00fccheneinrichtung und eignet sich auch hervorragend als personalisiertes Geschenk.<\/p>\n<p>Material: Holz<br \/>\nMa\u00dfe: ca. 40 cm x 13,5 cm x 1 cm<\/p>\n<p>Hinweis zur Gravur: Gravuren erfolgen ohne Farbe. Auf Holz erscheint die Gravur in der Regel mittel- bis dunkelbraun, abh\u00e4ngig von der Maserung.<\/p>","protected":false},"excerpt":{"rendered":"<p>Schneidebrett aus Holz mit Griff inkl. pers\u00f6nlicher Gravur Praktisches Schneidebrett aus Holz mit Griff f\u00fcr eine komfortable Handhabung und Schnur zum einfachen Aufh\u00e4ngen. Ideal f\u00fcr den t\u00e4glichen Einsatz in der K\u00fcche \u2013 ob zum Schneiden, Hacken oder Servieren. Das zeitlose Design passt in jede K\u00fccheneinrichtung und eignet sich auch hervorragend als personalisiertes Geschenk. Material: Holz [&hellip;]<\/p>\n","protected":false},"featured_media":39060,"comment_status":"open","ping_status":"closed","template":"","meta":{"_acf_changed":false},"product_brand":[717],"product_cat":[595,784],"product_tag":[],"class_list":{"0":"post-39073","1":"product","2":"type-product","3":"status-publish","4":"has-post-thumbnail","6":"product_brand-stamina","7":"product_cat-accessoires","8":"product_cat-gravur","10":"first","11":"instock","12":"taxable","13":"shipping-taxable","14":"purchasable","15":"product-type-simple"},"acf":[],"_links":{"self":[{"href":"https:\/\/staging.mc-shirt.de\/en\/wp-json\/wp\/v2\/product\/39073","targetHints":{"allow":["GET"]}}],"collection":[{"href":"https:\/\/staging.mc-shirt.de\/en\/wp-json\/wp\/v2\/product"}],"about":[{"href":"https:\/\/staging.mc-shirt.de\/en\/wp-json\/wp\/v2\/types\/product"}],"replies":[{"embeddable":true,"href":"https:\/\/staging.mc-shirt.de\/en\/wp-json\/wp\/v2\/comments?post=39073"}],"version-history":[{"count":0,"href":"https:\/\/staging.mc-shirt.de\/en\/wp-json\/wp\/v2\/product\/39073\/revisions"}],"wp:featuredmedia":[{"embeddable":true,"href":"https:\/\/staging.mc-shirt.de\/en\/wp-json\/wp\/v2\/media\/39060"}],"wp:attachment":[{"href":"https:\/\/staging.mc-shirt.de\/en\/wp-json\/wp\/v2\/media?parent=39073"}],"wp:term":[{"taxonomy":"product_brand","embeddable":true,"href":"https:\/\/staging.mc-shirt.de\/en\/wp-json\/wp\/v2\/product_brand?post=39073"},{"taxonomy":"product_cat","embeddable":true,"href":"https:\/\/staging.mc-shirt.de\/en\/wp-json\/wp\/v2\/product_cat?post=39073"},{"taxonomy":"product_tag","embeddable":true,"href":"https:\/\/staging.mc-shirt.de\/en\/wp-json\/wp\/v2\/product_tag?post=39073"}],"curies":[{"name":"wp","href":"https:\/\/api.w.org\/{rel}","templated":true}]}}