{"id":39019,"date":"2025-08-25T23:12:14","date_gmt":"2025-08-25T21:12:14","guid":{"rendered":"https:\/\/www.mc-shirt.de\/?post_type=product&#038;p=39019"},"modified":"2025-09-10T04:43:00","modified_gmt":"2025-09-10T02:43:00","slug":"vanille-duftkerze-mit-bambusdeckel-inkl-persoenlicher-gravur","status":"publish","type":"product","link":"https:\/\/staging.mc-shirt.de\/en\/product\/vanille-duftkerze-mit-bambusdeckel-inkl-persoenlicher-gravur\/","title":{"rendered":"Vanille-Duftkerze mit Bambusdeckel inkl. pers\u00f6nlicher Gravur"},"content":{"rendered":"<p>Duftkerze im quadratischen Glas mit Bambusdeckel<\/p>\n<p>Elegante Duftkerze in einer quadratischen Glasschale mit nat\u00fcrlichem Bambusdeckel. Der s\u00fc\u00dfe Vanilleduft sorgt f\u00fcr eine entspannte, einladende Atmosph\u00e4re.<\/p>\n<p>Material: Glas und Bambus<br \/>\nMa\u00dfe: ca. 5\u202fcm x 5\u202fcm x 5\u202fcm (Einheitsgr\u00f6\u00dfe)<br \/>\nWachsfarbe: Naturwachs (Farbton kann leicht variieren)<\/p>\n<p>Hinweis zur Gravur: Gravuren erfolgen ohne Farbe. Auf Bambus zeigt sich die Gravur in der Regel dunkelbraun, abh\u00e4ngig von der Holzstruktur.<\/p>","protected":false},"excerpt":{"rendered":"<p>Duftkerze im quadratischen Glas mit Bambusdeckel Elegante Duftkerze in einer quadratischen Glasschale mit nat\u00fcrlichem Bambusdeckel. Der s\u00fc\u00dfe Vanilleduft sorgt f\u00fcr eine entspannte, einladende Atmosph\u00e4re. Material: Glas und Bambus Ma\u00dfe: ca. 5\u202fcm x 5\u202fcm x 5\u202fcm (Einheitsgr\u00f6\u00dfe) Wachsfarbe: Naturwachs (Farbton kann leicht variieren) Hinweis zur Gravur: Gravuren erfolgen ohne Farbe. Auf Bambus zeigt sich die Gravur [&hellip;]<\/p>\n","protected":false},"featured_media":39015,"comment_status":"open","ping_status":"closed","template":"","meta":{"_acf_changed":false},"product_brand":[717],"product_cat":[784],"product_tag":[],"class_list":{"0":"post-39019","1":"product","2":"type-product","3":"status-publish","4":"has-post-thumbnail","6":"product_brand-stamina","7":"product_cat-gravur","9":"first","10":"instock","11":"taxable","12":"shipping-taxable","13":"purchasable","14":"product-type-simple"},"acf":[],"_links":{"self":[{"href":"https:\/\/staging.mc-shirt.de\/en\/wp-json\/wp\/v2\/product\/39019","targetHints":{"allow":["GET"]}}],"collection":[{"href":"https:\/\/staging.mc-shirt.de\/en\/wp-json\/wp\/v2\/product"}],"about":[{"href":"https:\/\/staging.mc-shirt.de\/en\/wp-json\/wp\/v2\/types\/product"}],"replies":[{"embeddable":true,"href":"https:\/\/staging.mc-shirt.de\/en\/wp-json\/wp\/v2\/comments?post=39019"}],"version-history":[{"count":0,"href":"https:\/\/staging.mc-shirt.de\/en\/wp-json\/wp\/v2\/product\/39019\/revisions"}],"wp:featuredmedia":[{"embeddable":true,"href":"https:\/\/staging.mc-shirt.de\/en\/wp-json\/wp\/v2\/media\/39015"}],"wp:attachment":[{"href":"https:\/\/staging.mc-shirt.de\/en\/wp-json\/wp\/v2\/media?parent=39019"}],"wp:term":[{"taxonomy":"product_brand","embeddable":true,"href":"https:\/\/staging.mc-shirt.de\/en\/wp-json\/wp\/v2\/product_brand?post=39019"},{"taxonomy":"product_cat","embeddable":true,"href":"https:\/\/staging.mc-shirt.de\/en\/wp-json\/wp\/v2\/product_cat?post=39019"},{"taxonomy":"product_tag","embeddable":true,"href":"https:\/\/staging.mc-shirt.de\/en\/wp-json\/wp\/v2\/product_tag?post=39019"}],"curies":[{"name":"wp","href":"https:\/\/api.w.org\/{rel}","templated":true}]}}