{"id":39018,"date":"2025-08-25T23:10:45","date_gmt":"2025-08-25T21:10:45","guid":{"rendered":"https:\/\/www.mc-shirt.de\/?post_type=product&#038;p=39018"},"modified":"2025-08-25T23:10:45","modified_gmt":"2025-08-25T21:10:45","slug":"duftkerze-mit-bambusdeckel-inkl-persoenlicher-gravur","status":"publish","type":"product","link":"https:\/\/staging.mc-shirt.de\/en\/product\/duftkerze-mit-bambusdeckel-inkl-persoenlicher-gravur\/","title":{"rendered":"Duftkerze mit Bambusdeckel inkl. pers\u00f6nlicher Gravur"},"content":{"rendered":"<p>Duftkerze im Glas mit Bambusdeckel<\/p>\n<p>Duftkerze im transparenten Glas mit naturbelassenem Bambusdeckel. Angenehmer Vanilleduft und \u00f6kologische Verpackung, stilvoll und nachhaltig.<\/p>\n<p>Material: Glas und Bambus<br \/>\nMa\u00dfe: ca. 8,8\u202fcm x 7\u202fcm (Einheitsgr\u00f6\u00dfe)<br \/>\nWachsfarbe: Nat\u00fcrliches Wachs mit leicht variierendem Farbton (beige bis cremefarben), da naturbelassen.<\/p>\n<p>Gravurhinweis: Gravuren erfolgen ohne Farbe. Auf Bambus erscheint die Gravur meist dunkelbraun, je nach Maserung.<\/p>","protected":false},"excerpt":{"rendered":"<p>Duftkerze im Glas mit Bambusdeckel Duftkerze im transparenten Glas mit naturbelassenem Bambusdeckel. Angenehmer Vanilleduft und \u00f6kologische Verpackung, stilvoll und nachhaltig. Material: Glas und Bambus Ma\u00dfe: ca. 8,8\u202fcm x 7\u202fcm (Einheitsgr\u00f6\u00dfe) Wachsfarbe: Nat\u00fcrliches Wachs mit leicht variierendem Farbton (beige bis cremefarben), da naturbelassen. Gravurhinweis: Gravuren erfolgen ohne Farbe. Auf Bambus erscheint die Gravur meist dunkelbraun, je [&hellip;]<\/p>\n","protected":false},"featured_media":39014,"comment_status":"open","ping_status":"closed","template":"","meta":{"_acf_changed":false},"product_brand":[717],"product_cat":[784],"product_tag":[],"class_list":{"0":"post-39018","1":"product","2":"type-product","3":"status-publish","4":"has-post-thumbnail","6":"product_brand-stamina","7":"product_cat-gravur","9":"first","10":"instock","11":"taxable","12":"shipping-taxable","13":"purchasable","14":"product-type-simple"},"acf":[],"_links":{"self":[{"href":"https:\/\/staging.mc-shirt.de\/en\/wp-json\/wp\/v2\/product\/39018","targetHints":{"allow":["GET"]}}],"collection":[{"href":"https:\/\/staging.mc-shirt.de\/en\/wp-json\/wp\/v2\/product"}],"about":[{"href":"https:\/\/staging.mc-shirt.de\/en\/wp-json\/wp\/v2\/types\/product"}],"replies":[{"embeddable":true,"href":"https:\/\/staging.mc-shirt.de\/en\/wp-json\/wp\/v2\/comments?post=39018"}],"version-history":[{"count":0,"href":"https:\/\/staging.mc-shirt.de\/en\/wp-json\/wp\/v2\/product\/39018\/revisions"}],"wp:featuredmedia":[{"embeddable":true,"href":"https:\/\/staging.mc-shirt.de\/en\/wp-json\/wp\/v2\/media\/39014"}],"wp:attachment":[{"href":"https:\/\/staging.mc-shirt.de\/en\/wp-json\/wp\/v2\/media?parent=39018"}],"wp:term":[{"taxonomy":"product_brand","embeddable":true,"href":"https:\/\/staging.mc-shirt.de\/en\/wp-json\/wp\/v2\/product_brand?post=39018"},{"taxonomy":"product_cat","embeddable":true,"href":"https:\/\/staging.mc-shirt.de\/en\/wp-json\/wp\/v2\/product_cat?post=39018"},{"taxonomy":"product_tag","embeddable":true,"href":"https:\/\/staging.mc-shirt.de\/en\/wp-json\/wp\/v2\/product_tag?post=39018"}],"curies":[{"name":"wp","href":"https:\/\/api.w.org\/{rel}","templated":true}]}}