{"id":39010,"date":"2025-08-25T18:46:15","date_gmt":"2025-08-25T16:46:15","guid":{"rendered":"https:\/\/www.mc-shirt.de\/?post_type=product&#038;p=39010"},"modified":"2025-08-25T18:46:16","modified_gmt":"2025-08-25T16:46:16","slug":"4er-untersetzer-set-aus-kiefernholz-inkl-persoenlicher-gravur","status":"publish","type":"product","link":"https:\/\/staging.mc-shirt.de\/en\/product\/4er-untersetzer-set-aus-kiefernholz-inkl-persoenlicher-gravur\/","title":{"rendered":"4er-Untersetzer-Set aus Kiefernholz inkl. pers\u00f6nlicher Gravur"},"content":{"rendered":"<p>4er-Untersetzer-Set aus Kiefernholz inkl. pers\u00f6nlicher Gravur<\/p>\n<p>Set aus vier runden Untersetzern aus unbehandeltem Kiefernholz. Sie verleihen jedem Tisch eine warme, nat\u00fcrliche Note und sch\u00fctzen Oberfl\u00e4chen zuverl\u00e4ssig vor Kratzern und Feuchtigkeit. Ideal f\u00fcr den t\u00e4glichen Gebrauch oder als individuelles Geschenk.<\/p>\n<p>Material: Nat\u00fcrliches Kiefernholz<br \/>\nMa\u00dfe: ca. 10 cm Durchmesser x 0,45 cm Dicke<\/p>\n<p>Hinweis zur Gravur: Gravuren erfolgen ohne Farbe. Auf Kiefernholz erscheint die Gravur in der Regel mittel- bis dunkelbraun, abh\u00e4ngig von der Maserung.<\/p>","protected":false},"excerpt":{"rendered":"<p>4er-Untersetzer-Set aus Kiefernholz inkl. pers\u00f6nlicher Gravur Set aus vier runden Untersetzern aus unbehandeltem Kiefernholz. Sie verleihen jedem Tisch eine warme, nat\u00fcrliche Note und sch\u00fctzen Oberfl\u00e4chen zuverl\u00e4ssig vor Kratzern und Feuchtigkeit. Ideal f\u00fcr den t\u00e4glichen Gebrauch oder als individuelles Geschenk. Material: Nat\u00fcrliches Kiefernholz Ma\u00dfe: ca. 10 cm Durchmesser x 0,45 cm Dicke Hinweis zur Gravur: Gravuren [&hellip;]<\/p>\n","protected":false},"featured_media":39007,"comment_status":"open","ping_status":"closed","template":"","meta":{"_acf_changed":false},"product_brand":[717],"product_cat":[595,784],"product_tag":[],"class_list":{"0":"post-39010","1":"product","2":"type-product","3":"status-publish","4":"has-post-thumbnail","6":"product_brand-stamina","7":"product_cat-accessoires","8":"product_cat-gravur","10":"first","11":"instock","12":"taxable","13":"shipping-taxable","14":"purchasable","15":"product-type-simple"},"acf":[],"_links":{"self":[{"href":"https:\/\/staging.mc-shirt.de\/en\/wp-json\/wp\/v2\/product\/39010","targetHints":{"allow":["GET"]}}],"collection":[{"href":"https:\/\/staging.mc-shirt.de\/en\/wp-json\/wp\/v2\/product"}],"about":[{"href":"https:\/\/staging.mc-shirt.de\/en\/wp-json\/wp\/v2\/types\/product"}],"replies":[{"embeddable":true,"href":"https:\/\/staging.mc-shirt.de\/en\/wp-json\/wp\/v2\/comments?post=39010"}],"version-history":[{"count":0,"href":"https:\/\/staging.mc-shirt.de\/en\/wp-json\/wp\/v2\/product\/39010\/revisions"}],"wp:featuredmedia":[{"embeddable":true,"href":"https:\/\/staging.mc-shirt.de\/en\/wp-json\/wp\/v2\/media\/39007"}],"wp:attachment":[{"href":"https:\/\/staging.mc-shirt.de\/en\/wp-json\/wp\/v2\/media?parent=39010"}],"wp:term":[{"taxonomy":"product_brand","embeddable":true,"href":"https:\/\/staging.mc-shirt.de\/en\/wp-json\/wp\/v2\/product_brand?post=39010"},{"taxonomy":"product_cat","embeddable":true,"href":"https:\/\/staging.mc-shirt.de\/en\/wp-json\/wp\/v2\/product_cat?post=39010"},{"taxonomy":"product_tag","embeddable":true,"href":"https:\/\/staging.mc-shirt.de\/en\/wp-json\/wp\/v2\/product_tag?post=39010"}],"curies":[{"name":"wp","href":"https:\/\/api.w.org\/{rel}","templated":true}]}}