{"id":39008,"date":"2025-08-25T18:43:38","date_gmt":"2025-08-25T16:43:38","guid":{"rendered":"https:\/\/www.mc-shirt.de\/?post_type=product&#038;p=39008"},"modified":"2025-08-25T18:43:38","modified_gmt":"2025-08-25T16:43:38","slug":"4er-untersetzer-set-aus-bambus-inkl-persoenlicher-gravur","status":"publish","type":"product","link":"https:\/\/staging.mc-shirt.de\/en\/product\/4er-untersetzer-set-aus-bambus-inkl-persoenlicher-gravur\/","title":{"rendered":"4er-Untersetzer-Set aus Bambus inkl. pers\u00f6nlicher Gravur"},"content":{"rendered":"<p>4er-Untersetzer-Set aus Bambus inkl. pers\u00f6nlicher Gravur<\/p>\n<p>Set aus vier quadratischen Untersetzern aus nat\u00fcrlichem Bambus, verpackt in einer passenden Aufbewahrungsbox. Ideal f\u00fcr den t\u00e4glichen Gebrauch \u2013 ob zu Hause, im B\u00fcro oder als hochwertiges Geschenk. Das warme Bambusmaterial verleiht jedem Tisch eine nat\u00fcrliche und elegante Note und sch\u00fctzt Oberfl\u00e4chen zuverl\u00e4ssig vor Kratzern und Feuchtigkeit.<\/p>\n<p>Material: Naturbambus<br \/>\nMa\u00dfe: ca. 11,6 cm x 11,6 cm x 3,6 cm (Box)<\/p>\n<p>Hinweis zur Gravur: Gravuren erfolgen ohne Farbe. Auf Bambus erscheint die Gravur in der Regel dunkelbraun, abh\u00e4ngig von der nat\u00fcrlichen Struktur.<\/p>","protected":false},"excerpt":{"rendered":"<p>4er-Untersetzer-Set aus Bambus inkl. pers\u00f6nlicher Gravur Set aus vier quadratischen Untersetzern aus nat\u00fcrlichem Bambus, verpackt in einer passenden Aufbewahrungsbox. Ideal f\u00fcr den t\u00e4glichen Gebrauch \u2013 ob zu Hause, im B\u00fcro oder als hochwertiges Geschenk. Das warme Bambusmaterial verleiht jedem Tisch eine nat\u00fcrliche und elegante Note und sch\u00fctzt Oberfl\u00e4chen zuverl\u00e4ssig vor Kratzern und Feuchtigkeit. Material: Naturbambus [&hellip;]<\/p>\n","protected":false},"featured_media":39005,"comment_status":"open","ping_status":"closed","template":"","meta":{"_acf_changed":false},"product_brand":[717],"product_cat":[595,784],"product_tag":[],"class_list":{"0":"post-39008","1":"product","2":"type-product","3":"status-publish","4":"has-post-thumbnail","6":"product_brand-stamina","7":"product_cat-accessoires","8":"product_cat-gravur","10":"first","11":"instock","12":"taxable","13":"shipping-taxable","14":"purchasable","15":"product-type-simple"},"acf":[],"_links":{"self":[{"href":"https:\/\/staging.mc-shirt.de\/en\/wp-json\/wp\/v2\/product\/39008","targetHints":{"allow":["GET"]}}],"collection":[{"href":"https:\/\/staging.mc-shirt.de\/en\/wp-json\/wp\/v2\/product"}],"about":[{"href":"https:\/\/staging.mc-shirt.de\/en\/wp-json\/wp\/v2\/types\/product"}],"replies":[{"embeddable":true,"href":"https:\/\/staging.mc-shirt.de\/en\/wp-json\/wp\/v2\/comments?post=39008"}],"version-history":[{"count":0,"href":"https:\/\/staging.mc-shirt.de\/en\/wp-json\/wp\/v2\/product\/39008\/revisions"}],"wp:featuredmedia":[{"embeddable":true,"href":"https:\/\/staging.mc-shirt.de\/en\/wp-json\/wp\/v2\/media\/39005"}],"wp:attachment":[{"href":"https:\/\/staging.mc-shirt.de\/en\/wp-json\/wp\/v2\/media?parent=39008"}],"wp:term":[{"taxonomy":"product_brand","embeddable":true,"href":"https:\/\/staging.mc-shirt.de\/en\/wp-json\/wp\/v2\/product_brand?post=39008"},{"taxonomy":"product_cat","embeddable":true,"href":"https:\/\/staging.mc-shirt.de\/en\/wp-json\/wp\/v2\/product_cat?post=39008"},{"taxonomy":"product_tag","embeddable":true,"href":"https:\/\/staging.mc-shirt.de\/en\/wp-json\/wp\/v2\/product_tag?post=39008"}],"curies":[{"name":"wp","href":"https:\/\/api.w.org\/{rel}","templated":true}]}}