{"id":39002,"date":"2025-08-25T18:17:14","date_gmt":"2025-08-25T16:17:14","guid":{"rendered":"https:\/\/www.mc-shirt.de\/?post_type=product&#038;p=39002"},"modified":"2025-08-25T18:17:14","modified_gmt":"2025-08-25T16:17:14","slug":"weinset-mit-edelstahl-zubehoer-im-korketui-inkl-persoenlicher-gravur","status":"publish","type":"product","link":"https:\/\/staging.mc-shirt.de\/en\/product\/weinset-mit-edelstahl-zubehoer-im-korketui-inkl-persoenlicher-gravur\/","title":{"rendered":"Weinset mit Edelstahl-Zubeh\u00f6r im Korketui inkl. pers\u00f6nlicher Gravur"},"content":{"rendered":"<p>Weinset mit Edelstahlzubeh\u00f6r in Naturkork-Etui inkl. pers\u00f6nlicher Gravur<\/p>\n<p>Edles Weinset mit hochwertigem Edelstahlzubeh\u00f6r, bestehend aus einem 2-Takt-Korkenzieher mit Kapselschneider und Auffangfunktion, einem Ausgie\u00dfer und einem Flaschenverschluss. Geliefert in einem stilvollen Etui aus Naturkork mit gepolsterter Innenseite \u2013 ideal als Geschenk oder f\u00fcr Weinliebhaber, die Funktionalit\u00e4t und Design sch\u00e4tzen.<\/p>\n<p>Material: Edelstahl, Naturkork<br \/>\nMa\u00dfe: ca. 14,9 cm x 4,2 cm (Etui)<\/p>\n<p>Hinweis zur Gravur: Gravuren erfolgen ohne Farbe. Auf Kork erscheint die Gravur in der Regel dunkelbraun, abh\u00e4ngig von der nat\u00fcrlichen Struktur.<\/p>","protected":false},"excerpt":{"rendered":"<p>Weinset mit Edelstahlzubeh\u00f6r in Naturkork-Etui inkl. pers\u00f6nlicher Gravur Edles Weinset mit hochwertigem Edelstahlzubeh\u00f6r, bestehend aus einem 2-Takt-Korkenzieher mit Kapselschneider und Auffangfunktion, einem Ausgie\u00dfer und einem Flaschenverschluss. Geliefert in einem stilvollen Etui aus Naturkork mit gepolsterter Innenseite \u2013 ideal als Geschenk oder f\u00fcr Weinliebhaber, die Funktionalit\u00e4t und Design sch\u00e4tzen. Material: Edelstahl, Naturkork Ma\u00dfe: ca. 14,9 cm [&hellip;]<\/p>\n","protected":false},"featured_media":38999,"comment_status":"open","ping_status":"closed","template":"","meta":{"_acf_changed":false},"product_brand":[717],"product_cat":[784],"product_tag":[],"class_list":{"0":"post-39002","1":"product","2":"type-product","3":"status-publish","4":"has-post-thumbnail","6":"product_brand-stamina","7":"product_cat-gravur","9":"first","10":"instock","11":"taxable","12":"shipping-taxable","13":"purchasable","14":"product-type-simple"},"acf":[],"_links":{"self":[{"href":"https:\/\/staging.mc-shirt.de\/en\/wp-json\/wp\/v2\/product\/39002","targetHints":{"allow":["GET"]}}],"collection":[{"href":"https:\/\/staging.mc-shirt.de\/en\/wp-json\/wp\/v2\/product"}],"about":[{"href":"https:\/\/staging.mc-shirt.de\/en\/wp-json\/wp\/v2\/types\/product"}],"replies":[{"embeddable":true,"href":"https:\/\/staging.mc-shirt.de\/en\/wp-json\/wp\/v2\/comments?post=39002"}],"version-history":[{"count":0,"href":"https:\/\/staging.mc-shirt.de\/en\/wp-json\/wp\/v2\/product\/39002\/revisions"}],"wp:featuredmedia":[{"embeddable":true,"href":"https:\/\/staging.mc-shirt.de\/en\/wp-json\/wp\/v2\/media\/38999"}],"wp:attachment":[{"href":"https:\/\/staging.mc-shirt.de\/en\/wp-json\/wp\/v2\/media?parent=39002"}],"wp:term":[{"taxonomy":"product_brand","embeddable":true,"href":"https:\/\/staging.mc-shirt.de\/en\/wp-json\/wp\/v2\/product_brand?post=39002"},{"taxonomy":"product_cat","embeddable":true,"href":"https:\/\/staging.mc-shirt.de\/en\/wp-json\/wp\/v2\/product_cat?post=39002"},{"taxonomy":"product_tag","embeddable":true,"href":"https:\/\/staging.mc-shirt.de\/en\/wp-json\/wp\/v2\/product_tag?post=39002"}],"curies":[{"name":"wp","href":"https:\/\/api.w.org\/{rel}","templated":true}]}}