{"id":38987,"date":"2025-08-25T13:29:09","date_gmt":"2025-08-25T11:29:09","guid":{"rendered":"https:\/\/www.mc-shirt.de\/?post_type=product&#038;p=38987"},"modified":"2025-08-25T13:29:09","modified_gmt":"2025-08-25T11:29:09","slug":"usb-hub-aus-bambus-inkl-persoenlicher-gravur","status":"publish","type":"product","link":"https:\/\/staging.mc-shirt.de\/en\/product\/usb-hub-aus-bambus-inkl-persoenlicher-gravur\/","title":{"rendered":"USB-Hub aus Bambus inkl. pers\u00f6nlicher Gravur"},"content":{"rendered":"<p>USB-Hub aus Bambus mit 2 USB- und 1 Typ-C-Anschluss inkl. pers\u00f6nlicher Gravur<\/p>\n<p>Praktischer USB-Hub mit Geh\u00e4use aus nat\u00fcrlichem Bambus und fest verbundenem Kabel. Ausgestattet mit zwei USB-Anschl\u00fcssen und einem Typ-C-Anschluss f\u00fcr flexibles Verbinden und Laden verschiedener Ger\u00e4te. Das warme Bambusdesign bringt eine nat\u00fcrliche Note auf den Schreibtisch und macht den Hub zu einem funktionalen und gleichzeitig stilvollen Accessoire f\u00fcr B\u00fcro oder Homeoffice.<\/p>\n<p>Material: Bambus<br \/>\nMa\u00dfe: ca. 8,5 cm x 4 cm x 1,6 cm<\/p>\n<p>Hinweis zur Gravur: Gravuren erfolgen ohne Farbe. Auf Bambus erscheint die Gravur in der Regel dunkelbraun, abh\u00e4ngig von der nat\u00fcrlichen Struktur.<\/p>","protected":false},"excerpt":{"rendered":"<p>USB-Hub aus Bambus mit 2 USB- und 1 Typ-C-Anschluss inkl. pers\u00f6nlicher Gravur Praktischer USB-Hub mit Geh\u00e4use aus nat\u00fcrlichem Bambus und fest verbundenem Kabel. Ausgestattet mit zwei USB-Anschl\u00fcssen und einem Typ-C-Anschluss f\u00fcr flexibles Verbinden und Laden verschiedener Ger\u00e4te. Das warme Bambusdesign bringt eine nat\u00fcrliche Note auf den Schreibtisch und macht den Hub zu einem funktionalen und [&hellip;]<\/p>\n","protected":false},"featured_media":38972,"comment_status":"open","ping_status":"closed","template":"","meta":{"_acf_changed":false},"product_brand":[717],"product_cat":[784],"product_tag":[],"class_list":{"0":"post-38987","1":"product","2":"type-product","3":"status-publish","4":"has-post-thumbnail","6":"product_brand-stamina","7":"product_cat-gravur","9":"first","10":"instock","11":"taxable","12":"shipping-taxable","13":"purchasable","14":"product-type-simple"},"acf":[],"_links":{"self":[{"href":"https:\/\/staging.mc-shirt.de\/en\/wp-json\/wp\/v2\/product\/38987","targetHints":{"allow":["GET"]}}],"collection":[{"href":"https:\/\/staging.mc-shirt.de\/en\/wp-json\/wp\/v2\/product"}],"about":[{"href":"https:\/\/staging.mc-shirt.de\/en\/wp-json\/wp\/v2\/types\/product"}],"replies":[{"embeddable":true,"href":"https:\/\/staging.mc-shirt.de\/en\/wp-json\/wp\/v2\/comments?post=38987"}],"version-history":[{"count":0,"href":"https:\/\/staging.mc-shirt.de\/en\/wp-json\/wp\/v2\/product\/38987\/revisions"}],"wp:featuredmedia":[{"embeddable":true,"href":"https:\/\/staging.mc-shirt.de\/en\/wp-json\/wp\/v2\/media\/38972"}],"wp:attachment":[{"href":"https:\/\/staging.mc-shirt.de\/en\/wp-json\/wp\/v2\/media?parent=38987"}],"wp:term":[{"taxonomy":"product_brand","embeddable":true,"href":"https:\/\/staging.mc-shirt.de\/en\/wp-json\/wp\/v2\/product_brand?post=38987"},{"taxonomy":"product_cat","embeddable":true,"href":"https:\/\/staging.mc-shirt.de\/en\/wp-json\/wp\/v2\/product_cat?post=38987"},{"taxonomy":"product_tag","embeddable":true,"href":"https:\/\/staging.mc-shirt.de\/en\/wp-json\/wp\/v2\/product_tag?post=38987"}],"curies":[{"name":"wp","href":"https:\/\/api.w.org\/{rel}","templated":true}]}}