{"id":38986,"date":"2025-08-25T13:10:21","date_gmt":"2025-08-25T11:10:21","guid":{"rendered":"https:\/\/www.mc-shirt.de\/?post_type=product&#038;p=38986"},"modified":"2025-08-25T13:10:22","modified_gmt":"2025-08-25T11:10:22","slug":"eco-powerbank-bambus-weizenfaser-5-000-mah-inkl-persoenlicher-gravur","status":"publish","type":"product","link":"https:\/\/staging.mc-shirt.de\/en\/product\/eco-powerbank-bambus-weizenfaser-5-000-mah-inkl-persoenlicher-gravur\/","title":{"rendered":"Eco Powerbank Bambus &#038; Weizenfaser 5.000\u202fmAh  inkl. pers\u00f6nlicher Gravur"},"content":{"rendered":"<p>Externer Akku aus Weizenfasern &amp; Bambus 5.000 mAh inkl. pers\u00f6nlicher Gravur<\/p>\n<p>Umweltfreundlicher, externer Akku mit 5.000 mAh Kapazit\u00e4t, gefertigt aus nachhaltigen Weizenfasern und Bambus. Das nat\u00fcrliche Design kombiniert Funktionalit\u00e4t mit umweltbewusstem Stil. Ausgestattet mit LED-Ladeanzeige zur einfachen Kontrolle des Akkustands und einem 5 V\/2,1 A-DC-Ausgang f\u00fcr schnelles und effizientes Laden von Smartphone, Tablet oder anderen kompatiblen Ger\u00e4ten. Inklusive universellem Typ-C-Ladekabel f\u00fcr flexibles und unkompliziertes Aufladen unterwegs.<\/p>\n<p>Material: Bambus, Weizenfaser<br \/>\nKapazit\u00e4t: 5.000 mAh<br \/>\nMa\u00dfe: ca. 13,6 cm x 6,7 cm x 1,1 cm<\/p>\n<p>Hinweis zur Gravur: Gravuren erfolgen ohne Farbe. Auf Bambus erscheint die Gravur in der Regel dunkelbraun, abh\u00e4ngig von der nat\u00fcrlichen Struktur.<\/p>","protected":false},"excerpt":{"rendered":"<p>Externer Akku aus Weizenfasern &amp; Bambus 5.000 mAh inkl. pers\u00f6nlicher Gravur Umweltfreundlicher, externer Akku mit 5.000 mAh Kapazit\u00e4t, gefertigt aus nachhaltigen Weizenfasern und Bambus. Das nat\u00fcrliche Design kombiniert Funktionalit\u00e4t mit umweltbewusstem Stil. Ausgestattet mit LED-Ladeanzeige zur einfachen Kontrolle des Akkustands und einem 5 V\/2,1 A-DC-Ausgang f\u00fcr schnelles und effizientes Laden von Smartphone, Tablet oder anderen [&hellip;]<\/p>\n","protected":false},"featured_media":38967,"comment_status":"open","ping_status":"closed","template":"","meta":{"_acf_changed":false},"product_brand":[717],"product_cat":[784],"product_tag":[],"class_list":{"0":"post-38986","1":"product","2":"type-product","3":"status-publish","4":"has-post-thumbnail","6":"product_brand-stamina","7":"product_cat-gravur","9":"first","10":"instock","11":"taxable","12":"shipping-taxable","13":"purchasable","14":"product-type-simple"},"acf":[],"_links":{"self":[{"href":"https:\/\/staging.mc-shirt.de\/en\/wp-json\/wp\/v2\/product\/38986","targetHints":{"allow":["GET"]}}],"collection":[{"href":"https:\/\/staging.mc-shirt.de\/en\/wp-json\/wp\/v2\/product"}],"about":[{"href":"https:\/\/staging.mc-shirt.de\/en\/wp-json\/wp\/v2\/types\/product"}],"replies":[{"embeddable":true,"href":"https:\/\/staging.mc-shirt.de\/en\/wp-json\/wp\/v2\/comments?post=38986"}],"version-history":[{"count":0,"href":"https:\/\/staging.mc-shirt.de\/en\/wp-json\/wp\/v2\/product\/38986\/revisions"}],"wp:featuredmedia":[{"embeddable":true,"href":"https:\/\/staging.mc-shirt.de\/en\/wp-json\/wp\/v2\/media\/38967"}],"wp:attachment":[{"href":"https:\/\/staging.mc-shirt.de\/en\/wp-json\/wp\/v2\/media?parent=38986"}],"wp:term":[{"taxonomy":"product_brand","embeddable":true,"href":"https:\/\/staging.mc-shirt.de\/en\/wp-json\/wp\/v2\/product_brand?post=38986"},{"taxonomy":"product_cat","embeddable":true,"href":"https:\/\/staging.mc-shirt.de\/en\/wp-json\/wp\/v2\/product_cat?post=38986"},{"taxonomy":"product_tag","embeddable":true,"href":"https:\/\/staging.mc-shirt.de\/en\/wp-json\/wp\/v2\/product_tag?post=38986"}],"curies":[{"name":"wp","href":"https:\/\/api.w.org\/{rel}","templated":true}]}}