{"id":38875,"date":"2025-08-13T22:16:46","date_gmt":"2025-08-13T20:16:46","guid":{"rendered":"https:\/\/www.mc-shirt.de\/?post_type=product&#038;p=38875"},"modified":"2025-08-14T00:28:07","modified_gmt":"2025-08-13T22:28:07","slug":"cotton-drawstring-backpack","status":"publish","type":"product","link":"https:\/\/staging.mc-shirt.de\/en\/product\/cotton-drawstring-backpack\/","title":{"rendered":"Cotton Drawstring Backpack"},"content":{"rendered":"<p>Merkmale:<\/p>\n<ul>\n<li>140 g\/m\u00b2<\/li>\n<li>100 % Baumwolle<\/li>\n<li>Nur lauwarme Handw\u00e4sche<\/li>\n<li>Zusammenziehbare Tragekordel<\/li>\n<li>Durch Riegeln\u00e4hte verst\u00e4rkter Ausgang der Kordelf\u00fchrung<\/li>\n<li>Verst\u00e4rktes Material im Bereich der gen\u00e4hten \u00d6sen<\/li>\n<li>Ma\u00dfe: 38 x 48 cm<\/li>\n<li>Geeignet f\u00fcr Stick, Sieb- und Transferdruck (bereits geb\u00fcgelt)<\/li>\n<li>Maximale Druckfl\u00e4che: 30 x 30 cm<\/li>\n<\/ul>","protected":false},"excerpt":{"rendered":"<p>Merkmale: 140 g\/m\u00b2 100 % Baumwolle Nur lauwarme Handw\u00e4sche Zusammenziehbare Tragekordel Durch Riegeln\u00e4hte verst\u00e4rkter Ausgang der Kordelf\u00fchrung Verst\u00e4rktes Material im Bereich der gen\u00e4hten \u00d6sen Ma\u00dfe: 38 x 48 cm Geeignet f\u00fcr Stick, Sieb- und Transferdruck (bereits geb\u00fcgelt) Maximale Druckfl\u00e4che: 30 x 30 cm<\/p>","protected":false},"featured_media":38876,"comment_status":"open","ping_status":"closed","template":"","meta":{"_acf_changed":false},"product_brand":[720],"product_cat":[605],"product_tag":[],"class_list":{"0":"post-38875","1":"product","2":"type-product","3":"status-publish","4":"has-post-thumbnail","6":"product_brand-sg","7":"product_cat-taschen-rucksack","9":"first","10":"instock","11":"taxable","12":"shipping-taxable","13":"purchasable","14":"product-type-variable","15":"has-default-attributes"},"acf":[],"_links":{"self":[{"href":"https:\/\/staging.mc-shirt.de\/en\/wp-json\/wp\/v2\/product\/38875","targetHints":{"allow":["GET"]}}],"collection":[{"href":"https:\/\/staging.mc-shirt.de\/en\/wp-json\/wp\/v2\/product"}],"about":[{"href":"https:\/\/staging.mc-shirt.de\/en\/wp-json\/wp\/v2\/types\/product"}],"replies":[{"embeddable":true,"href":"https:\/\/staging.mc-shirt.de\/en\/wp-json\/wp\/v2\/comments?post=38875"}],"version-history":[{"count":0,"href":"https:\/\/staging.mc-shirt.de\/en\/wp-json\/wp\/v2\/product\/38875\/revisions"}],"wp:featuredmedia":[{"embeddable":true,"href":"https:\/\/staging.mc-shirt.de\/en\/wp-json\/wp\/v2\/media\/38876"}],"wp:attachment":[{"href":"https:\/\/staging.mc-shirt.de\/en\/wp-json\/wp\/v2\/media?parent=38875"}],"wp:term":[{"taxonomy":"product_brand","embeddable":true,"href":"https:\/\/staging.mc-shirt.de\/en\/wp-json\/wp\/v2\/product_brand?post=38875"},{"taxonomy":"product_cat","embeddable":true,"href":"https:\/\/staging.mc-shirt.de\/en\/wp-json\/wp\/v2\/product_cat?post=38875"},{"taxonomy":"product_tag","embeddable":true,"href":"https:\/\/staging.mc-shirt.de\/en\/wp-json\/wp\/v2\/product_tag?post=38875"}],"curies":[{"name":"wp","href":"https:\/\/api.w.org\/{rel}","templated":true}]}}