{"id":37188,"date":"2025-04-08T01:29:53","date_gmt":"2025-04-07T23:29:53","guid":{"rendered":"https:\/\/www.mc-shirt.de\/?post_type=product&#038;p=37188"},"modified":"2025-07-12T18:46:28","modified_gmt":"2025-07-12T16:46:28","slug":"hi-vis-sweatshirt-limerick","status":"publish","type":"product","link":"https:\/\/staging.mc-shirt.de\/en\/product\/hi-vis-sweatshirt-limerick\/","title":{"rendered":"HI-VIS SWEATSHIRT &#8220;LIMERICK&#8221;"},"content":{"rendered":"<p>Der oben genannte Preis ist blanko. Sobald das Sweatshirt erstellt und im Warenkorb liegt,<br \/>\nsehen Sie den endg\u00fcltigen Preis inklusive Druck.<\/p>\n<p>Merkmale:<br \/>\n310 g\/m\u00b2<\/p>\n<p>100% Polyester<\/p>\n<ul>\n<li>Sicherheits-Sweatshirt mit 2 reflektierenden Querstreifen und 2 reflektierenden L\u00e4ngsstreifen (jeweils 5 cm breit)<\/li>\n<li>2 Reflexstreifen an den \u00c4rmeln f\u00fcr erh\u00f6hte Sichtbarkeit<\/li>\n<li>Graue Rippenb\u00fcndchen am Rundhals und an den \u00c4rmeln<\/li>\n<li>Innen angeraut f\u00fcr extra Komfort und W\u00e4rme<\/li>\n<li>Entspricht der Zertifizierung EN ISO 20471:2013 + A1:2016 Klasse 3<\/li>\n<li>Ideal f\u00fcr Arbeitsumgebungen mit niedriger Sichtbarkeit<\/li>\n<li>Hohe Sicherheitsstandards f\u00fcr optimale Erkennbarkeit bei Dunkelheit<\/li>\n<\/ul>\n<p>Waschbar: 30\u00b0<\/p>","protected":false},"excerpt":{"rendered":"<p>\t<a class=\"paoc-popup-click paoc-popup-cust-33223 paoc-popup-simple_link paoc-popup-link\" href=\"javascript:void(0);\">Hier klicken, um die Mengenrabatte einzusehen<\/a><\/p>","protected":false},"featured_media":38568,"comment_status":"open","ping_status":"closed","template":"","meta":{"_acf_changed":false},"product_brand":[713],"product_cat":[593],"product_tag":[],"class_list":{"0":"post-37188","1":"product","2":"type-product","3":"status-publish","4":"has-post-thumbnail","6":"product_brand-korntex","7":"product_cat-sweats","9":"first","10":"instock","11":"taxable","12":"shipping-taxable","13":"purchasable","14":"product-type-variable","15":"has-default-attributes"},"acf":[],"_links":{"self":[{"href":"https:\/\/staging.mc-shirt.de\/en\/wp-json\/wp\/v2\/product\/37188","targetHints":{"allow":["GET"]}}],"collection":[{"href":"https:\/\/staging.mc-shirt.de\/en\/wp-json\/wp\/v2\/product"}],"about":[{"href":"https:\/\/staging.mc-shirt.de\/en\/wp-json\/wp\/v2\/types\/product"}],"replies":[{"embeddable":true,"href":"https:\/\/staging.mc-shirt.de\/en\/wp-json\/wp\/v2\/comments?post=37188"}],"version-history":[{"count":0,"href":"https:\/\/staging.mc-shirt.de\/en\/wp-json\/wp\/v2\/product\/37188\/revisions"}],"wp:featuredmedia":[{"embeddable":true,"href":"https:\/\/staging.mc-shirt.de\/en\/wp-json\/wp\/v2\/media\/38568"}],"wp:attachment":[{"href":"https:\/\/staging.mc-shirt.de\/en\/wp-json\/wp\/v2\/media?parent=37188"}],"wp:term":[{"taxonomy":"product_brand","embeddable":true,"href":"https:\/\/staging.mc-shirt.de\/en\/wp-json\/wp\/v2\/product_brand?post=37188"},{"taxonomy":"product_cat","embeddable":true,"href":"https:\/\/staging.mc-shirt.de\/en\/wp-json\/wp\/v2\/product_cat?post=37188"},{"taxonomy":"product_tag","embeddable":true,"href":"https:\/\/staging.mc-shirt.de\/en\/wp-json\/wp\/v2\/product_tag?post=37188"}],"curies":[{"name":"wp","href":"https:\/\/api.w.org\/{rel}","templated":true}]}}