{"id":34759,"date":"2025-01-27T18:52:08","date_gmt":"2025-01-27T17:52:08","guid":{"rendered":"https:\/\/www.mc-shirt.de\/?post_type=product&#038;p=34759"},"modified":"2026-01-28T20:37:42","modified_gmt":"2026-01-28T19:37:42","slug":"meenzer-derfe-des","status":"publish","type":"product","link":"https:\/\/staging.mc-shirt.de\/en\/product\/meenzer-derfe-des\/","title":{"rendered":"Meenzer derfe des"},"content":{"rendered":"<p><strong>Merkmale<\/strong>:<\/p>\n<p>180 g\/m\u00b2<\/p>\n<p>100% Polyester<\/p>\n<p>Stretch-Material<\/p>\n<p>Schnelltrocknend<\/p>\n<p>Doppellagige Kapuze<\/p>\n<p>Elastische Einfassung an Kapuze, \u00c4rmelabschluss und Bund<\/p>\n<p>Full Zip mit Kinnschutz<\/p>\n<p>Seitentaschen<\/p>\n<p>Ergonomisch angepasste N\u00e4hte<\/p>\n<p>Waschbar bis 40\u00b0C.<\/p>\n<p><img fetchpriority=\"high\" decoding=\"async\" class=\"alignnone wp-image-38602 size-medium\" src=\"https:\/\/staging.mc-shirt.de\/wp-content\/uploads\/2025\/07\/groessentabelle-meenzer-derfe-des-microfleece-hoodie-400x146.jpg\" alt=\"Gr\u00f6\u00dfentabelle f\u00fcr den Meenzer Derfe Des Microfleece Hoodie mit Brust-, Front- und \u00c4rmell\u00e4ngenma\u00dfen\" width=\"400\" height=\"146\" srcset=\"https:\/\/staging.mc-shirt.de\/wp-content\/uploads\/2025\/07\/groessentabelle-meenzer-derfe-des-microfleece-hoodie-400x146.jpg 400w, https:\/\/staging.mc-shirt.de\/wp-content\/uploads\/2025\/07\/groessentabelle-meenzer-derfe-des-microfleece-hoodie-1300x474.jpg 1300w, https:\/\/staging.mc-shirt.de\/wp-content\/uploads\/2025\/07\/groessentabelle-meenzer-derfe-des-microfleece-hoodie-768x280.jpg 768w, https:\/\/staging.mc-shirt.de\/wp-content\/uploads\/2025\/07\/groessentabelle-meenzer-derfe-des-microfleece-hoodie-700x255.jpg 700w, https:\/\/staging.mc-shirt.de\/wp-content\/uploads\/2025\/07\/groessentabelle-meenzer-derfe-des-microfleece-hoodie.jpg 1521w\" sizes=\"(max-width: 400px) 100vw, 400px\" \/><\/p>","protected":false},"excerpt":{"rendered":"<ul>\n<li>180 g\/m\u00b2<\/li>\n<li>100% Polyester<\/li>\n<li>Full Zip mit Kinnschutz<\/li>\n<li>Waschbar bis 40\u00b0C.<\/li>\n<\/ul>\n<p>\t<a class=\"paoc-popup-click paoc-popup-cust-33223 paoc-popup-simple_link paoc-popup-link\" href=\"javascript:void(0);\">Hier klicken, um die Mengenrabatte einzusehen<\/a><\/p>","protected":false},"featured_media":38553,"comment_status":"open","ping_status":"closed","template":"","meta":{"_acf_changed":false},"product_brand":[718],"product_cat":[594],"product_tag":[703],"class_list":{"0":"post-34759","1":"product","2":"type-product","3":"status-publish","4":"has-post-thumbnail","6":"product_brand-spiro","7":"product_cat-hoods","8":"product_tag-merchandising","10":"first","11":"instock","12":"taxable","13":"shipping-taxable","14":"purchasable","15":"product-type-variable","16":"has-default-attributes"},"acf":[],"_links":{"self":[{"href":"https:\/\/staging.mc-shirt.de\/en\/wp-json\/wp\/v2\/product\/34759","targetHints":{"allow":["GET"]}}],"collection":[{"href":"https:\/\/staging.mc-shirt.de\/en\/wp-json\/wp\/v2\/product"}],"about":[{"href":"https:\/\/staging.mc-shirt.de\/en\/wp-json\/wp\/v2\/types\/product"}],"replies":[{"embeddable":true,"href":"https:\/\/staging.mc-shirt.de\/en\/wp-json\/wp\/v2\/comments?post=34759"}],"version-history":[{"count":0,"href":"https:\/\/staging.mc-shirt.de\/en\/wp-json\/wp\/v2\/product\/34759\/revisions"}],"wp:featuredmedia":[{"embeddable":true,"href":"https:\/\/staging.mc-shirt.de\/en\/wp-json\/wp\/v2\/media\/38553"}],"wp:attachment":[{"href":"https:\/\/staging.mc-shirt.de\/en\/wp-json\/wp\/v2\/media?parent=34759"}],"wp:term":[{"taxonomy":"product_brand","embeddable":true,"href":"https:\/\/staging.mc-shirt.de\/en\/wp-json\/wp\/v2\/product_brand?post=34759"},{"taxonomy":"product_cat","embeddable":true,"href":"https:\/\/staging.mc-shirt.de\/en\/wp-json\/wp\/v2\/product_cat?post=34759"},{"taxonomy":"product_tag","embeddable":true,"href":"https:\/\/staging.mc-shirt.de\/en\/wp-json\/wp\/v2\/product_tag?post=34759"}],"curies":[{"name":"wp","href":"https:\/\/api.w.org\/{rel}","templated":true}]}}