{"id":32718,"date":"2024-08-25T02:38:58","date_gmt":"2024-08-25T00:38:58","guid":{"rendered":"https:\/\/www.mc-shirt.de\/?post_type=product&#038;p=32718"},"modified":"2025-07-15T20:01:51","modified_gmt":"2025-07-15T18:01:51","slug":"kissen-soft-touch-inkl-druck","status":"publish","type":"product","link":"https:\/\/staging.mc-shirt.de\/en\/product\/kissen-soft-touch-inkl-druck\/","title":{"rendered":"Kissen \u201eSoft-Touch\u201c inkl. Druck"},"content":{"rendered":"<p>PRODUKTBESCHREIBUNG<\/p>\n<p>Hochwertiger und besonders flauschiger Kissenbezug aus Polyester mit Rei\u00dfverschluss. Das ?Soft-Touch? l\u00e4dt sofort zum Kuscheln und Verweilen ein. Dieser Bestseller unter den Kissenbez\u00fcgen ist quadratisch oder in Herzform lieferbar und bestens f\u00fcr Sublimation geeignet.<\/p>\n<p>Kissenbezug + F\u00fcllung ?Soft-Touch? quadratisch<br \/>\nwei\u00df, 100 % Polyester<br \/>\nmit Rei\u00dfverschluss<br \/>\nGr\u00f6\u00dfe: 37 x 37 cm<\/p>","protected":false},"excerpt":{"rendered":"<p>\t<a class=\"paoc-popup-click paoc-popup-cust-33223 paoc-popup-simple_link paoc-popup-link\" href=\"javascript:void(0);\">Hier klicken, um die Mengenrabatte einzusehen<\/a><\/p>","protected":false},"featured_media":38618,"comment_status":"open","ping_status":"closed","template":"","meta":{"_acf_changed":false},"product_brand":[],"product_cat":[595],"product_tag":[],"class_list":{"0":"post-32718","1":"product","2":"type-product","3":"status-publish","4":"has-post-thumbnail","6":"product_cat-accessoires","8":"first","9":"instock","10":"taxable","11":"shipping-taxable","12":"purchasable","13":"product-type-simple"},"acf":[],"_links":{"self":[{"href":"https:\/\/staging.mc-shirt.de\/en\/wp-json\/wp\/v2\/product\/32718","targetHints":{"allow":["GET"]}}],"collection":[{"href":"https:\/\/staging.mc-shirt.de\/en\/wp-json\/wp\/v2\/product"}],"about":[{"href":"https:\/\/staging.mc-shirt.de\/en\/wp-json\/wp\/v2\/types\/product"}],"replies":[{"embeddable":true,"href":"https:\/\/staging.mc-shirt.de\/en\/wp-json\/wp\/v2\/comments?post=32718"}],"version-history":[{"count":0,"href":"https:\/\/staging.mc-shirt.de\/en\/wp-json\/wp\/v2\/product\/32718\/revisions"}],"wp:featuredmedia":[{"embeddable":true,"href":"https:\/\/staging.mc-shirt.de\/en\/wp-json\/wp\/v2\/media\/38618"}],"wp:attachment":[{"href":"https:\/\/staging.mc-shirt.de\/en\/wp-json\/wp\/v2\/media?parent=32718"}],"wp:term":[{"taxonomy":"product_brand","embeddable":true,"href":"https:\/\/staging.mc-shirt.de\/en\/wp-json\/wp\/v2\/product_brand?post=32718"},{"taxonomy":"product_cat","embeddable":true,"href":"https:\/\/staging.mc-shirt.de\/en\/wp-json\/wp\/v2\/product_cat?post=32718"},{"taxonomy":"product_tag","embeddable":true,"href":"https:\/\/staging.mc-shirt.de\/en\/wp-json\/wp\/v2\/product_tag?post=32718"}],"curies":[{"name":"wp","href":"https:\/\/api.w.org\/{rel}","templated":true}]}}