{"id":30829,"date":"2024-01-30T05:06:11","date_gmt":"2024-01-30T04:06:11","guid":{"rendered":"https:\/\/www.mc-shirt.de\/?post_type=product&#038;p=30829"},"modified":"2024-11-26T13:26:16","modified_gmt":"2024-11-26T12:26:16","slug":"glasaufsteller-inkl-druck","status":"publish","type":"product","link":"https:\/\/staging.mc-shirt.de\/en\/product\/glasaufsteller-inkl-druck\/","title":{"rendered":"Glasaufsteller inkl. Druck"},"content":{"rendered":"<p>Fotos per Sublimation auf Echtglas drucken. Das geht mit unseren wundersch\u00f6nen BELLA\u2019s!<\/p>\n<p>Unsere BELLA tr\u00e4gt ihren Namen zurecht! Der kristallklare Glanz, die erstklassige Farbbrillanz und die elegante Optik von Fotos auf Glas werden Deine Kunden begeistern.<\/p>\n<p>Du erh\u00e4ltst den vollfl\u00e4chig bedruckbaren Glasaufsteller inklusive Metallstift, um einzigartige Fotos an jedem Ort aufzustellen. So werden gro\u00dfe Momente perfekt in Szene gesetzt.<\/p>\n<p>Verzaubere Kundenfotos in gro\u00dfartige Glasbilder mit Wow-Effekt!<\/p>","protected":false},"excerpt":{"rendered":"<p>\t<a class=\"paoc-popup-click paoc-popup-cust-33223 paoc-popup-simple_link paoc-popup-link\" href=\"javascript:void(0);\">Hier klicken, um die Mengenrabatte einzusehen<\/a><\/p>","protected":false},"featured_media":30832,"comment_status":"open","ping_status":"closed","template":"","meta":{"_acf_changed":false},"product_brand":[],"product_cat":[595],"product_tag":[],"class_list":{"0":"post-30829","1":"product","2":"type-product","3":"status-publish","4":"has-post-thumbnail","6":"product_cat-accessoires","8":"first","9":"instock","10":"taxable","11":"shipping-taxable","12":"purchasable","13":"product-type-simple"},"acf":[],"_links":{"self":[{"href":"https:\/\/staging.mc-shirt.de\/en\/wp-json\/wp\/v2\/product\/30829","targetHints":{"allow":["GET"]}}],"collection":[{"href":"https:\/\/staging.mc-shirt.de\/en\/wp-json\/wp\/v2\/product"}],"about":[{"href":"https:\/\/staging.mc-shirt.de\/en\/wp-json\/wp\/v2\/types\/product"}],"replies":[{"embeddable":true,"href":"https:\/\/staging.mc-shirt.de\/en\/wp-json\/wp\/v2\/comments?post=30829"}],"version-history":[{"count":0,"href":"https:\/\/staging.mc-shirt.de\/en\/wp-json\/wp\/v2\/product\/30829\/revisions"}],"wp:featuredmedia":[{"embeddable":true,"href":"https:\/\/staging.mc-shirt.de\/en\/wp-json\/wp\/v2\/media\/30832"}],"wp:attachment":[{"href":"https:\/\/staging.mc-shirt.de\/en\/wp-json\/wp\/v2\/media?parent=30829"}],"wp:term":[{"taxonomy":"product_brand","embeddable":true,"href":"https:\/\/staging.mc-shirt.de\/en\/wp-json\/wp\/v2\/product_brand?post=30829"},{"taxonomy":"product_cat","embeddable":true,"href":"https:\/\/staging.mc-shirt.de\/en\/wp-json\/wp\/v2\/product_cat?post=30829"},{"taxonomy":"product_tag","embeddable":true,"href":"https:\/\/staging.mc-shirt.de\/en\/wp-json\/wp\/v2\/product_tag?post=30829"}],"curies":[{"name":"wp","href":"https:\/\/api.w.org\/{rel}","templated":true}]}}