{"id":30827,"date":"2024-01-30T05:04:06","date_gmt":"2024-01-30T04:04:06","guid":{"rendered":"https:\/\/www.mc-shirt.de\/?post_type=product&#038;p=30827"},"modified":"2024-11-26T13:26:41","modified_gmt":"2024-11-26T12:26:41","slug":"schiefertafel-24x39cm-inkl-druck","status":"publish","type":"product","link":"https:\/\/staging.mc-shirt.de\/en\/product\/schiefertafel-24x39cm-inkl-druck\/","title":{"rendered":"Schiefertafel 24x39cm inkl. Druck"},"content":{"rendered":"<p>SCHIEFERTAFEL<br \/>\nSchiefertafeln mit wei\u00df matter Oberfl\u00e4che, bestens f\u00fcr Sublimation geeignet. Es handelt sich um handgefertigtes, bearbeitetes Schiefer, daher ist jedes St\u00fcck ein Unikat. Mit abgeschr\u00e4gten Kanten und inklusive Aufsteller sind diese Schiefertafeln ein ganz besonders hochwertiger Werbeartikel.<\/p>\n<p>Ma\u00dfe: 24x39cm<br \/>\nSchiefertafel<br \/>\nwei\u00df matte Oberfl\u00e4che<br \/>\nDicke: 1,2 cm<br \/>\ninkl. zwei Aufsteller<\/p>","protected":false},"excerpt":{"rendered":"<p>\t<a class=\"paoc-popup-click paoc-popup-cust-33223 paoc-popup-simple_link paoc-popup-link\" href=\"javascript:void(0);\">Hier klicken, um die Mengenrabatte einzusehen<\/a><\/p>","protected":false},"featured_media":30830,"comment_status":"open","ping_status":"closed","template":"","meta":{"_acf_changed":false},"product_brand":[],"product_cat":[595],"product_tag":[],"class_list":{"0":"post-30827","1":"product","2":"type-product","3":"status-publish","4":"has-post-thumbnail","6":"product_cat-accessoires","8":"first","9":"instock","10":"taxable","11":"shipping-taxable","12":"purchasable","13":"product-type-simple"},"acf":[],"_links":{"self":[{"href":"https:\/\/staging.mc-shirt.de\/en\/wp-json\/wp\/v2\/product\/30827","targetHints":{"allow":["GET"]}}],"collection":[{"href":"https:\/\/staging.mc-shirt.de\/en\/wp-json\/wp\/v2\/product"}],"about":[{"href":"https:\/\/staging.mc-shirt.de\/en\/wp-json\/wp\/v2\/types\/product"}],"replies":[{"embeddable":true,"href":"https:\/\/staging.mc-shirt.de\/en\/wp-json\/wp\/v2\/comments?post=30827"}],"version-history":[{"count":0,"href":"https:\/\/staging.mc-shirt.de\/en\/wp-json\/wp\/v2\/product\/30827\/revisions"}],"wp:featuredmedia":[{"embeddable":true,"href":"https:\/\/staging.mc-shirt.de\/en\/wp-json\/wp\/v2\/media\/30830"}],"wp:attachment":[{"href":"https:\/\/staging.mc-shirt.de\/en\/wp-json\/wp\/v2\/media?parent=30827"}],"wp:term":[{"taxonomy":"product_brand","embeddable":true,"href":"https:\/\/staging.mc-shirt.de\/en\/wp-json\/wp\/v2\/product_brand?post=30827"},{"taxonomy":"product_cat","embeddable":true,"href":"https:\/\/staging.mc-shirt.de\/en\/wp-json\/wp\/v2\/product_cat?post=30827"},{"taxonomy":"product_tag","embeddable":true,"href":"https:\/\/staging.mc-shirt.de\/en\/wp-json\/wp\/v2\/product_tag?post=30827"}],"curies":[{"name":"wp","href":"https:\/\/api.w.org\/{rel}","templated":true}]}}