{"id":30740,"date":"2024-01-27T23:06:03","date_gmt":"2024-01-27T22:06:03","guid":{"rendered":"https:\/\/www.mc-shirt.de\/?post_type=product&#038;p=30740"},"modified":"2025-12-17T13:46:59","modified_gmt":"2025-12-17T12:46:59","slug":"sublitasse-intone-inkl-druck","status":"publish","type":"product","link":"https:\/\/staging.mc-shirt.de\/en\/product\/sublitasse-intone-inkl-druck\/","title":{"rendered":"Sublitasse Intone inkl. Druck"},"content":{"rendered":"<p>Tasse inkl. Druck<\/p>\n<p>Die Sublimationstasse Intone, 11 oz, ist die perfekte Wahl f\u00fcr alle, die eine hochwertige, farbenfrohe Tasse suchen.<\/p>\n<p>Hochwertige Orca-Beschichtung<\/p>\n<p>Oberfl\u00e4che hochwei\u00df-gl\u00e4nzend<\/p>\n<p>Innenseite und C-f\u00f6rmiger Henkel farbig<\/p>\n<p>H\u00f6he 95 mm, Durchmesser 80 mm, Gewicht ca. 355 g<\/p>\n<p>Sp\u00fclmaschinengeeignet (f\u00fcr mehr als 3.000 Sp\u00fclmaschineng\u00e4nge)<\/p>","protected":false},"excerpt":{"rendered":"<p>\t<a class=\"paoc-popup-click paoc-popup-cust-33223 paoc-popup-simple_link paoc-popup-link\" href=\"javascript:void(0);\">Hier klicken, um die Mengenrabatte einzusehen<\/a><\/p>","protected":false},"featured_media":30741,"comment_status":"open","ping_status":"closed","template":"","meta":{"_acf_changed":false},"product_brand":[],"product_cat":[595,604],"product_tag":[],"class_list":{"0":"post-30740","1":"product","2":"type-product","3":"status-publish","4":"has-post-thumbnail","6":"product_cat-accessoires","7":"product_cat-tassen","9":"first","10":"instock","11":"taxable","12":"shipping-taxable","13":"purchasable","14":"product-type-variable","15":"has-default-attributes"},"acf":[],"_links":{"self":[{"href":"https:\/\/staging.mc-shirt.de\/en\/wp-json\/wp\/v2\/product\/30740","targetHints":{"allow":["GET"]}}],"collection":[{"href":"https:\/\/staging.mc-shirt.de\/en\/wp-json\/wp\/v2\/product"}],"about":[{"href":"https:\/\/staging.mc-shirt.de\/en\/wp-json\/wp\/v2\/types\/product"}],"replies":[{"embeddable":true,"href":"https:\/\/staging.mc-shirt.de\/en\/wp-json\/wp\/v2\/comments?post=30740"}],"version-history":[{"count":0,"href":"https:\/\/staging.mc-shirt.de\/en\/wp-json\/wp\/v2\/product\/30740\/revisions"}],"wp:featuredmedia":[{"embeddable":true,"href":"https:\/\/staging.mc-shirt.de\/en\/wp-json\/wp\/v2\/media\/30741"}],"wp:attachment":[{"href":"https:\/\/staging.mc-shirt.de\/en\/wp-json\/wp\/v2\/media?parent=30740"}],"wp:term":[{"taxonomy":"product_brand","embeddable":true,"href":"https:\/\/staging.mc-shirt.de\/en\/wp-json\/wp\/v2\/product_brand?post=30740"},{"taxonomy":"product_cat","embeddable":true,"href":"https:\/\/staging.mc-shirt.de\/en\/wp-json\/wp\/v2\/product_cat?post=30740"},{"taxonomy":"product_tag","embeddable":true,"href":"https:\/\/staging.mc-shirt.de\/en\/wp-json\/wp\/v2\/product_tag?post=30740"}],"curies":[{"name":"wp","href":"https:\/\/api.w.org\/{rel}","templated":true}]}}