{"id":30737,"date":"2024-01-27T22:54:01","date_gmt":"2024-01-27T21:54:01","guid":{"rendered":"https:\/\/www.mc-shirt.de\/?post_type=product&#038;p=30737"},"modified":"2026-01-20T12:37:13","modified_gmt":"2026-01-20T11:37:13","slug":"sublitasse-orca-matt-inkl-druck","status":"publish","type":"product","link":"https:\/\/staging.mc-shirt.de\/en\/product\/sublitasse-orca-matt-inkl-druck\/","title":{"rendered":"Sublitasse Orca Tasse inkl. Druck"},"content":{"rendered":"<p>Die Sublimationstasse Orca gl\u00e4nzend, 11 oz, in Premiumqualit\u00e4t ist eine Keramiktasse die sich bestens f\u00fcr die Sublimation oder den Tonertransfer eignet.<\/p>\n<p>Tasse f\u00fcr Sublimationsdruck mit hochwertiger Orca-Beschichtung (gl\u00e4nzend).<\/p>\n<p>Hervorragend geeignet f\u00fcr den Sublimationsdruck von Fotos und personalisierten Botschaften.<\/p>\n<p>Sp\u00fclmaschinengeeignet nach BS EN 12875-4<\/p>\n<p>Oberfl\u00e4che: gl\u00e4nzend<\/p>\n<p>Henkel: C-f\u00f6rmig<\/p>\n<p>H\u00f6he 95 mm, Durchmesser 80 mm, Gewicht 325 g<\/p>","protected":false},"excerpt":{"rendered":"<p>\t<a class=\"paoc-popup-click paoc-popup-cust-33223 paoc-popup-simple_link paoc-popup-link\" href=\"javascript:void(0);\">Hier klicken, um die Mengenrabatte einzusehen<\/a><\/p>","protected":false},"featured_media":30738,"comment_status":"open","ping_status":"closed","template":"","meta":{"_acf_changed":false},"product_brand":[],"product_cat":[595,604],"product_tag":[],"class_list":{"0":"post-30737","1":"product","2":"type-product","3":"status-publish","4":"has-post-thumbnail","6":"product_cat-accessoires","7":"product_cat-tassen","9":"first","10":"instock","11":"taxable","12":"shipping-taxable","13":"purchasable","14":"product-type-simple"},"acf":[],"_links":{"self":[{"href":"https:\/\/staging.mc-shirt.de\/en\/wp-json\/wp\/v2\/product\/30737","targetHints":{"allow":["GET"]}}],"collection":[{"href":"https:\/\/staging.mc-shirt.de\/en\/wp-json\/wp\/v2\/product"}],"about":[{"href":"https:\/\/staging.mc-shirt.de\/en\/wp-json\/wp\/v2\/types\/product"}],"replies":[{"embeddable":true,"href":"https:\/\/staging.mc-shirt.de\/en\/wp-json\/wp\/v2\/comments?post=30737"}],"version-history":[{"count":0,"href":"https:\/\/staging.mc-shirt.de\/en\/wp-json\/wp\/v2\/product\/30737\/revisions"}],"wp:featuredmedia":[{"embeddable":true,"href":"https:\/\/staging.mc-shirt.de\/en\/wp-json\/wp\/v2\/media\/30738"}],"wp:attachment":[{"href":"https:\/\/staging.mc-shirt.de\/en\/wp-json\/wp\/v2\/media?parent=30737"}],"wp:term":[{"taxonomy":"product_brand","embeddable":true,"href":"https:\/\/staging.mc-shirt.de\/en\/wp-json\/wp\/v2\/product_brand?post=30737"},{"taxonomy":"product_cat","embeddable":true,"href":"https:\/\/staging.mc-shirt.de\/en\/wp-json\/wp\/v2\/product_cat?post=30737"},{"taxonomy":"product_tag","embeddable":true,"href":"https:\/\/staging.mc-shirt.de\/en\/wp-json\/wp\/v2\/product_tag?post=30737"}],"curies":[{"name":"wp","href":"https:\/\/api.w.org\/{rel}","templated":true}]}}