{"id":30732,"date":"2024-01-27T22:49:59","date_gmt":"2024-01-27T21:49:59","guid":{"rendered":"https:\/\/www.mc-shirt.de\/?post_type=product&#038;p=30732"},"modified":"2025-02-07T12:24:18","modified_gmt":"2025-02-07T11:24:18","slug":"edelstahltasse-mit-karabiner-inkl-druck","status":"publish","type":"product","link":"https:\/\/staging.mc-shirt.de\/en\/product\/edelstahltasse-mit-karabiner-inkl-druck\/","title":{"rendered":"Edelstahltasse mit Karabiner inkl. Druck"},"content":{"rendered":"<p>WICHTIG: Die Edelstahltasse in Silber wird empfohlen, keine farbigen Bilder zu verwenden.<br \/>\nDa der Hintergrund nicht wei\u00df ist, k\u00f6nnten sich die Farben des Bildes mit dem Hintergrund vermischen.<\/p>\n<p>Diese silberne, sublimierbare Edelstahltasse mit Karabiner ist der perfekte Begleiter f\u00fcr alle Outdoor-Enthusiasten.<br \/>\nSie ist leicht, robust und bruchfest und daher f\u00fcr alle Abenteuer ger\u00fcstet.<br \/>\nDer Karabinerhaken in rot oder silber erm\u00f6glicht eine einfache Befestigung an Rucks\u00e4cken oder G\u00fcrteln, so dass die Tasse immer griffbereit ist.<br \/>\nMit dem optional erh\u00e4ltlichen Deckel ist die Tasse perfekt f\u00fcr den Au\u00dfeneinsatz geeignet.<\/p>\n<p>Leicht, bruchfest und rostfrei<br \/>\n(11 oz)<br \/>\nKarabiner in rot oder silber<br \/>\nHandsp\u00fclung empfohlen<\/p>","protected":false},"excerpt":{"rendered":"<p>\t<a class=\"paoc-popup-click paoc-popup-cust-33223 paoc-popup-simple_link paoc-popup-link\" href=\"javascript:void(0);\">Hier klicken, um die Mengenrabatte einzusehen<\/a><\/p>","protected":false},"featured_media":30733,"comment_status":"open","ping_status":"closed","template":"","meta":{"_acf_changed":false},"product_brand":[],"product_cat":[595,604],"product_tag":[],"class_list":{"0":"post-30732","1":"product","2":"type-product","3":"status-publish","4":"has-post-thumbnail","6":"product_cat-accessoires","7":"product_cat-tassen","9":"first","10":"instock","11":"taxable","12":"shipping-taxable","13":"purchasable","14":"product-type-variable","15":"has-default-attributes"},"acf":[],"_links":{"self":[{"href":"https:\/\/staging.mc-shirt.de\/en\/wp-json\/wp\/v2\/product\/30732","targetHints":{"allow":["GET"]}}],"collection":[{"href":"https:\/\/staging.mc-shirt.de\/en\/wp-json\/wp\/v2\/product"}],"about":[{"href":"https:\/\/staging.mc-shirt.de\/en\/wp-json\/wp\/v2\/types\/product"}],"replies":[{"embeddable":true,"href":"https:\/\/staging.mc-shirt.de\/en\/wp-json\/wp\/v2\/comments?post=30732"}],"version-history":[{"count":0,"href":"https:\/\/staging.mc-shirt.de\/en\/wp-json\/wp\/v2\/product\/30732\/revisions"}],"wp:featuredmedia":[{"embeddable":true,"href":"https:\/\/staging.mc-shirt.de\/en\/wp-json\/wp\/v2\/media\/30733"}],"wp:attachment":[{"href":"https:\/\/staging.mc-shirt.de\/en\/wp-json\/wp\/v2\/media?parent=30732"}],"wp:term":[{"taxonomy":"product_brand","embeddable":true,"href":"https:\/\/staging.mc-shirt.de\/en\/wp-json\/wp\/v2\/product_brand?post=30732"},{"taxonomy":"product_cat","embeddable":true,"href":"https:\/\/staging.mc-shirt.de\/en\/wp-json\/wp\/v2\/product_cat?post=30732"},{"taxonomy":"product_tag","embeddable":true,"href":"https:\/\/staging.mc-shirt.de\/en\/wp-json\/wp\/v2\/product_tag?post=30732"}],"curies":[{"name":"wp","href":"https:\/\/api.w.org\/{rel}","templated":true}]}}