{"id":30727,"date":"2024-01-27T22:46:54","date_gmt":"2024-01-27T21:46:54","guid":{"rendered":"https:\/\/www.mc-shirt.de\/?post_type=product&#038;p=30727"},"modified":"2025-10-07T09:31:43","modified_gmt":"2025-10-07T07:31:43","slug":"emailletasse-weiss-inkl-druck","status":"publish","type":"product","link":"https:\/\/staging.mc-shirt.de\/en\/product\/emailletasse-weiss-inkl-druck\/","title":{"rendered":"Emailletasse wei\u00df inkl. Druck"},"content":{"rendered":"<p>Die Emailletasse ORCA in Wei\u00df mit silbernem Edelstahlrand ist der Klassiker f\u00fcr deine Veredelungsideen. Die Tasse ist perfekt f\u00fcr Sublimationsdruck geeignet.<\/p>\n<ul>\n<li>Ideal f\u00fcr Sublimation und Tonertransfer (CMYK oder CMYW)<\/li>\n<li>F\u00fcr Camping, Picknick oder als tolles Geschenk<\/li>\n<li>Handsp\u00fclung wird empfohlen<\/li>\n<li>Mit hochwertigem ORCA-Coating<\/li>\n<li>0,35 Liter<\/li>\n<\/ul>","protected":false},"excerpt":{"rendered":"<p>\t<a class=\"paoc-popup-click paoc-popup-cust-33223 paoc-popup-simple_link paoc-popup-link\" href=\"javascript:void(0);\">Hier klicken, um die Mengenrabatte einzusehen<\/a><\/p>","protected":false},"featured_media":30730,"comment_status":"open","ping_status":"closed","template":"","meta":{"_acf_changed":false},"product_brand":[],"product_cat":[595,604],"product_tag":[],"class_list":{"0":"post-30727","1":"product","2":"type-product","3":"status-publish","4":"has-post-thumbnail","6":"product_cat-accessoires","7":"product_cat-tassen","9":"first","10":"instock","11":"taxable","12":"shipping-taxable","13":"purchasable","14":"product-type-variable","15":"has-default-attributes"},"acf":[],"_links":{"self":[{"href":"https:\/\/staging.mc-shirt.de\/en\/wp-json\/wp\/v2\/product\/30727","targetHints":{"allow":["GET"]}}],"collection":[{"href":"https:\/\/staging.mc-shirt.de\/en\/wp-json\/wp\/v2\/product"}],"about":[{"href":"https:\/\/staging.mc-shirt.de\/en\/wp-json\/wp\/v2\/types\/product"}],"replies":[{"embeddable":true,"href":"https:\/\/staging.mc-shirt.de\/en\/wp-json\/wp\/v2\/comments?post=30727"}],"version-history":[{"count":0,"href":"https:\/\/staging.mc-shirt.de\/en\/wp-json\/wp\/v2\/product\/30727\/revisions"}],"wp:featuredmedia":[{"embeddable":true,"href":"https:\/\/staging.mc-shirt.de\/en\/wp-json\/wp\/v2\/media\/30730"}],"wp:attachment":[{"href":"https:\/\/staging.mc-shirt.de\/en\/wp-json\/wp\/v2\/media?parent=30727"}],"wp:term":[{"taxonomy":"product_brand","embeddable":true,"href":"https:\/\/staging.mc-shirt.de\/en\/wp-json\/wp\/v2\/product_brand?post=30727"},{"taxonomy":"product_cat","embeddable":true,"href":"https:\/\/staging.mc-shirt.de\/en\/wp-json\/wp\/v2\/product_cat?post=30727"},{"taxonomy":"product_tag","embeddable":true,"href":"https:\/\/staging.mc-shirt.de\/en\/wp-json\/wp\/v2\/product_tag?post=30727"}],"curies":[{"name":"wp","href":"https:\/\/api.w.org\/{rel}","templated":true}]}}