{"id":30721,"date":"2024-01-27T22:42:54","date_gmt":"2024-01-27T21:42:54","guid":{"rendered":"https:\/\/www.mc-shirt.de\/?post_type=product&#038;p=30721"},"modified":"2025-07-11T12:30:17","modified_gmt":"2025-07-11T10:30:17","slug":"edelstahl-thermobecher-o-85-mm-inkl-druck","status":"publish","type":"product","link":"https:\/\/staging.mc-shirt.de\/en\/product\/edelstahl-thermobecher-o-85-mm-inkl-druck\/","title":{"rendered":"Edelstahl-Thermobecher \u00d8 85 mm inkl. Druck"},"content":{"rendered":"<p>WICHTIG: Die Edelstahl-Thermotasse in Silber wird empfohlen, keine farbigen Bilder zu verwenden.<br \/>\nDa der Hintergrund nicht wei\u00df ist, k\u00f6nnten sich die Farben des Bildes mit dem Hintergrund vermischen.<\/p>\n<p>Edelstahl-Thermotasse mit Deckel und Henkel.<\/p>\n<p>Die Thermotasse besteht aus doppelwandigem Edelstahl und ist robust, sto\u00dffest und dennoch leicht.<\/p>\n<p>Die Trink- und Luft\u00f6ffnung kann man Dank des Drehgriffes im Deckel \u00f6ffnen und schlie\u00dfen.<\/p>\n<p>Die Tasse ist in wei\u00df gl\u00e4nzend und silber lieferbar und zur Sublimation bestens geeignet.<\/p>","protected":false},"excerpt":{"rendered":"<p>\t<a class=\"paoc-popup-click paoc-popup-cust-33223 paoc-popup-simple_link paoc-popup-link\" href=\"javascript:void(0);\">Hier klicken, um die Mengenrabatte einzusehen<\/a><\/p>","protected":false},"featured_media":30760,"comment_status":"open","ping_status":"closed","template":"","meta":{"_acf_changed":false},"product_brand":[],"product_cat":[595],"product_tag":[],"class_list":{"0":"post-30721","1":"product","2":"type-product","3":"status-publish","4":"has-post-thumbnail","6":"product_cat-accessoires","8":"first","9":"instock","10":"taxable","11":"shipping-taxable","12":"purchasable","13":"product-type-variable","14":"has-default-attributes"},"acf":[],"_links":{"self":[{"href":"https:\/\/staging.mc-shirt.de\/en\/wp-json\/wp\/v2\/product\/30721","targetHints":{"allow":["GET"]}}],"collection":[{"href":"https:\/\/staging.mc-shirt.de\/en\/wp-json\/wp\/v2\/product"}],"about":[{"href":"https:\/\/staging.mc-shirt.de\/en\/wp-json\/wp\/v2\/types\/product"}],"replies":[{"embeddable":true,"href":"https:\/\/staging.mc-shirt.de\/en\/wp-json\/wp\/v2\/comments?post=30721"}],"version-history":[{"count":0,"href":"https:\/\/staging.mc-shirt.de\/en\/wp-json\/wp\/v2\/product\/30721\/revisions"}],"wp:featuredmedia":[{"embeddable":true,"href":"https:\/\/staging.mc-shirt.de\/en\/wp-json\/wp\/v2\/media\/30760"}],"wp:attachment":[{"href":"https:\/\/staging.mc-shirt.de\/en\/wp-json\/wp\/v2\/media?parent=30721"}],"wp:term":[{"taxonomy":"product_brand","embeddable":true,"href":"https:\/\/staging.mc-shirt.de\/en\/wp-json\/wp\/v2\/product_brand?post=30721"},{"taxonomy":"product_cat","embeddable":true,"href":"https:\/\/staging.mc-shirt.de\/en\/wp-json\/wp\/v2\/product_cat?post=30721"},{"taxonomy":"product_tag","embeddable":true,"href":"https:\/\/staging.mc-shirt.de\/en\/wp-json\/wp\/v2\/product_tag?post=30721"}],"curies":[{"name":"wp","href":"https:\/\/api.w.org\/{rel}","templated":true}]}}