{"id":30702,"date":"2024-01-27T22:26:14","date_gmt":"2024-01-27T21:26:14","guid":{"rendered":"https:\/\/www.mc-shirt.de\/?post_type=product&#038;p=30702"},"modified":"2026-01-28T20:41:37","modified_gmt":"2026-01-28T19:41:37","slug":"powerbank-5-000-mah-aus-bambus-kork","status":"publish","type":"product","link":"https:\/\/staging.mc-shirt.de\/en\/product\/powerbank-5-000-mah-aus-bambus-kork\/","title":{"rendered":"Powerbank 5.000\u202fmAh aus Bambus &#038; Kork inkl. Pers\u00f6nlicher Gravur"},"content":{"rendered":"<p>Powerbank 5.000\u202fmAh aus Bambus &amp; Kork<\/p>\n<p>Nachhaltige Powerbank mit 5.000\u202fmAh Kapazit\u00e4t und Geh\u00e4use aus nat\u00fcrlichem Kork und Bambus. Zwei Ladeanschl\u00fcsse (USB &amp; Typ-C) erm\u00f6glichen das gleichzeitige und effiziente Laden mehrerer Ger\u00e4te. Inklusive Typ-C-Kabel und verpackt in einer umweltfreundlichen Box, ideal f\u00fcr unterwegs und ein klares Statement f\u00fcr Nachhaltigkeit.<\/p>\n<p>Material: Bambus und Kork<br \/>\nKapazit\u00e4t: 5.000\u202fmAh<br \/>\nAnschl\u00fcsse: USB &amp; Typ-C<br \/>\nMa\u00dfe: ca. 9,7\u202fcm x 7\u202fcm x 2\u202fcm (Einheitsgr\u00f6\u00dfe)<\/p>\n<p>Hinweis zur Gravur: Gravuren erfolgen ohne Farbe. Auf Bambus oder Kork erscheint die Gravur meist dunkelbraun, abh\u00e4ngig vom jeweiligen Naturmaterial.<\/p>","protected":false},"excerpt":{"rendered":"<p>\t<a class=\"paoc-popup-click paoc-popup-cust-33223 paoc-popup-simple_link paoc-popup-link\" href=\"javascript:void(0);\">Hier klicken, um die Mengenrabatte einzusehen<\/a><\/p>","protected":false},"featured_media":30705,"comment_status":"open","ping_status":"closed","template":"","meta":{"_acf_changed":false},"product_brand":[717],"product_cat":[595,784],"product_tag":[],"class_list":{"0":"post-30702","1":"product","2":"type-product","3":"status-publish","4":"has-post-thumbnail","6":"product_brand-stamina","7":"product_cat-accessoires","8":"product_cat-gravur","10":"first","11":"instock","12":"taxable","13":"shipping-taxable","14":"purchasable","15":"product-type-simple"},"acf":[],"_links":{"self":[{"href":"https:\/\/staging.mc-shirt.de\/en\/wp-json\/wp\/v2\/product\/30702","targetHints":{"allow":["GET"]}}],"collection":[{"href":"https:\/\/staging.mc-shirt.de\/en\/wp-json\/wp\/v2\/product"}],"about":[{"href":"https:\/\/staging.mc-shirt.de\/en\/wp-json\/wp\/v2\/types\/product"}],"replies":[{"embeddable":true,"href":"https:\/\/staging.mc-shirt.de\/en\/wp-json\/wp\/v2\/comments?post=30702"}],"version-history":[{"count":0,"href":"https:\/\/staging.mc-shirt.de\/en\/wp-json\/wp\/v2\/product\/30702\/revisions"}],"wp:featuredmedia":[{"embeddable":true,"href":"https:\/\/staging.mc-shirt.de\/en\/wp-json\/wp\/v2\/media\/30705"}],"wp:attachment":[{"href":"https:\/\/staging.mc-shirt.de\/en\/wp-json\/wp\/v2\/media?parent=30702"}],"wp:term":[{"taxonomy":"product_brand","embeddable":true,"href":"https:\/\/staging.mc-shirt.de\/en\/wp-json\/wp\/v2\/product_brand?post=30702"},{"taxonomy":"product_cat","embeddable":true,"href":"https:\/\/staging.mc-shirt.de\/en\/wp-json\/wp\/v2\/product_cat?post=30702"},{"taxonomy":"product_tag","embeddable":true,"href":"https:\/\/staging.mc-shirt.de\/en\/wp-json\/wp\/v2\/product_tag?post=30702"}],"curies":[{"name":"wp","href":"https:\/\/api.w.org\/{rel}","templated":true}]}}