{"id":30476,"date":"2024-01-25T05:55:57","date_gmt":"2024-01-25T04:55:57","guid":{"rendered":"https:\/\/www.mc-shirt.de\/?post_type=product&#038;p=30476"},"modified":"2025-11-09T05:51:12","modified_gmt":"2025-11-09T04:51:12","slug":"core-bodywarmer","status":"publish","type":"product","link":"https:\/\/staging.mc-shirt.de\/en\/product\/core-bodywarmer\/","title":{"rendered":"Core Bodywarmer"},"content":{"rendered":"<p>Der oben genannte Preis ist blanko. Sobald das T-Shirt erstellt und im Warenkorb liegt,<br \/>\nsehen Sie den endg\u00fcltigen Preis inklusive Druck.<\/p>\n<p>Merkmale:<br \/>\nAu\u00dfen: 55 g\/m\u00b2, 100% Polyester<\/p>\n<p>Innen: 100% Polyester<\/p>\n<p>Leichtes Material<\/p>\n<p>Full Zip mit Windschutzleiste innen<\/p>\n<p>Gro\u00dfz\u00fcgiger Armausschnitt f\u00fcr mehr Tragekomfort<\/p>\n<p>2 Seitentaschen, Innentasche<\/p>\n<p>Modisch geschnittener R\u00fccken<\/p>\n<p>Winddicht, wasserabweisend und schnelltrocknend<\/p>\n<p>Optimal kombinierbar mit Fleece-Produkten<\/p>\n<p>Veredelungszugang innen im R\u00fccken und auf linker Brustseite<\/p>\n<p>Geeignet f\u00fcr Stick.<\/p>\n<p><img fetchpriority=\"high\" decoding=\"async\" class=\"alignnone size-medium wp-image-30477\" src=\"https:\/\/staging.mc-shirt.de\/wp-content\/uploads\/2024\/01\/Size-37-400x183.png\" alt=\"\" width=\"400\" height=\"183\" srcset=\"https:\/\/staging.mc-shirt.de\/wp-content\/uploads\/2024\/01\/Size-37-400x183.png 400w, https:\/\/staging.mc-shirt.de\/wp-content\/uploads\/2024\/01\/Size-37-700x321.png 700w, https:\/\/staging.mc-shirt.de\/wp-content\/uploads\/2024\/01\/Size-37-768x352.png 768w, https:\/\/staging.mc-shirt.de\/wp-content\/uploads\/2024\/01\/Size-37-860x394.png 860w, https:\/\/staging.mc-shirt.de\/wp-content\/uploads\/2024\/01\/Size-37.png 1089w\" sizes=\"(max-width: 400px) 100vw, 400px\" \/><\/p>","protected":false},"excerpt":{"rendered":"<p>\t<a class=\"paoc-popup-click paoc-popup-cust-33223 paoc-popup-simple_link paoc-popup-link\" href=\"javascript:void(0);\">Hier klicken, um die Mengenrabatte einzusehen<\/a><\/p>","protected":false},"featured_media":38629,"comment_status":"open","ping_status":"closed","template":"","meta":{"_acf_changed":false},"product_brand":[714],"product_cat":[598],"product_tag":[661,662],"class_list":{"0":"post-30476","1":"product","2":"type-product","3":"status-publish","4":"has-post-thumbnail","6":"product_brand-result","7":"product_cat-bodywarmer","8":"product_tag-dtf-transferdruck","9":"product_tag-dtg-direktdruck","11":"first","12":"instock","13":"taxable","14":"shipping-taxable","15":"purchasable","16":"product-type-variable","17":"has-default-attributes"},"acf":[],"_links":{"self":[{"href":"https:\/\/staging.mc-shirt.de\/en\/wp-json\/wp\/v2\/product\/30476","targetHints":{"allow":["GET"]}}],"collection":[{"href":"https:\/\/staging.mc-shirt.de\/en\/wp-json\/wp\/v2\/product"}],"about":[{"href":"https:\/\/staging.mc-shirt.de\/en\/wp-json\/wp\/v2\/types\/product"}],"replies":[{"embeddable":true,"href":"https:\/\/staging.mc-shirt.de\/en\/wp-json\/wp\/v2\/comments?post=30476"}],"version-history":[{"count":0,"href":"https:\/\/staging.mc-shirt.de\/en\/wp-json\/wp\/v2\/product\/30476\/revisions"}],"wp:featuredmedia":[{"embeddable":true,"href":"https:\/\/staging.mc-shirt.de\/en\/wp-json\/wp\/v2\/media\/38629"}],"wp:attachment":[{"href":"https:\/\/staging.mc-shirt.de\/en\/wp-json\/wp\/v2\/media?parent=30476"}],"wp:term":[{"taxonomy":"product_brand","embeddable":true,"href":"https:\/\/staging.mc-shirt.de\/en\/wp-json\/wp\/v2\/product_brand?post=30476"},{"taxonomy":"product_cat","embeddable":true,"href":"https:\/\/staging.mc-shirt.de\/en\/wp-json\/wp\/v2\/product_cat?post=30476"},{"taxonomy":"product_tag","embeddable":true,"href":"https:\/\/staging.mc-shirt.de\/en\/wp-json\/wp\/v2\/product_tag?post=30476"}],"curies":[{"name":"wp","href":"https:\/\/api.w.org\/{rel}","templated":true}]}}