{"id":30371,"date":"2024-01-25T03:37:36","date_gmt":"2024-01-25T02:37:36","guid":{"rendered":"https:\/\/www.mc-shirt.de\/?post_type=product&#038;p=30371"},"modified":"2025-02-28T11:07:04","modified_gmt":"2025-02-28T10:07:04","slug":"core-enhanced-visibility-vest","status":"publish","type":"product","link":"https:\/\/staging.mc-shirt.de\/en\/product\/core-enhanced-visibility-vest\/","title":{"rendered":"Core Enhanced Visibility Vest"},"content":{"rendered":"<p>Der oben genannte Preis ist blanko. Sobald das T-Shirt erstellt und im Warenkorb liegt,<br \/>\nsehen Sie den endg\u00fcltigen Preis inklusive Druck.<\/p>\n<p>Merkmale:<\/p>\n<p>100% Polyester<\/p>\n<p>Fluorescent Orange, Fluorescent Yellow: EN ISO 20471:2013, Klasse 2<\/p>\n<p>Sicherheitsweste mit Reflektorstreifen<\/p>\n<p>Gro\u00dfz\u00fcgig geschnitten, kann \u00fcber der Kleidung getragen werden<\/p>\n<p>Einfassungen in Grey.<\/p>\n<p><img fetchpriority=\"high\" decoding=\"async\" class=\"alignnone size-medium wp-image-30372\" src=\"https:\/\/staging.mc-shirt.de\/wp-content\/uploads\/2024\/01\/Size-31-400x186.png\" alt=\"\" width=\"400\" height=\"186\" srcset=\"https:\/\/staging.mc-shirt.de\/wp-content\/uploads\/2024\/01\/Size-31-400x186.png 400w, https:\/\/staging.mc-shirt.de\/wp-content\/uploads\/2024\/01\/Size-31-700x326.png 700w, https:\/\/staging.mc-shirt.de\/wp-content\/uploads\/2024\/01\/Size-31-768x358.png 768w, https:\/\/staging.mc-shirt.de\/wp-content\/uploads\/2024\/01\/Size-31-860x401.png 860w, https:\/\/staging.mc-shirt.de\/wp-content\/uploads\/2024\/01\/Size-31.png 1073w\" sizes=\"(max-width: 400px) 100vw, 400px\" \/><\/p>","protected":false},"excerpt":{"rendered":"<p>\t<a class=\"paoc-popup-click paoc-popup-cust-33223 paoc-popup-simple_link paoc-popup-link\" href=\"javascript:void(0);\">Hier klicken, um die Mengenrabatte einzusehen<\/a><\/p>","protected":false},"featured_media":30373,"comment_status":"open","ping_status":"closed","template":"","meta":{"_acf_changed":false},"product_brand":[714],"product_cat":[603,598],"product_tag":[661,662],"class_list":{"0":"post-30371","1":"product","2":"type-product","3":"status-publish","4":"has-post-thumbnail","6":"product_brand-result","7":"product_cat-arbeitskleidung","8":"product_cat-bodywarmer","9":"product_tag-dtf-transferdruck","10":"product_tag-dtg-direktdruck","12":"first","13":"instock","14":"taxable","15":"shipping-taxable","16":"purchasable","17":"product-type-variable","18":"has-default-attributes"},"acf":[],"_links":{"self":[{"href":"https:\/\/staging.mc-shirt.de\/en\/wp-json\/wp\/v2\/product\/30371","targetHints":{"allow":["GET"]}}],"collection":[{"href":"https:\/\/staging.mc-shirt.de\/en\/wp-json\/wp\/v2\/product"}],"about":[{"href":"https:\/\/staging.mc-shirt.de\/en\/wp-json\/wp\/v2\/types\/product"}],"replies":[{"embeddable":true,"href":"https:\/\/staging.mc-shirt.de\/en\/wp-json\/wp\/v2\/comments?post=30371"}],"version-history":[{"count":0,"href":"https:\/\/staging.mc-shirt.de\/en\/wp-json\/wp\/v2\/product\/30371\/revisions"}],"wp:featuredmedia":[{"embeddable":true,"href":"https:\/\/staging.mc-shirt.de\/en\/wp-json\/wp\/v2\/media\/30373"}],"wp:attachment":[{"href":"https:\/\/staging.mc-shirt.de\/en\/wp-json\/wp\/v2\/media?parent=30371"}],"wp:term":[{"taxonomy":"product_brand","embeddable":true,"href":"https:\/\/staging.mc-shirt.de\/en\/wp-json\/wp\/v2\/product_brand?post=30371"},{"taxonomy":"product_cat","embeddable":true,"href":"https:\/\/staging.mc-shirt.de\/en\/wp-json\/wp\/v2\/product_cat?post=30371"},{"taxonomy":"product_tag","embeddable":true,"href":"https:\/\/staging.mc-shirt.de\/en\/wp-json\/wp\/v2\/product_tag?post=30371"}],"curies":[{"name":"wp","href":"https:\/\/api.w.org\/{rel}","templated":true}]}}