{"id":41869,"date":"2026-03-05T23:32:01","date_gmt":"2026-03-05T22:32:01","guid":{"rendered":"https:\/\/www.mc-shirt.de\/?page_id=41869"},"modified":"2026-03-05T23:59:43","modified_gmt":"2026-03-05T22:59:43","slug":"unsere-zufriedenheitsgarantie","status":"publish","type":"page","link":"https:\/\/staging.mc-shirt.de\/en\/unsere-zufriedenheitsgarantie\/","title":{"rendered":"Unsere Zufriedenheitsgarantie"},"content":{"rendered":"<div data-elementor-type=\"wp-page\" data-elementor-id=\"41869\" class=\"elementor elementor-41869\" data-elementor-post-type=\"page\">\n\t\t\t\t<div class=\"elementor-element elementor-element-8842708 e-flex e-con-boxed e-con e-parent\" data-id=\"8842708\" data-element_type=\"container\">\n\t\t\t\t\t<div class=\"e-con-inner\">\n\t\t\t\t<div class=\"elementor-element elementor-element-7cae85d elementor-widget elementor-widget-haru-heading\" data-id=\"7cae85d\" data-element_type=\"widget\" data-widget_type=\"haru-heading.default\">\n\t\t\t\t<div class=\"elementor-widget-container\">\n\t\t\t\t\t<h2 class=\"haru-heading-title haru-heading-title--heading-1\"><span>Unsere Zufriedenheitsgarantie <\/h2>\t\t\t\t<\/div>\n\t\t\t\t<\/div>\n\t\t\t\t<div class=\"elementor-element elementor-element-cbce46a elementor-widget elementor-widget-text-editor\" data-id=\"cbce46a\" data-element_type=\"widget\" data-widget_type=\"text-editor.default\">\n\t\t\t\t<div class=\"elementor-widget-container\">\n\t\t\t\t\t\t\t\t\t<p>Bei McShirt Mainz stehen Qualit\u00e4t und Kundenzufriedenheit an erster Stelle. Wir m\u00f6chten, dass du mit deiner Bestellung rundum gl\u00fccklich bist.<\/p>\t\t\t\t\t\t\t\t<\/div>\n\t\t\t\t<\/div>\n\t\t\t\t<div class=\"elementor-element elementor-element-66c7507 elementor-widget elementor-widget-haru-heading\" data-id=\"66c7507\" data-element_type=\"widget\" data-widget_type=\"haru-heading.default\">\n\t\t\t\t<div class=\"elementor-widget-container\">\n\t\t\t\t\t<h2 class=\"haru-heading-title haru-heading-title--sub-heading-1\">30 Tage R\u00fcckgaberecht f\u00fcr unbedruckte Ware<\/h2>\t\t\t\t<\/div>\n\t\t\t\t<\/div>\n\t\t\t\t<div class=\"elementor-element elementor-element-395b705 elementor-widget elementor-widget-heading\" data-id=\"395b705\" data-element_type=\"widget\" data-widget_type=\"heading.default\">\n\t\t\t\t<div class=\"elementor-widget-container\">\n\t\t\t\t\t<h3 class=\"elementor-heading-title elementor-size-default\">Wir bieten dir eine freiwillige R\u00fcckgabefrist von 30 Tagen an. Bitte beachte dabei folgende Regelung:<\/h3>\t\t\t\t<\/div>\n\t\t\t\t<\/div>\n\t\t\t\t<div class=\"elementor-element elementor-element-dc2248d elementor-widget elementor-widget-text-editor\" data-id=\"dc2248d\" data-element_type=\"widget\" data-widget_type=\"text-editor.default\">\n\t\t\t\t<div class=\"elementor-widget-container\">\n\t\t\t\t\t\t\t\t\t<p><strong>Unbedruckte Textilien:<\/strong> Sollte dir ein Artikel ohne Druck nicht passen oder nicht gefallen, kannst du ihn innerhalb von 30 Tagen problemlos an uns zur\u00fccksenden.<\/p><p><strong>Individualisierte Artikel:<\/strong> Bitte habe Verst\u00e4ndnis daf\u00fcr, dass wir Textilien, die bereits nach deinen W\u00fcnschen bedruckt wurden, nicht zur\u00fccknehmen k\u00f6nnen. Diese Unikate sind speziell f\u00fcr dich angefertigt worden.<\/p>\t\t\t\t\t\t\t\t<\/div>\n\t\t\t\t<\/div>\n\t\t\t\t<div class=\"elementor-element elementor-element-653c6ed elementor-widget elementor-widget-haru-heading\" data-id=\"653c6ed\" data-element_type=\"widget\" data-widget_type=\"haru-heading.default\">\n\t\t\t\t<div class=\"elementor-widget-container\">\n\t\t\t\t\t<h2 class=\"haru-heading-title haru-heading-title--sub-heading-1\">Unser Qualit\u00e4tsversprechen<\/h2>\t\t\t\t<\/div>\n\t\t\t\t<\/div>\n\t\t\t\t<div class=\"elementor-element elementor-element-abffa61 elementor-widget elementor-widget-heading\" data-id=\"abffa61\" data-element_type=\"widget\" data-widget_type=\"heading.default\">\n\t\t\t\t<div class=\"elementor-widget-container\">\n\t\t\t\t\t<h3 class=\"elementor-heading-title elementor-size-default\">Auch wenn bedruckte Ware vom regul\u00e4ren Umtausch ausgeschlossen ist, lassen wir dich nicht im Regen stehen:<\/h3>\t\t\t\t<\/div>\n\t\t\t\t<\/div>\n\t\t\t\t<div class=\"elementor-element elementor-element-594a111 elementor-widget elementor-widget-text-editor\" data-id=\"594a111\" data-element_type=\"widget\" data-widget_type=\"text-editor.default\">\n\t\t\t\t<div class=\"elementor-widget-container\">\n\t\t\t\t\t\t\t\t\t<p><strong>Druckfehler oder M\u00e4ngel:<\/strong> Sollte uns beim Druck ein Fehler unterlaufen sein oder das Textil einen Produktionsfehler aufweisen, k\u00fcmmern wir uns sofort darum. In diesem Fall bieten wir dir selbstverst\u00e4ndlich einen kostenlosen Neudruck oder eine Nachbesserung an.<\/p><p><strong>Service vor Ort:<\/strong> Als Mainzer Fachgesch\u00e4ft sind wir f\u00fcr dich da. Du kannst uns bei Fragen zu deiner Bestellung jederzeit kontaktieren oder direkt bei uns im Laden vorbeikommen.<\/p>\t\t\t\t\t\t\t\t<\/div>\n\t\t\t\t<\/div>\n\t\t\t\t\t<\/div>\n\t\t\t\t<\/div>\n\t\t\t\t<\/div>","protected":false},"excerpt":{"rendered":"<p>Unsere Zufriedenheitsgarantie Bei McShirt Mainz stehen Qualit\u00e4t und Kundenzufriedenheit an erster Stelle. Wir m\u00f6chten, dass du mit deiner Bestellung rundum gl\u00fccklich bist. 30 Tage R\u00fcckgaberecht f\u00fcr unbedruckte Ware Wir bieten dir eine freiwillige R\u00fcckgabefrist von 30 Tagen an. Bitte beachte dabei folgende Regelung: Unbedruckte Textilien: Sollte dir ein Artikel ohne Druck nicht passen oder nicht [&hellip;]<\/p>\n","protected":false},"author":12,"featured_media":0,"parent":0,"menu_order":0,"comment_status":"closed","ping_status":"closed","template":"","meta":{"_acf_changed":false,"footnotes":""},"class_list":["post-41869","page","type-page","status-publish","hentry"],"acf":[],"_links":{"self":[{"href":"https:\/\/staging.mc-shirt.de\/en\/wp-json\/wp\/v2\/pages\/41869","targetHints":{"allow":["GET"]}}],"collection":[{"href":"https:\/\/staging.mc-shirt.de\/en\/wp-json\/wp\/v2\/pages"}],"about":[{"href":"https:\/\/staging.mc-shirt.de\/en\/wp-json\/wp\/v2\/types\/page"}],"author":[{"embeddable":true,"href":"https:\/\/staging.mc-shirt.de\/en\/wp-json\/wp\/v2\/users\/12"}],"replies":[{"embeddable":true,"href":"https:\/\/staging.mc-shirt.de\/en\/wp-json\/wp\/v2\/comments?post=41869"}],"version-history":[{"count":0,"href":"https:\/\/staging.mc-shirt.de\/en\/wp-json\/wp\/v2\/pages\/41869\/revisions"}],"wp:attachment":[{"href":"https:\/\/staging.mc-shirt.de\/en\/wp-json\/wp\/v2\/media?parent=41869"}],"curies":[{"name":"wp","href":"https:\/\/api.w.org\/{rel}","templated":true}]}}