{"id":41860,"date":"2026-03-05T23:16:20","date_gmt":"2026-03-05T22:16:20","guid":{"rendered":"https:\/\/www.mc-shirt.de\/?page_id=41860"},"modified":"2026-03-05T23:59:29","modified_gmt":"2026-03-05T22:59:29","slug":"sichere-bezahlmethoden","status":"publish","type":"page","link":"https:\/\/staging.mc-shirt.de\/en\/sichere-bezahlmethoden\/","title":{"rendered":"Sichere Bezahlmethoden"},"content":{"rendered":"<div data-elementor-type=\"wp-page\" data-elementor-id=\"41860\" class=\"elementor elementor-41860\" data-elementor-post-type=\"page\">\n\t\t\t\t<div class=\"elementor-element elementor-element-4492c57 e-flex e-con-boxed e-con e-parent\" data-id=\"4492c57\" data-element_type=\"container\">\n\t\t\t\t\t<div class=\"e-con-inner\">\n\t\t\t\t<div class=\"elementor-element elementor-element-8c26107 elementor-widget elementor-widget-haru-heading\" data-id=\"8c26107\" data-element_type=\"widget\" data-widget_type=\"haru-heading.default\">\n\t\t\t\t<div class=\"elementor-widget-container\">\n\t\t\t\t\t<h2 class=\"haru-heading-title haru-heading-title--heading-1\">Deine <span> Zahlungsm\u00f6glichkeiten<\/span> bei Mc-Shirt Mainz<\/h2>\t\t\t\t<\/div>\n\t\t\t\t<\/div>\n\t\t\t\t<div class=\"elementor-element elementor-element-3b6534d elementor-widget elementor-widget-text-editor\" data-id=\"3b6534d\" data-element_type=\"widget\" data-widget_type=\"text-editor.default\">\n\t\t\t\t<div class=\"elementor-widget-container\">\n\t\t\t\t\t\t\t\t\t<p>Wir m\u00f6chten, dass du deinen Einkauf bei uns so flexibel und sicher wie m\u00f6glich abschlie\u00dfen kannst. Deshalb bieten wir dir eine Vielzahl an modernen Zahlungsm\u00f6glichkeiten an, die alle durch aktuelle Sicherheitsstandards gesch\u00fctzt sind.<\/p>\t\t\t\t\t\t\t\t<\/div>\n\t\t\t\t<\/div>\n\t\t\t\t<div class=\"elementor-element elementor-element-31c1335 elementor-widget elementor-widget-heading\" data-id=\"31c1335\" data-element_type=\"widget\" data-widget_type=\"heading.default\">\n\t\t\t\t<div class=\"elementor-widget-container\">\n\t\t\t\t\t<h3 class=\"elementor-heading-title elementor-size-default\">Wir bieten dir eine freiwillige R\u00fcckgabefrist von 30 Tagen an. Bitte beachte dabei folgende Regelung:<\/h3>\t\t\t\t<\/div>\n\t\t\t\t<\/div>\n\t\t\t\t<div class=\"elementor-element elementor-element-f9a5dac elementor-widget elementor-widget-text-editor\" data-id=\"f9a5dac\" data-element_type=\"widget\" data-widget_type=\"text-editor.default\">\n\t\t\t\t<div class=\"elementor-widget-container\">\n\t\t\t\t\t\t\t\t\t<p>Kredit- und Debitkarten: Wir akzeptieren eine breite Palette an Kartenanbietern, damit du weltweit bequem bezahlen kannst. Dazu geh\u00f6ren Visa, Mastercard und American Express sowie Discover, JCB und UnionPay.<\/p><p>PayPal: Bezahle schnell und sicher mit deinem PayPal-Konto und profitiere vom integrierten K\u00e4uferschutz.<\/p><p>Direkte Bank\u00fcberweisung: Du kannst den Rechnungsbetrag auch klassisch per Vorkasse an uns \u00fcberweisen. Sobald die Zahlung bei uns eingeht, beginnen wir mit der Bearbeitung deiner Bestellung.<\/p>\t\t\t\t\t\t\t\t<\/div>\n\t\t\t\t<\/div>\n\t\t\t\t<div class=\"elementor-element elementor-element-724fb18 elementor-widget elementor-widget-heading\" data-id=\"724fb18\" data-element_type=\"widget\" data-widget_type=\"heading.default\">\n\t\t\t\t<div class=\"elementor-widget-container\">\n\t\t\t\t\t<h3 class=\"elementor-heading-title elementor-size-default\">Deine Sicherheit ist uns wichtig<\/h3>\t\t\t\t<\/div>\n\t\t\t\t<\/div>\n\t\t\t\t<div class=\"elementor-element elementor-element-79fae3c elementor-widget elementor-widget-text-editor\" data-id=\"79fae3c\" data-element_type=\"widget\" data-widget_type=\"text-editor.default\">\n\t\t\t\t<div class=\"elementor-widget-container\">\n\t\t\t\t\t\t\t\t\t<p><strong>SSL-Verschl\u00fcsselung:<\/strong> Alle Transaktionen werden \u00fcber eine gesicherte SSL-Verbindung \u00fcbertragen, um deine Daten vor unbefugtem Zugriff zu sch\u00fctzen.<\/p><p><strong>Transparenz:<\/strong> Alle Preise in unserem Shop werden inklusive der gesetzlichen Mehrwertsteuer ausgewiesen, sodass du immer den vollen \u00dcberblick beh\u00e4ltst.<\/p>\t\t\t\t\t\t\t\t<\/div>\n\t\t\t\t<\/div>\n\t\t\t\t\t<\/div>\n\t\t\t\t<\/div>\n\t\t\t\t<\/div>","protected":false},"excerpt":{"rendered":"<p>Deine Zahlungsm\u00f6glichkeiten bei Mc-Shirt Mainz Wir m\u00f6chten, dass du deinen Einkauf bei uns so flexibel und sicher wie m\u00f6glich abschlie\u00dfen kannst. Deshalb bieten wir dir eine Vielzahl an modernen Zahlungsm\u00f6glichkeiten an, die alle durch aktuelle Sicherheitsstandards gesch\u00fctzt sind. Wir bieten dir eine freiwillige R\u00fcckgabefrist von 30 Tagen an. Bitte beachte dabei folgende Regelung: Kredit- und [&hellip;]<\/p>\n","protected":false},"author":12,"featured_media":0,"parent":0,"menu_order":0,"comment_status":"closed","ping_status":"closed","template":"","meta":{"_acf_changed":false,"footnotes":""},"class_list":["post-41860","page","type-page","status-publish","hentry"],"acf":[],"_links":{"self":[{"href":"https:\/\/staging.mc-shirt.de\/en\/wp-json\/wp\/v2\/pages\/41860","targetHints":{"allow":["GET"]}}],"collection":[{"href":"https:\/\/staging.mc-shirt.de\/en\/wp-json\/wp\/v2\/pages"}],"about":[{"href":"https:\/\/staging.mc-shirt.de\/en\/wp-json\/wp\/v2\/types\/page"}],"author":[{"embeddable":true,"href":"https:\/\/staging.mc-shirt.de\/en\/wp-json\/wp\/v2\/users\/12"}],"replies":[{"embeddable":true,"href":"https:\/\/staging.mc-shirt.de\/en\/wp-json\/wp\/v2\/comments?post=41860"}],"version-history":[{"count":0,"href":"https:\/\/staging.mc-shirt.de\/en\/wp-json\/wp\/v2\/pages\/41860\/revisions"}],"wp:attachment":[{"href":"https:\/\/staging.mc-shirt.de\/en\/wp-json\/wp\/v2\/media?parent=41860"}],"curies":[{"name":"wp","href":"https:\/\/api.w.org\/{rel}","templated":true}]}}