{"id":39644,"date":"2025-10-01T20:15:35","date_gmt":"2025-10-01T18:15:35","guid":{"rendered":"https:\/\/www.mc-shirt.de\/?page_id=39644"},"modified":"2025-10-24T18:28:00","modified_gmt":"2025-10-24T16:28:00","slug":"bild-bearbeitung","status":"publish","type":"page","link":"https:\/\/staging.mc-shirt.de\/en\/bild-bearbeitung\/","title":{"rendered":"Bild Bearbeitung"},"content":{"rendered":"<div data-elementor-type=\"wp-page\" data-elementor-id=\"39644\" class=\"elementor elementor-39644\" data-elementor-post-type=\"page\">\n\t\t\t\t<div class=\"elementor-element elementor-element-30288ee e-flex e-con-boxed e-con e-parent\" data-id=\"30288ee\" data-element_type=\"container\">\n\t\t\t\t\t<div class=\"e-con-inner\">\n\t\t\t\t<div class=\"elementor-element elementor-element-91b7c4a elementor-widget elementor-widget-image\" data-id=\"91b7c4a\" data-element_type=\"widget\" data-widget_type=\"image.default\">\n\t\t\t\t<div class=\"elementor-widget-container\">\n\t\t\t\t\t\t\t\t\t\t\t\t\t\t\t<img fetchpriority=\"high\" decoding=\"async\" width=\"2560\" height=\"614\" src=\"https:\/\/staging.mc-shirt.de\/wp-content\/uploads\/2025\/10\/banner-scaled.webp\" class=\"attachment-full size-full wp-image-39645\" alt=\"Bildbearbeitung mit KI\" srcset=\"https:\/\/staging.mc-shirt.de\/wp-content\/uploads\/2025\/10\/banner-scaled.webp 2560w, https:\/\/staging.mc-shirt.de\/wp-content\/uploads\/2025\/10\/banner-400x96.webp 400w, https:\/\/staging.mc-shirt.de\/wp-content\/uploads\/2025\/10\/banner-1300x312.webp 1300w, https:\/\/staging.mc-shirt.de\/wp-content\/uploads\/2025\/10\/banner-768x184.webp 768w, https:\/\/staging.mc-shirt.de\/wp-content\/uploads\/2025\/10\/banner-1536x369.webp 1536w, https:\/\/staging.mc-shirt.de\/wp-content\/uploads\/2025\/10\/banner-2048x492.webp 2048w, https:\/\/staging.mc-shirt.de\/wp-content\/uploads\/2025\/10\/banner-700x168.webp 700w\" sizes=\"(max-width: 2560px) 100vw, 2560px\" \/>\t\t\t\t\t\t\t\t\t\t\t\t\t\t\t<\/div>\n\t\t\t\t<\/div>\n\t\t\t\t\t<\/div>\n\t\t\t\t<\/div>\n\t\t<div class=\"elementor-element elementor-element-c3a0aa4 e-flex e-con-boxed e-con e-parent\" data-id=\"c3a0aa4\" data-element_type=\"container\">\n\t\t\t\t\t<div class=\"e-con-inner\">\n\t\t\t\t<div class=\"elementor-element elementor-element-166caf9 elementor-widget elementor-widget-spacer\" data-id=\"166caf9\" data-element_type=\"widget\" data-widget_type=\"spacer.default\">\n\t\t\t\t<div class=\"elementor-widget-container\">\n\t\t\t\t\t\t\t<div class=\"elementor-spacer\">\n\t\t\t<div class=\"elementor-spacer-inner\"><\/div>\n\t\t<\/div>\n\t\t\t\t\t\t<\/div>\n\t\t\t\t<\/div>\n\t\t\t\t\t<\/div>\n\t\t\t\t<\/div>\n\t\t<div class=\"elementor-element elementor-element-0806563 e-flex e-con-boxed e-con e-parent\" data-id=\"0806563\" data-element_type=\"container\">\n\t\t\t\t\t<div class=\"e-con-inner\">\n\t\t\t\t<div class=\"elementor-element elementor-element-e090584 text-center elementor-widget elementor-widget-elementskit-accordion\" data-id=\"e090584\" data-element_type=\"widget\" data-widget_type=\"elementskit-accordion.default\">\n\t\t\t\t<div class=\"elementor-widget-container\">\n\t\t\t\t\t<div class=\"ekit-wid-con\" >\n        <div class=\"elementskit-accordion accoedion-primary\" id=\"accordion-69d23e645b1c5\">\n\n            \n                <div class=\"elementskit-card active\">\n                    <div class=\"elementskit-card-header\" id=\"primaryHeading-0-e090584\">\n                        <a href=\"#collapse-0207ece69d23e645b1c5\" class=\"ekit-accordion--toggler elementskit-btn-link collapsed\" data-ekit-toggle=\"collapse\" data-target=\"#Collapse-0207ece69d23e645b1c5\" aria-expanded=\"true\" aria-controls=\"Collapse-0207ece69d23e645b1c5\">\n                            \n                            <span class=\"ekit-accordion-title\">Anleitung: KI Bild-Optimierung<\/span>\n\n                            \n                                <div class=\"ekit_accordion_icon_group\">\n                                    <div class=\"ekit_accordion_normal_icon\">\n                                        <!-- Normal Icon -->\n\t\t\t\t\t\t\t\t\t\t                                    <\/div>\n\n                                    <div class=\"ekit_accordion_active_icon\">\n                                        <!-- Active Icon -->\n\t\t\t\t\t\t\t\t\t\t                                    <\/div>\n                                <\/div>\n\n                            \n                                                    <\/a>\n                    <\/div>\n\n                    <div id=\"Collapse-0207ece69d23e645b1c5\" class=\"show collapse\" aria-labelledby=\"primaryHeading-0-e090584\" data-parent=\"#accordion-69d23e645b1c5\">\n\n                        <div class=\"elementskit-card-body ekit-accordion--content\">\n                            <p>Funktion w\u00e4hlen: Klicke auf \"Hintergrund entfernen\", \"Hochskalieren\" oder \"Vektorisieren\".<\/p>\n<p>Bild hochladen &amp; Kaufen: Lade dein Bild hoch. Pr\u00fcfe die KI-Vorschau und kaufe die verbesserte Datei.<\/p>\n<p>Datei nutzen: Lade die neue Datei (per E-Mail oder Download erhalten) in den T-Shirt-Konfigurator, um dein Produkt zu gestalten.<\/p>                        <\/div>\n\n                    <\/div>\n\n                <\/div><!-- .elementskit-card END -->\n\n                                        <\/div>\n    <\/div>\t\t\t\t<\/div>\n\t\t\t\t<\/div>\n\t\t\t\t\t<\/div>\n\t\t\t\t<\/div>\n\t\t<div class=\"elementor-element elementor-element-f0c9776 e-flex e-con-boxed e-con e-parent\" data-id=\"f0c9776\" data-element_type=\"container\">\n\t\t\t\t\t<div class=\"e-con-inner\">\n\t\t\t\t<div class=\"elementor-element elementor-element-a800907 elementor-widget elementor-widget-spacer\" data-id=\"a800907\" data-element_type=\"widget\" data-widget_type=\"spacer.default\">\n\t\t\t\t<div class=\"elementor-widget-container\">\n\t\t\t\t\t\t\t<div class=\"elementor-spacer\">\n\t\t\t<div class=\"elementor-spacer-inner\"><\/div>\n\t\t<\/div>\n\t\t\t\t\t\t<\/div>\n\t\t\t\t<\/div>\n\t\t\t\t\t<\/div>\n\t\t\t\t<\/div>\n\t\t<div class=\"elementor-element elementor-element-1120533e e-flex e-con-boxed e-con e-parent\" data-id=\"1120533e\" data-element_type=\"container\">\n\t\t\t\t\t<div class=\"e-con-inner\">\n\t\t\t\t<div class=\"elementor-element elementor-element-3fb1583 elementor-widget elementor-widget-text-editor\" data-id=\"3fb1583\" data-element_type=\"widget\" data-widget_type=\"text-editor.default\">\n\t\t\t\t<div class=\"elementor-widget-container\">\n\t\t\t\t\t\t\t\t\t<p>    <form id=\"picsart-form\" method=\"post\" enctype=\"multipart\/form-data\" action=\"\">\r\n        <div id=\"picsart-action\">\r\n            <div class=\"action-item\">\r\n                <img data-value=\"removeBackground\" id=\"removeBackground-action\" class=\"picsart-action-value picsart-action-image\" alt=\"Remove Background\">\r\n                <label for=\"removeBackground-action\" class=\"picsart-action-label\">Hintergrundentfernung<\/label>\r\n                <p class=\"picsart-action-price\"><span class=\"woocommerce-Price-amount amount\"><bdi>1,29&nbsp;<span class=\"woocommerce-Price-currencySymbol\">&euro;<\/span><\/bdi><\/span> <small class=\"woocommerce-price-suffix\">inkl. MwSt<\/small><\/p>\r\n            <\/div>\r\n            <div class=\"action-item\">\r\n                <img data-value=\"upscale\" id=\"upscale-action\" class=\"picsart-action-value picsart-action-image\" alt=\"Upscale\">\r\n                <label for=\"upscale-action\" class=\"picsart-action-label\">Hochskalierung<\/label>\r\n                <p class=\"picsart-action-price\"><span class=\"woocommerce-Price-amount amount\"><bdi>1,29&nbsp;<span class=\"woocommerce-Price-currencySymbol\">&euro;<\/span><\/bdi><\/span> <small class=\"woocommerce-price-suffix\">inkl. MwSt<\/small><\/p>\r\n            <\/div>\r\n            <div class=\"action-item\">\r\n                <img data-value=\"vectorize\" id=\"vectorize-action\" class=\"picsart-action-value picsart-action-image\" alt=\"Vectorize\">\r\n                <label for=\"vectorize-action\" class=\"picsart-action-label\">Vektorisierung<\/label>\r\n                <p class=\"picsart-action-price\"><span class=\"woocommerce-Price-amount amount\"><bdi>1,79&nbsp;<span class=\"woocommerce-Price-currencySymbol\">&euro;<\/span><\/bdi><\/span> <small class=\"woocommerce-price-suffix\">inkl. MwSt<\/small><\/p>\r\n            <\/div>\r\n        <\/div>\r\n        <div id=\"img-comp-wrapper\">\r\n            <div class=\"img-comp-container\">\r\n                <div class=\"image-after img-comp-img\" data-type=\"backgroundRemover\">\r\n                    <img>\r\n                <\/div>\r\n                <div class=\"img-comp-slider\" data-type=\"backgroundRemover\">\r\n                    <img alt=\"Resize Cursor\">\r\n                <\/div>\r\n                <div class=\"image-before img-comp-img img-comp-overlay\" data-type=\"backgroundRemover\">\r\n                    <img>\r\n                <\/div>\r\n            <\/div>\r\n            <div class=\"img-comp-container\">\r\n                <div class=\"image-after img-comp-img\" data-type=\"upscale\">\r\n                    <img>\r\n                <\/div>\r\n                <div class=\"img-comp-slider\" data-type=\"upscale\">\r\n                    <img alt=\"Resize Cursor\">\r\n                <\/div>\r\n                <div class=\"image-before img-comp-img img-comp-overlay\" data-type=\"upscale\">\r\n                    <img>\r\n                <\/div>\r\n            <\/div>\r\n            <div class=\"img-comp-container\">\r\n                <div class=\"image-after img-comp-img\" data-type=\"vectorize\">\r\n                    <img>\r\n                <\/div>\r\n                <div class=\"img-comp-slider\" data-type=\"vectorize\">\r\n                    <img alt=\"Resize Cursor\">\r\n                <\/div>\r\n                <div class=\"image-before img-comp-img img-comp-overlay\" data-type=\"vectorize\">\r\n                    <img>\r\n                <\/div>\r\n            <\/div>\r\n        <\/div>\r\n        <div id=\"picsart-options-modal\">\r\n            <div class=\"picsart-options-wrapper\">\r\n                <p id=\"picsart-img-upload-wrapper\" style=\"display:none;\">\r\n                    <label id=\"image-upload-label\" for=\"picsart-image\">Bild hochladen<\/label>\r\n                    <input type=\"file\" name=\"picsart-image\" id=\"picsart-image\" accept=\"image\/*\" required hidden>\r\n                <\/p>\r\n                <div id=\"options-removeBackground\" class=\"picsart-action-options\" style=\"display:none;\">\r\n                    <p><label for=\"bg-format\">Format:<\/label><select name=\"bg_format\" id=\"bg-format\"><option value=\"PNG\" selected>PNG<\/option><option value=\"WEBP\">WEBP<\/option><\/select><\/p>\r\n                <\/div>\r\n                <div id=\"options-upscale\" class=\"picsart-action-options\" style=\"display:none;\">\r\n                    <p><label for=\"upscale-factor\">Hochskalierungs Faktor:<\/label><select name=\"upscale_factor\" id=\"upscale-factor\"><option value=\"2\">2x<\/option><option value=\"4\">4x<\/option><option value=\"6\">6x<\/option><option value=\"8\">8x<\/option><\/select><\/p>\r\n                    <p><label for=\"upscale-format\">Format:<\/label><select name=\"upscale_format\" id=\"upscale-format\"><option value=\"JPG\">JPG<\/option><option value=\"PNG\" selected>PNG<\/option><option value=\"WEBP\">WEBP<\/option><\/select><\/p>\r\n                <\/div>\r\n            <\/div>\r\n        <\/div>\r\n        <p>\r\n            <input type=\"hidden\" id=\"picsart_nonce\" name=\"picsart_nonce\" value=\"e74347d6b7\" \/><input type=\"hidden\" name=\"_wp_http_referer\" value=\"\/en\/wp-json\/wp\/v2\/pages\/39644\" \/>            <input id=\"picsart-submit-button\" class=\"picsart-button\" type=\"submit\" name=\"picsart-submit\" value=\"Bild bearbeiten \u2728\" style=\"display:none;\">\r\n        <\/p>\r\n    <input type=\"hidden\" name=\"trp-form-language\" value=\"en\"\/><\/form>\r\n    <div class=\"picsart-image-display-wrapper\">\r\n        <div id=\"picsart-image-display\" class=\"picsart-image-display\">\r\n            <div id=\"picsart-preview-container\" class=\"picsart-image-box\" style=\"display:none;\"><h4>Original Bild<\/h4><\/div>\r\n            <div id=\"picsart-result-container\" class=\"picsart-image-box\" style=\"display:none;\"><h4>Bearbeitetes Bild<\/h4><\/div>\r\n        <\/div>\r\n    <\/div>\r\n    <\/p>\n<p><!-- \/wp:paragraph --><!-- wp:paragraph --><\/p>\t\t\t\t\t\t\t\t<\/div>\n\t\t\t\t<\/div>\n\t\t\t\t\t<\/div>\n\t\t\t\t<\/div>\n\t\t<div class=\"elementor-element elementor-element-bc854c6 e-flex e-con-boxed e-con e-parent\" data-id=\"bc854c6\" data-element_type=\"container\">\n\t\t\t\t\t<div class=\"e-con-inner\">\n\t\t\t\t<div class=\"elementor-element elementor-element-b3cf186 elementor-widget elementor-widget-spacer\" data-id=\"b3cf186\" data-element_type=\"widget\" data-widget_type=\"spacer.default\">\n\t\t\t\t<div class=\"elementor-widget-container\">\n\t\t\t\t\t\t\t<div class=\"elementor-spacer\">\n\t\t\t<div class=\"elementor-spacer-inner\"><\/div>\n\t\t<\/div>\n\t\t\t\t\t\t<\/div>\n\t\t\t\t<\/div>\n\t\t\t\t\t<\/div>\n\t\t\t\t<\/div>\n\t\t<div class=\"elementor-element elementor-element-34a8bd5 e-flex e-con-boxed e-con e-parent\" data-id=\"34a8bd5\" data-element_type=\"container\">\n\t\t\t\t\t<div class=\"e-con-inner\">\n\t\t\t\t<div class=\"elementor-element elementor-element-b3a6f9e elementor-widget elementor-widget-heading\" data-id=\"b3a6f9e\" data-element_type=\"widget\" data-widget_type=\"heading.default\">\n\t\t\t\t<div class=\"elementor-widget-container\">\n\t\t\t\t\t<h1 class=\"elementor-heading-title elementor-size-default\">Fragen &amp; Antworten<\/h1>\t\t\t\t<\/div>\n\t\t\t\t<\/div>\n\t\t\t\t\t<\/div>\n\t\t\t\t<\/div>\n\t\t<div class=\"elementor-element elementor-element-73ee60c e-flex e-con-boxed e-con e-parent\" data-id=\"73ee60c\" data-element_type=\"container\">\n\t\t\t\t\t<div class=\"e-con-inner\">\n\t\t\t\t<div class=\"elementor-element elementor-element-2ffcb44 elementor-widget elementor-widget-spacer\" data-id=\"2ffcb44\" data-element_type=\"widget\" data-widget_type=\"spacer.default\">\n\t\t\t\t<div class=\"elementor-widget-container\">\n\t\t\t\t\t\t\t<div class=\"elementor-spacer\">\n\t\t\t<div class=\"elementor-spacer-inner\"><\/div>\n\t\t<\/div>\n\t\t\t\t\t\t<\/div>\n\t\t\t\t<\/div>\n\t\t\t\t\t<\/div>\n\t\t\t\t<\/div>\n\t\t<div class=\"elementor-element elementor-element-a6fedef e-flex e-con-boxed e-con e-parent\" data-id=\"a6fedef\" data-element_type=\"container\">\n\t\t\t\t\t<div class=\"e-con-inner\">\n\t\t\t\t<div class=\"elementor-element elementor-element-eac3cea elementor-widget elementor-widget-elementskit-accordion\" data-id=\"eac3cea\" data-element_type=\"widget\" data-widget_type=\"elementskit-accordion.default\">\n\t\t\t\t<div class=\"elementor-widget-container\">\n\t\t\t\t\t<div class=\"ekit-wid-con\" >\n        <div class=\"elementskit-accordion accoedion-primary\" id=\"accordion-69d23e645f6ce\">\n\n            \n                <div class=\"elementskit-card active\">\n                    <div class=\"elementskit-card-header\" id=\"primaryHeading-0-eac3cea\">\n                        <a href=\"#collapse-b9ad2f769d23e645f6ce\" class=\"ekit-accordion--toggler elementskit-btn-link collapsed\" data-ekit-toggle=\"collapse\" data-target=\"#Collapse-b9ad2f769d23e645f6ce\" aria-expanded=\"true\" aria-controls=\"Collapse-b9ad2f769d23e645f6ce\">\n                            \n                            <span class=\"ekit-accordion-title\">Was ist Hintergrund entfernen?<\/span>\n\n                            \n                                <div class=\"ekit_accordion_icon_group\">\n                                    <div class=\"ekit_accordion_normal_icon\">\n                                        <!-- Normal Icon -->\n\t\t\t\t\t\t\t\t\t\t<i class=\"icon icon-down-arrow1\"><\/i>                                    <\/div>\n\n                                    <div class=\"ekit_accordion_active_icon\">\n                                        <!-- Active Icon -->\n\t\t\t\t\t\t\t\t\t\t<i class=\"icon icon-up-arrow\"><\/i>                                    <\/div>\n                                <\/div>\n\n                            \n                                                    <\/a>\n                    <\/div>\n\n                    <div id=\"Collapse-b9ad2f769d23e645f6ce\" class=\"show collapse\" aria-labelledby=\"primaryHeading-0-eac3cea\" data-parent=\"#accordion-69d23e645f6ce\">\n\n                        <div class=\"elementskit-card-body ekit-accordion--content\">\n                            <p>Dabei wird der Hintergrund aus einem Bild gel\u00f6scht, sodass nur das Motiv \u00fcbrig bleibt (extrem kleine Bilder mit schlechter Qualit\u00e4t k\u00f6nnen ein schlechtes Ergebnis vorweisen)<\/p>                        <\/div>\n\n                    <\/div>\n\n                <\/div><!-- .elementskit-card END -->\n\n                \n                <div class=\"elementskit-card\">\n                    <div class=\"elementskit-card-header\" id=\"primaryHeading-1-eac3cea\">\n                        <a href=\"#collapse-fc5e89f69d23e645f6ce\" class=\"ekit-accordion--toggler elementskit-btn-link collapsed\" data-ekit-toggle=\"collapse\" data-target=\"#Collapse-fc5e89f69d23e645f6ce\" aria-expanded=\"false\" aria-controls=\"Collapse-fc5e89f69d23e645f6ce\">\n                            \n                            <span class=\"ekit-accordion-title\">Was ist Vektorisieren?<\/span>\n\n                            \n                                <div class=\"ekit_accordion_icon_group\">\n                                    <div class=\"ekit_accordion_normal_icon\">\n                                        <!-- Normal Icon -->\n\t\t\t\t\t\t\t\t\t\t<i class=\"icon icon-down-arrow1\"><\/i>                                    <\/div>\n\n                                    <div class=\"ekit_accordion_active_icon\">\n                                        <!-- Active Icon -->\n\t\t\t\t\t\t\t\t\t\t<i class=\"icon icon-up-arrow\"><\/i>                                    <\/div>\n                                <\/div>\n\n                            \n                                                    <\/a>\n                    <\/div>\n\n                    <div id=\"Collapse-fc5e89f69d23e645f6ce\" class=\"collapse\" aria-labelledby=\"primaryHeading-1-eac3cea\" data-parent=\"#accordion-69d23e645f6ce\">\n\n                        <div class=\"elementskit-card-body ekit-accordion--content\">\n                            <p>Ein Bild wird in eine Vektorgrafik umgewandelt, die in jeder Gr\u00f6\u00dfe gestochen scharf bleibt (extrem kleine Bilder mit schlechter Qualit\u00e4t k\u00f6nnen ein schlechtes Ergebnis vorweisen)<\/p>                        <\/div>\n\n                    <\/div>\n\n                <\/div><!-- .elementskit-card END -->\n\n                \n                <div class=\"elementskit-card\">\n                    <div class=\"elementskit-card-header\" id=\"primaryHeading-2-eac3cea\">\n                        <a href=\"#collapse-85d0db769d23e645f6ce\" class=\"ekit-accordion--toggler elementskit-btn-link collapsed\" data-ekit-toggle=\"collapse\" data-target=\"#Collapse-85d0db769d23e645f6ce\" aria-expanded=\"false\" aria-controls=\"Collapse-85d0db769d23e645f6ce\">\n                            \n                            <span class=\"ekit-accordion-title\">Was ist Hochskalieren?<\/span>\n\n                            \n                                <div class=\"ekit_accordion_icon_group\">\n                                    <div class=\"ekit_accordion_normal_icon\">\n                                        <!-- Normal Icon -->\n\t\t\t\t\t\t\t\t\t\t<i class=\"icon icon-down-arrow1\"><\/i>                                    <\/div>\n\n                                    <div class=\"ekit_accordion_active_icon\">\n                                        <!-- Active Icon -->\n\t\t\t\t\t\t\t\t\t\t<i class=\"icon icon-up-arrow\"><\/i>                                    <\/div>\n                                <\/div>\n\n                            \n                                                    <\/a>\n                    <\/div>\n\n                    <div id=\"Collapse-85d0db769d23e645f6ce\" class=\"collapse\" aria-labelledby=\"primaryHeading-2-eac3cea\" data-parent=\"#accordion-69d23e645f6ce\">\n\n                        <div class=\"elementskit-card-body ekit-accordion--content\">\n                            <p>Ein Bild wird vergr\u00f6\u00dfert und seine Aufl\u00f6sung verbessert, damit es klarer und druckf\u00e4hig wird (extrem kleine Bilder mit schlechter Qualit\u00e4t k\u00f6nnen ein schlechtes Ergebnis vorweisen)<\/p>                        <\/div>\n\n                    <\/div>\n\n                <\/div><!-- .elementskit-card END -->\n\n                                        <\/div>\n    <\/div>\t\t\t\t<\/div>\n\t\t\t\t<\/div>\n\t\t\t\t<div class=\"elementor-element elementor-element-92b35a6 elementor-widget elementor-widget-spacer\" data-id=\"92b35a6\" data-element_type=\"widget\" data-widget_type=\"spacer.default\">\n\t\t\t\t<div class=\"elementor-widget-container\">\n\t\t\t\t\t\t\t<div class=\"elementor-spacer\">\n\t\t\t<div class=\"elementor-spacer-inner\"><\/div>\n\t\t<\/div>\n\t\t\t\t\t\t<\/div>\n\t\t\t\t<\/div>\n\t\t\t\t\t<\/div>\n\t\t\t\t<\/div>\n\t\t\t\t<\/div>","protected":false},"excerpt":{"rendered":"<p>Anleitung: KI Bild-Optimierung Funktion w\u00e4hlen: Klicke auf &#8220;Hintergrund entfernen&#8221;, &#8220;Hochskalieren&#8221; oder &#8220;Vektorisieren&#8221;. Bild hochladen &amp; Kaufen: Lade dein Bild hoch. Pr\u00fcfe die KI-Vorschau und kaufe die verbesserte Datei. Datei nutzen: Lade die neue Datei (per E-Mail oder Download erhalten) in den T-Shirt-Konfigurator, um dein Produkt zu gestalten. Fragen &amp; Antworten Was ist Hintergrund entfernen? Dabei [&hellip;]<\/p>\n","protected":false},"author":163,"featured_media":0,"parent":0,"menu_order":0,"comment_status":"closed","ping_status":"closed","template":"","meta":{"_acf_changed":false,"footnotes":""},"class_list":["post-39644","page","type-page","status-publish","hentry"],"acf":[],"_links":{"self":[{"href":"https:\/\/staging.mc-shirt.de\/en\/wp-json\/wp\/v2\/pages\/39644","targetHints":{"allow":["GET"]}}],"collection":[{"href":"https:\/\/staging.mc-shirt.de\/en\/wp-json\/wp\/v2\/pages"}],"about":[{"href":"https:\/\/staging.mc-shirt.de\/en\/wp-json\/wp\/v2\/types\/page"}],"author":[{"embeddable":true,"href":"https:\/\/staging.mc-shirt.de\/en\/wp-json\/wp\/v2\/users\/163"}],"replies":[{"embeddable":true,"href":"https:\/\/staging.mc-shirt.de\/en\/wp-json\/wp\/v2\/comments?post=39644"}],"version-history":[{"count":0,"href":"https:\/\/staging.mc-shirt.de\/en\/wp-json\/wp\/v2\/pages\/39644\/revisions"}],"wp:attachment":[{"href":"https:\/\/staging.mc-shirt.de\/en\/wp-json\/wp\/v2\/media?parent=39644"}],"curies":[{"name":"wp","href":"https:\/\/api.w.org\/{rel}","templated":true}]}}