{"id":34434,"date":"2024-12-30T17:57:53","date_gmt":"2024-12-30T16:57:53","guid":{"rendered":"https:\/\/www.mc-shirt.de\/?page_id=34434"},"modified":"2025-07-18T21:25:29","modified_gmt":"2025-07-18T19:25:29","slug":"geschenkgutscheine","status":"publish","type":"page","link":"https:\/\/staging.mc-shirt.de\/en\/geschenkgutscheine\/","title":{"rendered":"Geschenkgutscheine"},"content":{"rendered":"<div data-elementor-type=\"wp-page\" data-elementor-id=\"34434\" class=\"elementor elementor-34434\" data-elementor-post-type=\"page\">\n\t\t\t\t<div class=\"elementor-element elementor-element-bf9c8a1 e-con-full e-flex e-con e-parent\" data-id=\"bf9c8a1\" data-element_type=\"container\" data-settings=\"{&quot;background_background&quot;:&quot;classic&quot;}\">\n\t\t<div class=\"elementor-element elementor-element-3296def e-flex e-con-boxed e-con e-child\" data-id=\"3296def\" data-element_type=\"container\">\n\t\t\t\t\t<div class=\"e-con-inner\">\n\t\t\t\t<div class=\"elementor-element elementor-element-8753121 elementor-widget elementor-widget-heading\" data-id=\"8753121\" data-element_type=\"widget\" data-widget_type=\"heading.default\">\n\t\t\t\t<div class=\"elementor-widget-container\">\n\t\t\t\t\t<h1 class=\"elementor-heading-title elementor-size-default\">Geschenkgutscheine<\/h1>\t\t\t\t<\/div>\n\t\t\t\t<\/div>\n\t\t\t\t\t<\/div>\n\t\t\t\t<\/div>\n\t\t<div class=\"elementor-element elementor-element-411fba9 e-flex e-con-boxed e-con e-child\" data-id=\"411fba9\" data-element_type=\"container\">\n\t\t\t\t\t<div class=\"e-con-inner\">\n\t\t\t\t\t<\/div>\n\t\t\t\t<\/div>\n\t\t\t\t<\/div>\n\t\t<div class=\"elementor-element elementor-element-14229dc e-con-full e-flex e-con e-parent\" data-id=\"14229dc\" data-element_type=\"container\">\n\t\t\t\t<div class=\"elementor-element elementor-element-7daee8a elementor-widget elementor-widget-haru-heading\" data-id=\"7daee8a\" data-element_type=\"widget\" data-widget_type=\"haru-heading.default\">\n\t\t\t\t<div class=\"elementor-widget-container\">\n\t\t\t\t\t<h2 class=\"haru-heading-title haru-heading-title--heading-2\"><span>Geschenkgutscheine<\/span><\/h2>\t\t\t\t<\/div>\n\t\t\t\t<\/div>\n\t\t<div class=\"elementor-element elementor-element-fcbb252 e-con-full e-flex e-con e-child\" data-id=\"fcbb252\" data-element_type=\"container\">\n\t\t<div class=\"elementor-element elementor-element-0b16991 e-con-full e-flex e-con e-child\" data-id=\"0b16991\" data-element_type=\"container\">\n\t\t\t\t<div class=\"elementor-element elementor-element-85d3dee elementor-widget elementor-widget-image\" data-id=\"85d3dee\" data-element_type=\"widget\" data-widget_type=\"image.default\">\n\t\t\t\t<div class=\"elementor-widget-container\">\n\t\t\t\t\t\t\t\t\t\t\t\t\t\t\t\t<a href=\"https:\/\/staging.mc-shirt.de\/en\/product\/gift-card\/\">\n\t\t\t\t\t\t\t<img fetchpriority=\"high\" decoding=\"async\" width=\"2048\" height=\"1197\" src=\"https:\/\/staging.mc-shirt.de\/wp-content\/uploads\/2025\/07\/mcshirt-mainz-geschenkkarte-standard-10-500-euro.jpg\" class=\"attachment-full size-full wp-image-38605\" alt=\"McShirt Mainz Standard Geschenkkarte mit Bulldoggenlogo \u2013 einl\u00f6sbar von 10 bis 500 Euro\" srcset=\"https:\/\/staging.mc-shirt.de\/wp-content\/uploads\/2025\/07\/mcshirt-mainz-geschenkkarte-standard-10-500-euro.jpg 2048w, https:\/\/staging.mc-shirt.de\/wp-content\/uploads\/2025\/07\/mcshirt-mainz-geschenkkarte-standard-10-500-euro-400x234.jpg 400w, https:\/\/staging.mc-shirt.de\/wp-content\/uploads\/2025\/07\/mcshirt-mainz-geschenkkarte-standard-10-500-euro-1300x760.jpg 1300w, https:\/\/staging.mc-shirt.de\/wp-content\/uploads\/2025\/07\/mcshirt-mainz-geschenkkarte-standard-10-500-euro-768x449.jpg 768w, https:\/\/staging.mc-shirt.de\/wp-content\/uploads\/2025\/07\/mcshirt-mainz-geschenkkarte-standard-10-500-euro-1536x898.jpg 1536w, https:\/\/staging.mc-shirt.de\/wp-content\/uploads\/2025\/07\/mcshirt-mainz-geschenkkarte-standard-10-500-euro-700x409.jpg 700w\" sizes=\"(max-width: 2048px) 100vw, 2048px\" \/>\t\t\t\t\t\t\t\t<\/a>\n\t\t\t\t\t\t\t\t\t\t\t\t\t\t\t<\/div>\n\t\t\t\t<\/div>\n\t\t\t\t<div class=\"elementor-element elementor-element-c9445a8 elementor-widget elementor-widget-haru-heading\" data-id=\"c9445a8\" data-element_type=\"widget\" data-widget_type=\"haru-heading.default\">\n\t\t\t\t<div class=\"elementor-widget-container\">\n\t\t\t\t\t<h3 class=\"haru-heading-title haru-heading-title--heading-6\">Geschenkgutscheine<\/h3>\t\t\t\t<\/div>\n\t\t\t\t<\/div>\n\t\t\t\t<div class=\"elementor-element elementor-element-3bd4aee elementor-widget elementor-widget-text-editor\" data-id=\"3bd4aee\" data-element_type=\"widget\" data-widget_type=\"text-editor.default\">\n\t\t\t\t<div class=\"elementor-widget-container\">\n\t\t\t\t\t\t\t\t\t<p>Geschenkgutschein f\u00fcr jeden Moment und\u00a0Tag.<\/p>\t\t\t\t\t\t\t\t<\/div>\n\t\t\t\t<\/div>\n\t\t\t\t<\/div>\n\t\t<div class=\"elementor-element elementor-element-0b39aa1 e-con-full e-flex e-con e-child\" data-id=\"0b39aa1\" data-element_type=\"container\">\n\t\t\t\t<div class=\"elementor-element elementor-element-6e26481 elementor-widget elementor-widget-image\" data-id=\"6e26481\" data-element_type=\"widget\" data-widget_type=\"image.default\">\n\t\t\t\t<div class=\"elementor-widget-container\">\n\t\t\t\t\t\t\t\t\t\t\t\t\t\t\t\t<a href=\"https:\/\/staging.mc-shirt.de\/en\/product\/geburtstagskarte\/\">\n\t\t\t\t\t\t\t<img decoding=\"async\" width=\"2048\" height=\"1197\" src=\"https:\/\/staging.mc-shirt.de\/wp-content\/uploads\/2025\/07\/mcshirt-mainz-geschenkkarte-geburtstag-10-500-euro.jpg\" class=\"attachment-full size-full wp-image-38607\" alt=\"McShirt Mainz Geschenkkarte zum Geburtstag mit bunter Torte \u2013 einl\u00f6sbar von 10 bis 500 Euro\" srcset=\"https:\/\/staging.mc-shirt.de\/wp-content\/uploads\/2025\/07\/mcshirt-mainz-geschenkkarte-geburtstag-10-500-euro.jpg 2048w, https:\/\/staging.mc-shirt.de\/wp-content\/uploads\/2025\/07\/mcshirt-mainz-geschenkkarte-geburtstag-10-500-euro-400x234.jpg 400w, https:\/\/staging.mc-shirt.de\/wp-content\/uploads\/2025\/07\/mcshirt-mainz-geschenkkarte-geburtstag-10-500-euro-1300x760.jpg 1300w, https:\/\/staging.mc-shirt.de\/wp-content\/uploads\/2025\/07\/mcshirt-mainz-geschenkkarte-geburtstag-10-500-euro-768x449.jpg 768w, https:\/\/staging.mc-shirt.de\/wp-content\/uploads\/2025\/07\/mcshirt-mainz-geschenkkarte-geburtstag-10-500-euro-1536x898.jpg 1536w, https:\/\/staging.mc-shirt.de\/wp-content\/uploads\/2025\/07\/mcshirt-mainz-geschenkkarte-geburtstag-10-500-euro-700x409.jpg 700w\" sizes=\"(max-width: 2048px) 100vw, 2048px\" \/>\t\t\t\t\t\t\t\t<\/a>\n\t\t\t\t\t\t\t\t\t\t\t\t\t\t\t<\/div>\n\t\t\t\t<\/div>\n\t\t\t\t<div class=\"elementor-element elementor-element-83dd3fc elementor-widget elementor-widget-haru-heading\" data-id=\"83dd3fc\" data-element_type=\"widget\" data-widget_type=\"haru-heading.default\">\n\t\t\t\t<div class=\"elementor-widget-container\">\n\t\t\t\t\t<h3 class=\"haru-heading-title haru-heading-title--heading-6\">Geburtstagskarte<\/h3>\t\t\t\t<\/div>\n\t\t\t\t<\/div>\n\t\t\t\t<div class=\"elementor-element elementor-element-6e3f7f0 elementor-widget elementor-widget-text-editor\" data-id=\"6e3f7f0\" data-element_type=\"widget\" data-widget_type=\"text-editor.default\">\n\t\t\t\t<div class=\"elementor-widget-container\">\n\t\t\t\t\t\t\t\t\t<p>Geschenkgutschein zum Geburtstag<\/p>\t\t\t\t\t\t\t\t<\/div>\n\t\t\t\t<\/div>\n\t\t\t\t<\/div>\n\t\t<div class=\"elementor-element elementor-element-bb33394 e-con-full e-flex e-con e-child\" data-id=\"bb33394\" data-element_type=\"container\">\n\t\t\t\t<div class=\"elementor-element elementor-element-7994c0c elementor-widget elementor-widget-image\" data-id=\"7994c0c\" data-element_type=\"widget\" data-widget_type=\"image.default\">\n\t\t\t\t<div class=\"elementor-widget-container\">\n\t\t\t\t\t\t\t\t\t\t\t\t\t\t\t\t<a href=\"https:\/\/staging.mc-shirt.de\/en\/product\/jubilaeum\/\">\n\t\t\t\t\t\t\t<img decoding=\"async\" width=\"2048\" height=\"1197\" src=\"https:\/\/staging.mc-shirt.de\/wp-content\/uploads\/2025\/07\/Gift-Card_Viel_Glueck-Gift-Card-mit-McShirt-Mainz-Logo-und-Wertbereich-von-10E-bis-500E.webp\" class=\"attachment-full size-full wp-image-38603\" alt=\"Gift Card mit McShirt Mainz Logo und Wertbereich von 10\u20ac bis 500\u20ac\" srcset=\"https:\/\/staging.mc-shirt.de\/wp-content\/uploads\/2025\/07\/Gift-Card_Viel_Glueck-Gift-Card-mit-McShirt-Mainz-Logo-und-Wertbereich-von-10E-bis-500E.webp 2048w, https:\/\/staging.mc-shirt.de\/wp-content\/uploads\/2025\/07\/Gift-Card_Viel_Glueck-Gift-Card-mit-McShirt-Mainz-Logo-und-Wertbereich-von-10E-bis-500E-400x234.webp 400w, https:\/\/staging.mc-shirt.de\/wp-content\/uploads\/2025\/07\/Gift-Card_Viel_Glueck-Gift-Card-mit-McShirt-Mainz-Logo-und-Wertbereich-von-10E-bis-500E-1300x760.webp 1300w, https:\/\/staging.mc-shirt.de\/wp-content\/uploads\/2025\/07\/Gift-Card_Viel_Glueck-Gift-Card-mit-McShirt-Mainz-Logo-und-Wertbereich-von-10E-bis-500E-768x449.webp 768w, https:\/\/staging.mc-shirt.de\/wp-content\/uploads\/2025\/07\/Gift-Card_Viel_Glueck-Gift-Card-mit-McShirt-Mainz-Logo-und-Wertbereich-von-10E-bis-500E-1536x898.webp 1536w, https:\/\/staging.mc-shirt.de\/wp-content\/uploads\/2025\/07\/Gift-Card_Viel_Glueck-Gift-Card-mit-McShirt-Mainz-Logo-und-Wertbereich-von-10E-bis-500E-700x409.webp 700w\" sizes=\"(max-width: 2048px) 100vw, 2048px\" \/>\t\t\t\t\t\t\t\t<\/a>\n\t\t\t\t\t\t\t\t\t\t\t\t\t\t\t<\/div>\n\t\t\t\t<\/div>\n\t\t\t\t<div class=\"elementor-element elementor-element-b2746ae elementor-widget elementor-widget-haru-heading\" data-id=\"b2746ae\" data-element_type=\"widget\" data-widget_type=\"haru-heading.default\">\n\t\t\t\t<div class=\"elementor-widget-container\">\n\t\t\t\t\t<h3 class=\"haru-heading-title haru-heading-title--heading-6\">Jubil\u00e4um<\/h3>\t\t\t\t<\/div>\n\t\t\t\t<\/div>\n\t\t\t\t<div class=\"elementor-element elementor-element-fe691a6 elementor-widget elementor-widget-text-editor\" data-id=\"fe691a6\" data-element_type=\"widget\" data-widget_type=\"text-editor.default\">\n\t\t\t\t<div class=\"elementor-widget-container\">\n\t\t\t\t\t\t\t\t\t<p>Geschenkgutschein f\u00fcr die perfekte Jubil\u00e4ums\u00fcberraschung<\/p>\t\t\t\t\t\t\t\t<\/div>\n\t\t\t\t<\/div>\n\t\t\t\t<\/div>\n\t\t\t\t<\/div>\n\t\t<div class=\"elementor-element elementor-element-a06a068 e-con-full e-flex e-con e-child\" data-id=\"a06a068\" data-element_type=\"container\">\n\t\t<div class=\"elementor-element elementor-element-a45fdf0 e-con-full e-flex e-con e-child\" data-id=\"a45fdf0\" data-element_type=\"container\">\n\t\t\t\t<div class=\"elementor-element elementor-element-811e330 elementor-widget elementor-widget-image\" data-id=\"811e330\" data-element_type=\"widget\" data-widget_type=\"image.default\">\n\t\t\t\t<div class=\"elementor-widget-container\">\n\t\t\t\t\t\t\t\t\t\t\t\t\t\t\t\t<a href=\"https:\/\/staging.mc-shirt.de\/en\/product\/heiraten\/\">\n\t\t\t\t\t\t\t<img loading=\"lazy\" decoding=\"async\" width=\"2048\" height=\"1197\" src=\"https:\/\/staging.mc-shirt.de\/wp-content\/uploads\/2025\/07\/mcshirt-mainz-geschenkkarte-hochzeit-10-500-euro.jpg\" class=\"attachment-full size-full wp-image-38606\" alt=\"McShirt Mainz Geschenkkarte zur Hochzeit mit Blumenmotiv \u2013 einl\u00f6sbar von 10 bis 500 Euro\" srcset=\"https:\/\/staging.mc-shirt.de\/wp-content\/uploads\/2025\/07\/mcshirt-mainz-geschenkkarte-hochzeit-10-500-euro.jpg 2048w, https:\/\/staging.mc-shirt.de\/wp-content\/uploads\/2025\/07\/mcshirt-mainz-geschenkkarte-hochzeit-10-500-euro-400x234.jpg 400w, https:\/\/staging.mc-shirt.de\/wp-content\/uploads\/2025\/07\/mcshirt-mainz-geschenkkarte-hochzeit-10-500-euro-1300x760.jpg 1300w, https:\/\/staging.mc-shirt.de\/wp-content\/uploads\/2025\/07\/mcshirt-mainz-geschenkkarte-hochzeit-10-500-euro-768x449.jpg 768w, https:\/\/staging.mc-shirt.de\/wp-content\/uploads\/2025\/07\/mcshirt-mainz-geschenkkarte-hochzeit-10-500-euro-1536x898.jpg 1536w, https:\/\/staging.mc-shirt.de\/wp-content\/uploads\/2025\/07\/mcshirt-mainz-geschenkkarte-hochzeit-10-500-euro-700x409.jpg 700w\" sizes=\"(max-width: 2048px) 100vw, 2048px\" \/>\t\t\t\t\t\t\t\t<\/a>\n\t\t\t\t\t\t\t\t\t\t\t\t\t\t\t<\/div>\n\t\t\t\t<\/div>\n\t\t\t\t<div class=\"elementor-element elementor-element-c11dd9c elementor-widget elementor-widget-haru-heading\" data-id=\"c11dd9c\" data-element_type=\"widget\" data-widget_type=\"haru-heading.default\">\n\t\t\t\t<div class=\"elementor-widget-container\">\n\t\t\t\t\t<h3 class=\"haru-heading-title haru-heading-title--heading-6\">Heiraten<\/h3>\t\t\t\t<\/div>\n\t\t\t\t<\/div>\n\t\t\t\t<div class=\"elementor-element elementor-element-329fc2e elementor-widget elementor-widget-text-editor\" data-id=\"329fc2e\" data-element_type=\"widget\" data-widget_type=\"text-editor.default\">\n\t\t\t\t<div class=\"elementor-widget-container\">\n\t\t\t\t\t\t\t\t\t<p>Hochzeitsgeschenk-Gutschein f\u00fcr das Brautpaar<\/p>\t\t\t\t\t\t\t\t<\/div>\n\t\t\t\t<\/div>\n\t\t\t\t<\/div>\n\t\t<div class=\"elementor-element elementor-element-0326cde e-con-full e-flex e-con e-child\" data-id=\"0326cde\" data-element_type=\"container\">\n\t\t\t\t<div class=\"elementor-element elementor-element-8e431f7 elementor-widget elementor-widget-image\" data-id=\"8e431f7\" data-element_type=\"widget\" data-widget_type=\"image.default\">\n\t\t\t\t<div class=\"elementor-widget-container\">\n\t\t\t\t\t\t\t\t\t\t\t\t\t\t\t\t<a href=\"https:\/\/staging.mc-shirt.de\/en\/product\/ostern\/\">\n\t\t\t\t\t\t\t<img fetchpriority=\"high\" decoding=\"async\" width=\"2048\" height=\"1197\" src=\"https:\/\/staging.mc-shirt.de\/wp-content\/uploads\/2025\/07\/mcshirt-mainz-geschenkkarte-standard-10-500-euro.jpg\" class=\"attachment-full size-full wp-image-38605\" alt=\"McShirt Mainz Standard Geschenkkarte mit Bulldoggenlogo \u2013 einl\u00f6sbar von 10 bis 500 Euro\" srcset=\"https:\/\/staging.mc-shirt.de\/wp-content\/uploads\/2025\/07\/mcshirt-mainz-geschenkkarte-standard-10-500-euro.jpg 2048w, https:\/\/staging.mc-shirt.de\/wp-content\/uploads\/2025\/07\/mcshirt-mainz-geschenkkarte-standard-10-500-euro-400x234.jpg 400w, https:\/\/staging.mc-shirt.de\/wp-content\/uploads\/2025\/07\/mcshirt-mainz-geschenkkarte-standard-10-500-euro-1300x760.jpg 1300w, https:\/\/staging.mc-shirt.de\/wp-content\/uploads\/2025\/07\/mcshirt-mainz-geschenkkarte-standard-10-500-euro-768x449.jpg 768w, https:\/\/staging.mc-shirt.de\/wp-content\/uploads\/2025\/07\/mcshirt-mainz-geschenkkarte-standard-10-500-euro-1536x898.jpg 1536w, https:\/\/staging.mc-shirt.de\/wp-content\/uploads\/2025\/07\/mcshirt-mainz-geschenkkarte-standard-10-500-euro-700x409.jpg 700w\" sizes=\"(max-width: 2048px) 100vw, 2048px\" \/>\t\t\t\t\t\t\t\t<\/a>\n\t\t\t\t\t\t\t\t\t\t\t\t\t\t\t<\/div>\n\t\t\t\t<\/div>\n\t\t\t\t<div class=\"elementor-element elementor-element-52d493b elementor-widget elementor-widget-haru-heading\" data-id=\"52d493b\" data-element_type=\"widget\" data-widget_type=\"haru-heading.default\">\n\t\t\t\t<div class=\"elementor-widget-container\">\n\t\t\t\t\t<h3 class=\"haru-heading-title haru-heading-title--heading-6\">Ostern<\/h3>\t\t\t\t<\/div>\n\t\t\t\t<\/div>\n\t\t\t\t<div class=\"elementor-element elementor-element-d967180 elementor-widget elementor-widget-text-editor\" data-id=\"d967180\" data-element_type=\"widget\" data-widget_type=\"text-editor.default\">\n\t\t\t\t<div class=\"elementor-widget-container\">\n\t\t\t\t\t\t\t\t\t<p>Geschenkgutschein f\u00fcr die perfekte Oster\u00fcberraschung<\/p>\t\t\t\t\t\t\t\t<\/div>\n\t\t\t\t<\/div>\n\t\t\t\t<\/div>\n\t\t<div class=\"elementor-element elementor-element-e3c4bf3 e-con-full e-flex e-con e-child\" data-id=\"e3c4bf3\" data-element_type=\"container\">\n\t\t\t\t<div class=\"elementor-element elementor-element-1a2962c elementor-widget elementor-widget-image\" data-id=\"1a2962c\" data-element_type=\"widget\" data-widget_type=\"image.default\">\n\t\t\t\t<div class=\"elementor-widget-container\">\n\t\t\t\t\t\t\t\t\t\t\t\t\t\t\t\t<a href=\"https:\/\/staging.mc-shirt.de\/en\/product\/danke\/\">\n\t\t\t\t\t\t\t<img loading=\"lazy\" decoding=\"async\" width=\"2048\" height=\"1197\" src=\"https:\/\/staging.mc-shirt.de\/wp-content\/uploads\/2025\/07\/mcshirt-mainz-geschenkkarte-danke-10-500-euro.jpg\" class=\"attachment-full size-full wp-image-38608\" alt=\"McShirt Mainz Geschenkkarte mit Dankesch\u00f6n-Motiv und bunten Punkten \u2013 einl\u00f6sbar von 10 bis 500 Euro\" srcset=\"https:\/\/staging.mc-shirt.de\/wp-content\/uploads\/2025\/07\/mcshirt-mainz-geschenkkarte-danke-10-500-euro.jpg 2048w, https:\/\/staging.mc-shirt.de\/wp-content\/uploads\/2025\/07\/mcshirt-mainz-geschenkkarte-danke-10-500-euro-400x234.jpg 400w, https:\/\/staging.mc-shirt.de\/wp-content\/uploads\/2025\/07\/mcshirt-mainz-geschenkkarte-danke-10-500-euro-1300x760.jpg 1300w, https:\/\/staging.mc-shirt.de\/wp-content\/uploads\/2025\/07\/mcshirt-mainz-geschenkkarte-danke-10-500-euro-768x449.jpg 768w, https:\/\/staging.mc-shirt.de\/wp-content\/uploads\/2025\/07\/mcshirt-mainz-geschenkkarte-danke-10-500-euro-1536x898.jpg 1536w, https:\/\/staging.mc-shirt.de\/wp-content\/uploads\/2025\/07\/mcshirt-mainz-geschenkkarte-danke-10-500-euro-700x409.jpg 700w\" sizes=\"(max-width: 2048px) 100vw, 2048px\" \/>\t\t\t\t\t\t\t\t<\/a>\n\t\t\t\t\t\t\t\t\t\t\t\t\t\t\t<\/div>\n\t\t\t\t<\/div>\n\t\t\t\t<div class=\"elementor-element elementor-element-ab875ca elementor-widget elementor-widget-haru-heading\" data-id=\"ab875ca\" data-element_type=\"widget\" data-widget_type=\"haru-heading.default\">\n\t\t\t\t<div class=\"elementor-widget-container\">\n\t\t\t\t\t<h3 class=\"haru-heading-title haru-heading-title--heading-6\">Danke<\/h3>\t\t\t\t<\/div>\n\t\t\t\t<\/div>\n\t\t\t\t<div class=\"elementor-element elementor-element-4804bff elementor-widget elementor-widget-text-editor\" data-id=\"4804bff\" data-element_type=\"widget\" data-widget_type=\"text-editor.default\">\n\t\t\t\t<div class=\"elementor-widget-container\">\n\t\t\t\t\t\t\t\t\t<p>Dankesch\u00f6n-Gutschein f\u00fcr jeden\u00a0Anlass<\/p>\t\t\t\t\t\t\t\t<\/div>\n\t\t\t\t<\/div>\n\t\t\t\t<\/div>\n\t\t\t\t<\/div>\n\t\t\t\t<\/div>\n\t\t<div class=\"elementor-element elementor-element-75e98e7 e-con-full e-flex e-con e-parent\" data-id=\"75e98e7\" data-element_type=\"container\">\n\t\t\t\t<div class=\"elementor-element elementor-element-fa1b583 elementor-widget elementor-widget-haru-heading\" data-id=\"fa1b583\" data-element_type=\"widget\" data-widget_type=\"haru-heading.default\">\n\t\t\t\t<div class=\"elementor-widget-container\">\n\t\t\t\t\t<h2 class=\"haru-heading-title haru-heading-title--heading-2\"><span>Information<\/span><\/h2>\t\t\t\t<\/div>\n\t\t\t\t<\/div>\n\t\t\t\t<div class=\"elementor-element elementor-element-7d571de elementor-widget elementor-widget-haru-steps\" data-id=\"7d571de\" data-element_type=\"widget\" data-widget_type=\"haru-steps.default\">\n\t\t\t\t<div class=\"elementor-widget-container\">\n\t\t\t\t\t\n                            <div class=\"haru-steps haru-steps--list-3\">\n                      \n  \n      <ul class=\"haru-steps__list\">\n              <li class=\"haru-steps__item active\" data-index=\"0\">\n                      <div class=\"haru-steps__content\">\n              <div class=\"haru-steps__sub-title\">\n                <div class=\"haru-steps__sub-title-content\">1<\/div>\n                <div class=\"haru-steps__sub-title-decor\">\n                  <svg width=\"188\" height=\"29\" viewbox=\"0 0 188 29\" fill=\"none\" xmlns=\"http:\/\/www.w3.org\/2000\/svg\">\n                    <path opacity=\"0.5\" d=\"M1 28C30.1765 7.62517 108.224 -20.8996 187 28\" stroke=\"#B479D9\" stroke-width=\"2\" stroke-linecap=\"round\" stroke-dasharray=\"5 5\"\/>\n                  <\/svg>\n                <\/div>\n              <\/div>\n              <div class=\"haru-steps__info\">\n                <h6 class=\"haru-steps__title\">Gutschein kaufen<\/h6>\n                <div class=\"haru-steps__description\">Gestalte deinen pers\u00f6nlichen Geschenkgutschein in nur wenigen Schritten: W\u00e4hle aus einer Vielzahl an einzigartigen Designs, die perfekt f\u00fcr jeden Anlass passen. Entscheide dich f\u00fcr den Betrag, den du verschenken m\u00f6chtest, und bezahle bequem online. Dein Gutschein wird direkt per E-Mail an\u00a0dich\u00a0geschickt<\/div>\n              <\/div>\n              <div class=\"haru-steps__btn haru-button haru-button--text-primary haru-button--size-normal\">            <\/div>\n                  <\/li>\n              <li class=\"haru-steps__item\" data-index=\"1\">\n                      <div class=\"haru-steps__content\">\n              <div class=\"haru-steps__sub-title\">\n                <div class=\"haru-steps__sub-title-content\">2<\/div>\n                <div class=\"haru-steps__sub-title-decor\">\n                  <svg width=\"188\" height=\"29\" viewbox=\"0 0 188 29\" fill=\"none\" xmlns=\"http:\/\/www.w3.org\/2000\/svg\">\n                    <path opacity=\"0.5\" d=\"M1 28C30.1765 7.62517 108.224 -20.8996 187 28\" stroke=\"#B479D9\" stroke-width=\"2\" stroke-linecap=\"round\" stroke-dasharray=\"5 5\"\/>\n                  <\/svg>\n                <\/div>\n              <\/div>\n              <div class=\"haru-steps__info\">\n                <h6 class=\"haru-steps__title\">Gutschein verschenken<\/h6>\n                <div class=\"haru-steps__description\">Sie k\u00f6nnen den Gutschein einfach ausdrucken oder den Gutscheincode weiterleiten  und der Beschenkte kann ihn nutzen, um eigene W\u00fcnsche zu erf\u00fcllen und pers\u00f6nliche Dinge bedrucken zu lassen. Egal ob Tassen, T-Shirts oder andere kreative Produkte. Dieser Gutschein macht jedes Geschenk einzigartig und\u00a0individuell.<\/div>\n              <\/div>\n              <div class=\"haru-steps__btn haru-button haru-button--text-primary haru-button--size-normal\">            <\/div>\n                  <\/li>\n              <li class=\"haru-steps__item\" data-index=\"2\">\n                      <div class=\"haru-steps__content\">\n              <div class=\"haru-steps__sub-title\">\n                <div class=\"haru-steps__sub-title-content\">3<\/div>\n                <div class=\"haru-steps__sub-title-decor\">\n                  <svg width=\"188\" height=\"29\" viewbox=\"0 0 188 29\" fill=\"none\" xmlns=\"http:\/\/www.w3.org\/2000\/svg\">\n                    <path opacity=\"0.5\" d=\"M1 28C30.1765 7.62517 108.224 -20.8996 187 28\" stroke=\"#B479D9\" stroke-width=\"2\" stroke-linecap=\"round\" stroke-dasharray=\"5 5\"\/>\n                  <\/svg>\n                <\/div>\n              <\/div>\n              <div class=\"haru-steps__info\">\n                <h6 class=\"haru-steps__title\">Gutschein einl\u00f6sen<\/h6>\n                <div class=\"haru-steps__description\">L\u00f6sen Sie Ihren Geschenkgutschein ganz einfach in unserem Online-Shop an der Kasse ein oder kommen Sie direkt vor Ort vorbei und lassen sich pers\u00f6nlich beraten. Der Gutschein hat kein Ablaufdatum, sodass Sie ihn ganz nach Belieben einl\u00f6sen\u00a0k\u00f6nnen.<\/div>\n              <\/div>\n              <div class=\"haru-steps__btn haru-button haru-button--text-primary haru-button--size-normal\">            <\/div>\n                  <\/li>\n          <\/ul>\n  \n  \n                  <\/div>\n            \n            \t\t\t\t<\/div>\n\t\t\t\t<\/div>\n\t\t\t\t<\/div>\n\t\t\t\t<\/div>","protected":false},"excerpt":{"rendered":"<p>Geschenkgutscheine Geschenkgutscheine Geschenkgutscheine Geschenkgutschein f\u00fcr jeden Moment und\u00a0Tag. Geburtstagskarte Geschenkgutschein zum Geburtstag Jubil\u00e4um Geschenkgutschein f\u00fcr die perfekte Jubil\u00e4ums\u00fcberraschung Heiraten Hochzeitsgeschenk-Gutschein f\u00fcr das Brautpaar Ostern Geschenkgutschein f\u00fcr die perfekte Oster\u00fcberraschung Danke Dankesch\u00f6n-Gutschein f\u00fcr jeden\u00a0Anlass Information 1 Gutschein kaufen Gestalte deinen pers\u00f6nlichen Geschenkgutschein in nur wenigen Schritten: W\u00e4hle aus einer Vielzahl an einzigartigen Designs, die perfekt f\u00fcr [&hellip;]<\/p>\n","protected":false},"author":12,"featured_media":0,"parent":0,"menu_order":0,"comment_status":"closed","ping_status":"closed","template":"","meta":{"_acf_changed":false,"footnotes":""},"class_list":["post-34434","page","type-page","status-publish","hentry"],"acf":[],"_links":{"self":[{"href":"https:\/\/staging.mc-shirt.de\/en\/wp-json\/wp\/v2\/pages\/34434","targetHints":{"allow":["GET"]}}],"collection":[{"href":"https:\/\/staging.mc-shirt.de\/en\/wp-json\/wp\/v2\/pages"}],"about":[{"href":"https:\/\/staging.mc-shirt.de\/en\/wp-json\/wp\/v2\/types\/page"}],"author":[{"embeddable":true,"href":"https:\/\/staging.mc-shirt.de\/en\/wp-json\/wp\/v2\/users\/12"}],"replies":[{"embeddable":true,"href":"https:\/\/staging.mc-shirt.de\/en\/wp-json\/wp\/v2\/comments?post=34434"}],"version-history":[{"count":0,"href":"https:\/\/staging.mc-shirt.de\/en\/wp-json\/wp\/v2\/pages\/34434\/revisions"}],"wp:attachment":[{"href":"https:\/\/staging.mc-shirt.de\/en\/wp-json\/wp\/v2\/media?parent=34434"}],"curies":[{"name":"wp","href":"https:\/\/api.w.org\/{rel}","templated":true}]}}