{"id":33469,"date":"2024-11-27T17:58:42","date_gmt":"2024-11-27T16:58:42","guid":{"rendered":"https:\/\/www.mc-shirt.de\/?page_id=33469"},"modified":"2026-03-02T20:26:49","modified_gmt":"2026-03-02T19:26:49","slug":"ueber-uns","status":"publish","type":"page","link":"https:\/\/staging.mc-shirt.de\/en\/ueber-uns\/","title":{"rendered":"\u00dcber uns"},"content":{"rendered":"<div data-elementor-type=\"wp-page\" data-elementor-id=\"33469\" class=\"elementor elementor-33469\" data-elementor-post-type=\"page\">\n\t\t\t\t<div class=\"elementor-element elementor-element-504ba69 e-flex e-con-boxed e-con e-parent\" data-id=\"504ba69\" data-element_type=\"container\" data-settings=\"{&quot;background_background&quot;:&quot;video&quot;,&quot;background_video_link&quot;:&quot;https:\\\/\\\/youtu.be\\\/e5eHf8Sn1Qc&quot;}\">\n\t\t\t\t\t<div class=\"e-con-inner\">\n\t\t<div class=\"elementor-background-video-container elementor-hidden-mobile\" aria-hidden=\"true\">\n\t\t\t\t\t\t\t<div class=\"elementor-background-video-embed\"><\/div>\n\t\t\t\t\t\t<\/div>\t\t<div class=\"elementor-element elementor-element-27e34bc elementor-widget elementor-widget-spacer\" data-id=\"27e34bc\" data-element_type=\"widget\" data-widget_type=\"spacer.default\">\n\t\t\t\t<div class=\"elementor-widget-container\">\n\t\t\t\t\t\t\t<div class=\"elementor-spacer\">\n\t\t\t<div class=\"elementor-spacer-inner\"><\/div>\n\t\t<\/div>\n\t\t\t\t\t\t<\/div>\n\t\t\t\t<\/div>\n\t\t\t\t<div class=\"elementor-element elementor-element-6dcc304 elementor-widget elementor-widget-counter\" data-id=\"6dcc304\" data-element_type=\"widget\" data-widget_type=\"counter.default\">\n\t\t\t\t<div class=\"elementor-widget-container\">\n\t\t\t\t\t\t\t<div class=\"elementor-counter\">\n\t\t\t<h1 class=\"elementor-counter-title\">\u00dcber uns<\/h1>\t\t\t<div class=\"elementor-counter-number-wrapper\">\n\t\t\t\t<span class=\"elementor-counter-number-prefix\"><\/span>\n\t\t\t\t<span class=\"elementor-counter-number\" data-duration=\"2000\" data-to-value=\"35\" data-from-value=\"0\" data-delimiter=\",\">0<\/span>\n\t\t\t\t<span class=\"elementor-counter-number-suffix\">+ Jahre Erfahrung<\/span>\n\t\t\t<\/div>\n\t\t<\/div>\n\t\t\t\t\t\t<\/div>\n\t\t\t\t<\/div>\n\t\t\t\t<div class=\"elementor-element elementor-element-528a144 elementor-widget elementor-widget-spacer\" data-id=\"528a144\" data-element_type=\"widget\" data-widget_type=\"spacer.default\">\n\t\t\t\t<div class=\"elementor-widget-container\">\n\t\t\t\t\t\t\t<div class=\"elementor-spacer\">\n\t\t\t<div class=\"elementor-spacer-inner\"><\/div>\n\t\t<\/div>\n\t\t\t\t\t\t<\/div>\n\t\t\t\t<\/div>\n\t\t\t\t\t<\/div>\n\t\t\t\t<\/div>\n\t\t<div class=\"elementor-element elementor-element-aac48a7 e-flex e-con-boxed e-con e-parent\" data-id=\"aac48a7\" data-element_type=\"container\">\n\t\t\t\t\t<div class=\"e-con-inner\">\n\t\t<div class=\"elementor-element elementor-element-da4a0b7 e-con-full e-flex e-con e-child\" data-id=\"da4a0b7\" data-element_type=\"container\">\n\t\t\t\t<div class=\"elementor-element elementor-element-21a7ef0 elementor-widget elementor-widget-heading\" data-id=\"21a7ef0\" data-element_type=\"widget\" data-widget_type=\"heading.default\">\n\t\t\t\t<div class=\"elementor-widget-container\">\n\t\t\t\t\t<h2 class=\"elementor-heading-title elementor-size-default\">Tradition trifft Handwerk<\/h2>\t\t\t\t<\/div>\n\t\t\t\t<\/div>\n\t\t\t\t<div class=\"elementor-element elementor-element-47548be elementor-widget elementor-widget-text-editor\" data-id=\"47548be\" data-element_type=\"widget\" data-widget_type=\"text-editor.default\">\n\t\t\t\t<div class=\"elementor-widget-container\">\n\t\t\t\t\t\t\t\t\t<p>Seit dem 1. August 1990 sind wir Ihr Partner f\u00fcr individuelle Textilveredelung in Mainz. Was als kleine Vision begann, ist \u00fcber die Jahre zu einem etablierten Familienunternehmen gewachsen, das Qualit\u00e4t, Pers\u00f6nlichkeit und Zuverl\u00e4ssigkeit vereint.<\/p>\t\t\t\t\t\t\t\t<\/div>\n\t\t\t\t<\/div>\n\t\t\t\t<div class=\"elementor-element elementor-element-5b28c60 elementor-widget elementor-widget-heading\" data-id=\"5b28c60\" data-element_type=\"widget\" data-widget_type=\"heading.default\">\n\t\t\t\t<div class=\"elementor-widget-container\">\n\t\t\t\t\t<h2 class=\"elementor-heading-title elementor-size-default\">Alles aus einer Hand, direkt vor Ort <\/h2>\t\t\t\t<\/div>\n\t\t\t\t<\/div>\n\t\t\t\t<div class=\"elementor-element elementor-element-7fc7632 elementor-widget elementor-widget-text-editor\" data-id=\"7fc7632\" data-element_type=\"widget\" data-widget_type=\"text-editor.default\">\n\t\t\t\t<div class=\"elementor-widget-container\">\n\t\t\t\t\t\t\t\t\t<p>Bei Mc-Shirt Mainz setzen wir auf echtes Handwerk. In unserem eigenen Laden drucken, sticken und gravieren wir Ihre W\u00fcnsche, ohne Umwege, ohne Zwischenh\u00e4ndler. Die gesamte Produktion erfolgt direkt in unserem Gesch\u00e4ft in Mainz. Das bedeutet f\u00fcr Sie: kurze Wege, pers\u00f6nliche Beratung und die Gewissheit, dass jedes St\u00fcck mit Sorgfalt und Liebe zum Detail gefertigt wird.<\/p>\t\t\t\t\t\t\t\t<\/div>\n\t\t\t\t<\/div>\n\t\t\t\t<\/div>\n\t\t<div class=\"elementor-element elementor-element-3bdb029 e-con-full e-flex e-con e-child\" data-id=\"3bdb029\" data-element_type=\"container\">\n\t\t\t\t<div class=\"elementor-element elementor-element-f0db056 elementor-widget elementor-widget-image\" data-id=\"f0db056\" data-element_type=\"widget\" data-widget_type=\"image.default\">\n\t\t\t\t<div class=\"elementor-widget-container\">\n\t\t\t\t\t\t\t\t\t\t\t\t\t\t\t<img fetchpriority=\"high\" decoding=\"async\" width=\"550\" height=\"413\" src=\"https:\/\/staging.mc-shirt.de\/wp-content\/uploads\/2026\/01\/image-33-1.png\" class=\"attachment-full size-full wp-image-41158\" alt=\"\" srcset=\"https:\/\/staging.mc-shirt.de\/wp-content\/uploads\/2026\/01\/image-33-1.png 550w, https:\/\/staging.mc-shirt.de\/wp-content\/uploads\/2026\/01\/image-33-1-400x300.png 400w\" sizes=\"(max-width: 550px) 100vw, 550px\" \/>\t\t\t\t\t\t\t\t\t\t\t\t\t\t\t<\/div>\n\t\t\t\t<\/div>\n\t\t\t\t<\/div>\n\t\t\t\t\t<\/div>\n\t\t\t\t<\/div>\n\t\t<div class=\"elementor-element elementor-element-2d8bb65 e-flex e-con-boxed e-con e-parent\" data-id=\"2d8bb65\" data-element_type=\"container\" data-settings=\"{&quot;background_background&quot;:&quot;video&quot;,&quot;background_video_link&quot;:&quot;https:\\\/\\\/youtu.be\\\/oPBJxJfqvEo&quot;}\">\n\t\t\t\t\t<div class=\"e-con-inner\">\n\t\t<div class=\"elementor-background-video-container elementor-hidden-mobile\" aria-hidden=\"true\">\n\t\t\t\t\t\t\t<div class=\"elementor-background-video-embed\"><\/div>\n\t\t\t\t\t\t<\/div>\t\t<div class=\"elementor-element elementor-element-edbeb96 elementor-widget elementor-widget-spacer\" data-id=\"edbeb96\" data-element_type=\"widget\" data-widget_type=\"spacer.default\">\n\t\t\t\t<div class=\"elementor-widget-container\">\n\t\t\t\t\t\t\t<div class=\"elementor-spacer\">\n\t\t\t<div class=\"elementor-spacer-inner\"><\/div>\n\t\t<\/div>\n\t\t\t\t\t\t<\/div>\n\t\t\t\t<\/div>\n\t\t\t\t<div class=\"elementor-element elementor-element-b772582 elementor-headline--style-highlight elementor-widget elementor-widget-animated-headline\" data-id=\"b772582\" data-element_type=\"widget\" data-settings=\"{&quot;marker&quot;:&quot;underline_zigzag&quot;,&quot;highlighted_text&quot;:&quot; Seit 1990&quot;,&quot;highlight_iteration_delay&quot;:3000,&quot;headline_style&quot;:&quot;highlight&quot;,&quot;loop&quot;:&quot;yes&quot;,&quot;highlight_animation_duration&quot;:1200}\" data-widget_type=\"animated-headline.default\">\n\t\t\t\t<div class=\"elementor-widget-container\">\n\t\t\t\t\t\t\t<h3 class=\"elementor-headline\">\n\t\t\t\t\t<span class=\"elementor-headline-plain-text elementor-headline-text-wrapper\">Mc-Shirt Mainz, <\/span>\n\t\t\t\t<span class=\"elementor-headline-dynamic-wrapper elementor-headline-text-wrapper\">\n\t\t\t\t\t<span class=\"elementor-headline-dynamic-text elementor-headline-text-active\"> Seit 1990<\/span>\n\t\t\t\t<\/span>\n\t\t\t\t\t<span class=\"elementor-headline-plain-text elementor-headline-text-wrapper\">Ihr Partner f\u00fcr individuelle Textilveredelung.<\/span>\n\t\t\t\t\t<\/h3>\n\t\t\t\t\t\t<\/div>\n\t\t\t\t<\/div>\n\t\t\t\t<div class=\"elementor-element elementor-element-e53625f elementor-widget elementor-widget-spacer\" data-id=\"e53625f\" data-element_type=\"widget\" data-widget_type=\"spacer.default\">\n\t\t\t\t<div class=\"elementor-widget-container\">\n\t\t\t\t\t\t\t<div class=\"elementor-spacer\">\n\t\t\t<div class=\"elementor-spacer-inner\"><\/div>\n\t\t<\/div>\n\t\t\t\t\t\t<\/div>\n\t\t\t\t<\/div>\n\t\t\t\t\t<\/div>\n\t\t\t\t<\/div>\n\t\t<div class=\"elementor-element elementor-element-b210993 e-flex e-con-boxed e-con e-parent\" data-id=\"b210993\" data-element_type=\"container\">\n\t\t\t\t\t<div class=\"e-con-inner\">\n\t\t<div class=\"elementor-element elementor-element-461c779 e-con-full e-flex e-con e-child\" data-id=\"461c779\" data-element_type=\"container\">\n\t\t\t\t<div class=\"elementor-element elementor-element-2d54316 elementor-widget elementor-widget-image\" data-id=\"2d54316\" data-element_type=\"widget\" data-widget_type=\"image.default\">\n\t\t\t\t<div class=\"elementor-widget-container\">\n\t\t\t\t\t\t\t\t\t\t\t\t\t\t\t<img decoding=\"async\" width=\"800\" height=\"608\" src=\"https:\/\/staging.mc-shirt.de\/wp-content\/uploads\/2026\/01\/image_png-1-1.png\" class=\"attachment-full size-full wp-image-41116\" alt=\"\" srcset=\"https:\/\/staging.mc-shirt.de\/wp-content\/uploads\/2026\/01\/image_png-1-1.png 800w, https:\/\/staging.mc-shirt.de\/wp-content\/uploads\/2026\/01\/image_png-1-1-395x300.png 395w, https:\/\/staging.mc-shirt.de\/wp-content\/uploads\/2026\/01\/image_png-1-1-768x584.png 768w, https:\/\/staging.mc-shirt.de\/wp-content\/uploads\/2026\/01\/image_png-1-1-700x532.png 700w\" sizes=\"(max-width: 800px) 100vw, 800px\" \/>\t\t\t\t\t\t\t\t\t\t\t\t\t\t\t<\/div>\n\t\t\t\t<\/div>\n\t\t\t\t<\/div>\n\t\t<div class=\"elementor-element elementor-element-5b8fc14 e-con-full e-flex e-con e-child\" data-id=\"5b8fc14\" data-element_type=\"container\">\n\t\t\t\t<div class=\"elementor-element elementor-element-ca68f8a elementor-widget elementor-widget-heading\" data-id=\"ca68f8a\" data-element_type=\"widget\" data-widget_type=\"heading.default\">\n\t\t\t\t<div class=\"elementor-widget-container\">\n\t\t\t\t\t<h2 class=\"elementor-heading-title elementor-size-default\">Mehr als nur ein Gesch\u00e4ft <\/h2>\t\t\t\t<\/div>\n\t\t\t\t<\/div>\n\t\t\t\t<div class=\"elementor-element elementor-element-006a126 elementor-widget elementor-widget-text-editor\" data-id=\"006a126\" data-element_type=\"widget\" data-widget_type=\"text-editor.default\">\n\t\t\t\t<div class=\"elementor-widget-container\">\n\t\t\t\t\t\t\t\t\t<p>Als familiengef\u00fchrtes Unternehmen legen wir Wert auf den direkten Kontakt zu unseren Kunden. Ob Vereine, Firmen oder Privatpersonen, wir nehmen uns Zeit f\u00fcr Ihre Ideen und setzen sie gemeinsam mit Ihnen um. Unsere Wurzeln liegen fest in Mainz, und wir sind stolz darauf, Teil dieser lebendigen Stadt zu sein.<\/p>\t\t\t\t\t\t\t\t<\/div>\n\t\t\t\t<\/div>\n\t\t\t\t<div class=\"elementor-element elementor-element-dd6fb85 elementor-widget elementor-widget-heading\" data-id=\"dd6fb85\" data-element_type=\"widget\" data-widget_type=\"heading.default\">\n\t\t\t\t<div class=\"elementor-widget-container\">\n\t\t\t\t\t<h2 class=\"elementor-heading-title elementor-size-default\">Ihre Vision, unser Handwerk <\/h2>\t\t\t\t<\/div>\n\t\t\t\t<\/div>\n\t\t\t\t<div class=\"elementor-element elementor-element-c03e756 elementor-widget elementor-widget-text-editor\" data-id=\"c03e756\" data-element_type=\"widget\" data-widget_type=\"text-editor.default\">\n\t\t\t\t<div class=\"elementor-widget-container\">\n\t\t\t\t\t\t\t\t\t<p>Von klassischen T-Shirts \u00fcber hochwertige Stickereien bis hin zu individuellen Gravuren: Wir machen aus Ihren Vorstellungen einzigartige Produkte. Besuchen Sie uns in unserem Gesch\u00e4ft oder gestalten Sie online, bei uns bekommen Sie Qualit\u00e4t, die man sieht und sp\u00fcrt.<\/p>\t\t\t\t\t\t\t\t<\/div>\n\t\t\t\t<\/div>\n\t\t\t\t<\/div>\n\t\t\t\t\t<\/div>\n\t\t\t\t<\/div>\n\t\t\t\t<\/div>","protected":false},"excerpt":{"rendered":"<p>\u00dcber uns 0 + Jahre Erfahrung Tradition trifft Handwerk Seit dem 1. August 1990 sind wir Ihr Partner f\u00fcr individuelle Textilveredelung in Mainz. Was als kleine Vision begann, ist \u00fcber die Jahre zu einem etablierten Familienunternehmen gewachsen, das Qualit\u00e4t, Pers\u00f6nlichkeit und Zuverl\u00e4ssigkeit vereint. Alles aus einer Hand, direkt vor Ort Bei Mc-Shirt Mainz setzen wir [&hellip;]<\/p>\n","protected":false},"author":12,"featured_media":0,"parent":0,"menu_order":0,"comment_status":"closed","ping_status":"closed","template":"","meta":{"_acf_changed":false,"footnotes":""},"class_list":["post-33469","page","type-page","status-publish","hentry"],"acf":[],"_links":{"self":[{"href":"https:\/\/staging.mc-shirt.de\/en\/wp-json\/wp\/v2\/pages\/33469","targetHints":{"allow":["GET"]}}],"collection":[{"href":"https:\/\/staging.mc-shirt.de\/en\/wp-json\/wp\/v2\/pages"}],"about":[{"href":"https:\/\/staging.mc-shirt.de\/en\/wp-json\/wp\/v2\/types\/page"}],"author":[{"embeddable":true,"href":"https:\/\/staging.mc-shirt.de\/en\/wp-json\/wp\/v2\/users\/12"}],"replies":[{"embeddable":true,"href":"https:\/\/staging.mc-shirt.de\/en\/wp-json\/wp\/v2\/comments?post=33469"}],"version-history":[{"count":0,"href":"https:\/\/staging.mc-shirt.de\/en\/wp-json\/wp\/v2\/pages\/33469\/revisions"}],"wp:attachment":[{"href":"https:\/\/staging.mc-shirt.de\/en\/wp-json\/wp\/v2\/media?parent=33469"}],"curies":[{"name":"wp","href":"https:\/\/api.w.org\/{rel}","templated":true}]}}