{"id":33467,"date":"2024-11-27T17:56:19","date_gmt":"2024-11-27T16:56:19","guid":{"rendered":"https:\/\/www.mc-shirt.de\/?page_id=33467"},"modified":"2025-05-21T11:04:36","modified_gmt":"2025-05-21T09:04:36","slug":"faq","status":"publish","type":"page","link":"https:\/\/staging.mc-shirt.de\/en\/faq\/","title":{"rendered":"Faq"},"content":{"rendered":"<div data-elementor-type=\"wp-page\" data-elementor-id=\"33467\" class=\"elementor elementor-33467\" data-elementor-post-type=\"page\">\n\t\t\t\t<div class=\"elementor-element elementor-element-c590d08 e-con-full e-flex e-con e-parent\" data-id=\"c590d08\" data-element_type=\"container\">\n\t\t\t\t<div class=\"elementor-element elementor-element-dbe8d0f elementor-widget elementor-widget-heading\" data-id=\"dbe8d0f\" data-element_type=\"widget\" data-widget_type=\"heading.default\">\n\t\t\t\t<div class=\"elementor-widget-container\">\n\t\t\t\t\t<h1 class=\"elementor-heading-title elementor-size-default\">H\u00e4ufig Gestellte Fragen<\/h1>\t\t\t\t<\/div>\n\t\t\t\t<\/div>\n\t\t\t\t<\/div>\n\t\t<div class=\"elementor-element elementor-element-bc4ffda section-bg-gradient-brown e-flex e-con-boxed e-con e-parent\" data-id=\"bc4ffda\" data-element_type=\"container\">\n\t\t\t\t\t<div class=\"e-con-inner\">\n\t\t<div class=\"elementor-element elementor-element-b67c0c1 e-flex e-con-boxed e-con e-child\" data-id=\"b67c0c1\" data-element_type=\"container\">\n\t\t\t\t\t<div class=\"e-con-inner\">\n\t\t<div class=\"elementor-element elementor-element-735ef0f e-con-full section-shadow section-bg-rounded section-faqs e-flex e-con e-child\" data-id=\"735ef0f\" data-element_type=\"container\">\n\t\t<div class=\"elementor-element elementor-element-72ed436 e-con-full e-flex e-con e-child\" data-id=\"72ed436\" data-element_type=\"container\">\n\t\t\t\t<div class=\"elementor-element elementor-element-f4d2d1a elementor-widget elementor-widget-image\" data-id=\"f4d2d1a\" data-element_type=\"widget\" data-widget_type=\"image.default\">\n\t\t\t\t<div class=\"elementor-widget-container\">\n\t\t\t\t\t\t\t\t\t\t\t\t\t\t\t<img decoding=\"async\" src=\"https:\/\/pricom.harutheme.com\/classic\/wp-content\/uploads\/2022\/11\/banner-faqs.png\" title=\"\" alt=\"\" loading=\"lazy\" \/>\t\t\t\t\t\t\t\t\t\t\t\t\t\t\t<\/div>\n\t\t\t\t<\/div>\n\t\t\t\t<div class=\"elementor-element elementor-element-f34eb50 elementor-widget elementor-widget-haru-heading\" data-id=\"f34eb50\" data-element_type=\"widget\" data-widget_type=\"haru-heading.default\">\n\t\t\t\t<div class=\"elementor-widget-container\">\n\t\t\t\t\t<h2 class=\"haru-heading-title haru-heading-title--sub-heading-1\">Any Questions<\/h2>\t\t\t\t<\/div>\n\t\t\t\t<\/div>\n\t\t\t\t<div class=\"elementor-element elementor-element-1cb3541 elementor-widget elementor-widget-haru-contact\" data-id=\"1cb3541\" data-element_type=\"widget\" data-widget_type=\"haru-contact.default\">\n\t\t\t\t<div class=\"elementor-widget-container\">\n\t\t\t\t\t\n        \t\t        \t<div class=\"haru-contact haru-contact--style-6\">\n\t        \t\t\n\n\t<ul>\n\t\t\t\t\t<li>\n\t\t\t\t<div class=\"haru-contact__icon\"><i aria-hidden=\"true\" class=\"phosphor phosphor-phone-call\"><\/i><\/div>\n\t\t\t\t<div class=\"haru-contact__content\">\n\t\t\t\t\t<h6 class=\"haru-contact__title\">Phone<\/h6>\n\t\t\t\t\t<div class=\"haru-contact__desc\"><strong>06131\/223293<\/strong><\/div>\n\t\t\t\t<\/div>\n\t\t\t<\/li>\n\t\t\t\t\t<li>\n\t\t\t\t<div class=\"haru-contact__icon\"><i aria-hidden=\"true\" class=\"phosphor phosphor-envelope-simple-open\"><\/i><\/div>\n\t\t\t\t<div class=\"haru-contact__content\">\n\t\t\t\t\t<h6 class=\"haru-contact__title\">Email<\/h6>\n\t\t\t\t\t<div class=\"haru-contact__desc\"><strong>info@mc-shirt.de<\/strong><\/div>\n\t\t\t\t<\/div>\n\t\t\t<\/li>\n\t\t\t<\/ul>\n\t    \t\t<\/div>\n    \t\t\n    \t\t\t\t\t\t<\/div>\n\t\t\t\t<\/div>\n\t\t\t\t<\/div>\n\t\t<div class=\"elementor-element elementor-element-af79d5f e-con-full testimonial-home-9 e-flex e-con e-child\" data-id=\"af79d5f\" data-element_type=\"container\">\n\t\t\t\t<div class=\"elementor-element elementor-element-e2b64ad elementor-widget elementor-widget-haru-accordion\" data-id=\"e2b64ad\" data-element_type=\"widget\" data-widget_type=\"haru-accordion.default\">\n\t\t\t\t<div class=\"elementor-widget-container\">\n\t\t\t\t\t\n                          <!--   <div class=\"haru-accordion haru-accordion--style-4\" role=\"tablist\">\n                                    <\/div> -->\n                <div class=\"haru-accordion haru-accordion--style-4\" role=\"tablist\">\n                                            <div class=\"haru-accordion-item\">\n                            <div id=\"haru-tab-title-2371\" class=\"haru-tab-title active\" data-tab=\"1\" role=\"tab\" aria-controls=\"haru-tab-content-2371\">\n                                                                    <span class=\"haru-accordion-icon haru-accordion-icon-right\" aria-hidden=\"true\">\n                                                                            <span class=\"haru-accordion-icon-closed\"><i class=\"phosphor phosphor-caret-down\"><\/i><\/span>\n                                        <span class=\"haru-accordion-icon-opened\"><i class=\"phosphor phosphor-caret-up\"><\/i><\/span>\n                                                                        <\/span>\n                                                                <a class=\"haru-accordion-title\" href=\"\">Bieten Sie auch die M\u00f6glichkeit, gr\u00f6\u00dfere Mengen zu bedrucken?<\/a>\n                            <\/div>\n                            <div id=\"haru-tab-content-2371\" class=\"haru-tab-content haru-clearfix active\" data-tab=\"1\" aria-labelledby=\"haru-tab-title-2371\"><p>Ja, wir bieten selbstverst\u00e4ndlich auch den Druck auf gr\u00f6\u00dferen Mengen an. Ganz gleich, ob f\u00fcr Events, Unternehmensbedarf oder andere Projekte, wir k\u00f6nnen Ihre Bestellung in der gew\u00fcnschten St\u00fcckzahl umsetzen. Kontaktieren Sie uns einfach mit den Details, und wir besprechen die besten Optionen f\u00fcr Ihre Bed\u00fcrfnisse!<\/p><\/div>\n                        <\/div>\n                                            <div class=\"haru-accordion-item\">\n                            <div id=\"haru-tab-title-2372\" class=\"haru-tab-title\" data-tab=\"2\" role=\"tab\" aria-controls=\"haru-tab-content-2372\">\n                                                                    <span class=\"haru-accordion-icon haru-accordion-icon-right\" aria-hidden=\"true\">\n                                                                            <span class=\"haru-accordion-icon-closed\"><i class=\"phosphor phosphor-caret-down\"><\/i><\/span>\n                                        <span class=\"haru-accordion-icon-opened\"><i class=\"phosphor phosphor-caret-up\"><\/i><\/span>\n                                                                        <\/span>\n                                                                <a class=\"haru-accordion-title\" href=\"\">Gibt es einen Preisnachlass bei gr\u00f6\u00dferen Bestellungen?<\/a>\n                            <\/div>\n                            <div id=\"haru-tab-content-2372\" class=\"haru-tab-content haru-clearfix\" data-tab=\"2\" aria-labelledby=\"haru-tab-title-2372\"><p>Ab einer Menge von 10 bis 24 St\u00fcck erhalten Sie 10 % Rabatt. F\u00fcr Bestellungen von 25 bis 49 St\u00fcck gew\u00e4hren wir Ihnen 15 % Rabatt. Bei einer Abnahme von 50 bis 99 St\u00fcck profitieren Sie von 20 % Rabatt. Ab einer Menge von 100 St\u00fcck oder mehr erhalten Sie 25 % Rabatt.<\/p><\/div>\n                        <\/div>\n                                            <div class=\"haru-accordion-item\">\n                            <div id=\"haru-tab-title-2373\" class=\"haru-tab-title\" data-tab=\"3\" role=\"tab\" aria-controls=\"haru-tab-content-2373\">\n                                                                    <span class=\"haru-accordion-icon haru-accordion-icon-right\" aria-hidden=\"true\">\n                                                                            <span class=\"haru-accordion-icon-closed\"><i class=\"phosphor phosphor-caret-down\"><\/i><\/span>\n                                        <span class=\"haru-accordion-icon-opened\"><i class=\"phosphor phosphor-caret-up\"><\/i><\/span>\n                                                                        <\/span>\n                                                                <a class=\"haru-accordion-title\" href=\"\">Wie pflege ich die Textilien , damit der Druck lange h\u00e4lt?<\/a>\n                            <\/div>\n                            <div id=\"haru-tab-content-2373\" class=\"haru-tab-content haru-clearfix\" data-tab=\"3\" aria-labelledby=\"haru-tab-title-2373\"><p>Damit der Druck lange h\u00e4lt beachten Sie folgende Punkte:<\/p><ul><li><strong>Waschen:<\/strong> T-Shirt auf links drehen, bei 30 Grad im Schonwaschgang waschen, mildes Waschmittel verwenden.<\/li><li><strong>Trocknen:<\/strong> Kein Trockner, an der Luft trocknen, m\u00f6glichst im Schatten.<\/li><li><strong>B\u00fcgeln:<\/strong> Auf links und bei niedriger Temperatur b\u00fcgeln, Druck dabei nicht direkt ber\u00fchren.<\/li><\/ul><\/div>\n                        <\/div>\n                                            <div class=\"haru-accordion-item\">\n                            <div id=\"haru-tab-title-2374\" class=\"haru-tab-title\" data-tab=\"4\" role=\"tab\" aria-controls=\"haru-tab-content-2374\">\n                                                                    <span class=\"haru-accordion-icon haru-accordion-icon-right\" aria-hidden=\"true\">\n                                                                            <span class=\"haru-accordion-icon-closed\"><i class=\"phosphor phosphor-caret-down\"><\/i><\/span>\n                                        <span class=\"haru-accordion-icon-opened\"><i class=\"phosphor phosphor-caret-up\"><\/i><\/span>\n                                                                        <\/span>\n                                                                <a class=\"haru-accordion-title\" href=\"\">Warum sollte man unsere Textilien nehmen?<\/a>\n                            <\/div>\n                            <div id=\"haru-tab-content-2374\" class=\"haru-tab-content haru-clearfix\" data-tab=\"4\" aria-labelledby=\"haru-tab-title-2374\"><p>Unsere\u00a0Textilien\u00a0garantieren,\u00a0dass\u00a0der\u00a0Druck\u00a0auch\u00a0nach\u00a0vielen\u00a0W\u00e4schen\u00a0<strong>lebendig<\/strong>\u00a0und\u00a0<strong>klar<\/strong>\u00a0bleibt.\u00a0Alle\u00a0Produkte\u00a0sind\u00a0<strong>vorgewaschen<\/strong>,\u00a0sodass\u00a0sie\u00a0ihre\u00a0<strong>Gr\u00f6\u00dfe<\/strong>\u00a0behalten\u00a0und\u00a0nicht\u00a0einlaufen.<\/p><p>Erh\u00e4ltlich\u00a0in\u00a0<strong>vielen\u00a0Gr\u00f6\u00dfen\u00a0und\u00a0Farben<\/strong>,\u00a0perfekt\u00a0f\u00fcr\u00a0individuelle\u00a0Designs\u00a0oder\u00a0Unternehmensbedarf.<\/p><\/div>\n                        <\/div>\n                                            <div class=\"haru-accordion-item\">\n                            <div id=\"haru-tab-title-2375\" class=\"haru-tab-title\" data-tab=\"5\" role=\"tab\" aria-controls=\"haru-tab-content-2375\">\n                                                                    <span class=\"haru-accordion-icon haru-accordion-icon-right\" aria-hidden=\"true\">\n                                                                            <span class=\"haru-accordion-icon-closed\"><i class=\"phosphor phosphor-caret-down\"><\/i><\/span>\n                                        <span class=\"haru-accordion-icon-opened\"><i class=\"phosphor phosphor-caret-up\"><\/i><\/span>\n                                                                        <\/span>\n                                                                <a class=\"haru-accordion-title\" href=\"\">Welche Veredlungverfahren bieten Sie an?<\/a>\n                            <\/div>\n                            <div id=\"haru-tab-content-2375\" class=\"haru-tab-content haru-clearfix\" data-tab=\"5\" aria-labelledby=\"haru-tab-title-2375\"><p>Wir bieten folgende Veredelungsverfahren:<\/p><ol><li><strong>DTF-Transferdruck:<\/strong> F\u00fcr komplexe Designs und kleine Auflagen.<\/li><li><strong>Direktdruck (DTG):<\/strong> Ideal f\u00fcr detaillierte Designs.<\/li><li><strong>Flexdruck:<\/strong> Glattes Finish f\u00fcr einfarbige Designs.<\/li><li><strong>Flockdruck:<\/strong> Samtenes Finish f\u00fcr auff\u00e4llige Designs.<\/li><li><strong>Stickerei:<\/strong> Langlebig f\u00fcr Logos und Schriftz\u00fcge.<\/li><\/ol><p>Gerne beraten wir Sie, welches Verfahren am besten passt!<\/p><\/div>\n                        <\/div>\n                                            <div class=\"haru-accordion-item\">\n                            <div id=\"haru-tab-title-2376\" class=\"haru-tab-title\" data-tab=\"6\" role=\"tab\" aria-controls=\"haru-tab-content-2376\">\n                                                                    <span class=\"haru-accordion-icon haru-accordion-icon-right\" aria-hidden=\"true\">\n                                                                            <span class=\"haru-accordion-icon-closed\"><i class=\"phosphor phosphor-caret-down\"><\/i><\/span>\n                                        <span class=\"haru-accordion-icon-opened\"><i class=\"phosphor phosphor-caret-up\"><\/i><\/span>\n                                                                        <\/span>\n                                                                <a class=\"haru-accordion-title\" href=\"\">Wie lange dauert es, bis meine Bestellung fertig ist?<\/a>\n                            <\/div>\n                            <div id=\"haru-tab-content-2376\" class=\"haru-tab-content haru-clearfix\" data-tab=\"6\" aria-labelledby=\"haru-tab-title-2376\"><p>Die Bearbeitungszeit liegt zwischen 3 Stunden und 3 Tagen, je nach Auftrag. F\u00fcr eilige Bestellungen bieten wir auch Expressoptionen an.<\/p><\/div>\n                        <\/div>\n                                            <div class=\"haru-accordion-item\">\n                            <div id=\"haru-tab-title-2377\" class=\"haru-tab-title\" data-tab=\"7\" role=\"tab\" aria-controls=\"haru-tab-content-2377\">\n                                                                    <span class=\"haru-accordion-icon haru-accordion-icon-right\" aria-hidden=\"true\">\n                                                                            <span class=\"haru-accordion-icon-closed\"><i class=\"phosphor phosphor-caret-down\"><\/i><\/span>\n                                        <span class=\"haru-accordion-icon-opened\"><i class=\"phosphor phosphor-caret-up\"><\/i><\/span>\n                                                                        <\/span>\n                                                                <a class=\"haru-accordion-title\" href=\"\">K\u00f6nnte ich meine eigenen T-Shirts oder Stoffe zur Verf\u00fcgung stellen?<\/a>\n                            <\/div>\n                            <div id=\"haru-tab-content-2377\" class=\"haru-tab-content haru-clearfix\" data-tab=\"7\" aria-labelledby=\"haru-tab-title-2377\"><p>es ist m\u00f6glich ein mitgebrachtes Textil zu bedrucken sein muss und vorher mit uns abgesprochen werden sollte. Materialien wie Viskose, Elastan und impr\u00e4gnierte Textilien sind f\u00fcr den Druck nicht geeignet. Wir empfehlen, ausschlie\u00dflich geeignete Stoffe zu verwenden, um eine bestm\u00f6gliche Druckqualit\u00e4t zu garantieren.<\/p><\/div>\n                        <\/div>\n                                            <div class=\"haru-accordion-item\">\n                            <div id=\"haru-tab-title-2378\" class=\"haru-tab-title\" data-tab=\"8\" role=\"tab\" aria-controls=\"haru-tab-content-2378\">\n                                                                    <span class=\"haru-accordion-icon haru-accordion-icon-right\" aria-hidden=\"true\">\n                                                                            <span class=\"haru-accordion-icon-closed\"><i class=\"phosphor phosphor-caret-down\"><\/i><\/span>\n                                        <span class=\"haru-accordion-icon-opened\"><i class=\"phosphor phosphor-caret-up\"><\/i><\/span>\n                                                                        <\/span>\n                                                                <a class=\"haru-accordion-title\" href=\"\">Bieten Sie auch eine Expressbearbeitung f\u00fcr dringende Bestellungen an?<\/a>\n                            <\/div>\n                            <div id=\"haru-tab-content-2378\" class=\"haru-tab-content haru-clearfix\" data-tab=\"8\" aria-labelledby=\"haru-tab-title-2378\"><p>Ja, wir bieten Expressbearbeitung an. Bei Nachfragen kontaktieren Sie uns bitte.<\/p><\/div>\n                        <\/div>\n                                            <div class=\"haru-accordion-item\">\n                            <div id=\"haru-tab-title-2379\" class=\"haru-tab-title\" data-tab=\"9\" role=\"tab\" aria-controls=\"haru-tab-content-2379\">\n                                                                    <span class=\"haru-accordion-icon haru-accordion-icon-right\" aria-hidden=\"true\">\n                                                                            <span class=\"haru-accordion-icon-closed\"><i class=\"phosphor phosphor-caret-down\"><\/i><\/span>\n                                        <span class=\"haru-accordion-icon-opened\"><i class=\"phosphor phosphor-caret-up\"><\/i><\/span>\n                                                                        <\/span>\n                                                                <a class=\"haru-accordion-title\" href=\"\">Wie l\u00e4uft der R\u00fccksendungsprozess f\u00fcr ein Paket ab?<\/a>\n                            <\/div>\n                            <div id=\"haru-tab-content-2379\" class=\"haru-tab-content haru-clearfix\" data-tab=\"9\" aria-labelledby=\"haru-tab-title-2379\"><p>Bei einer R\u00fccksendung senden Sie uns bitte eine E-Mail an <strong>info@mc-shirt.de<\/strong>. F\u00fcr eine schnellere Bearbeitung geben Sie bitte Ihre <strong>Bestellnummer<\/strong> an, und wir besprechen den weiteren Vorgang.<\/p><\/div>\n                        <\/div>\n                    \n                                    <\/div>\n            \n            \t\t\t\t<\/div>\n\t\t\t\t<\/div>\n\t\t\t\t<\/div>\n\t\t\t\t<\/div>\n\t\t\t\t\t<\/div>\n\t\t\t\t<\/div>\n\t\t\t\t<div class=\"elementor-element elementor-element-1d0e940 elementor-widget__width-initial elementor-absolute e-transform elementor-widget elementor-widget-haru-decor\" data-id=\"1d0e940\" data-element_type=\"widget\" data-settings=\"{&quot;_position&quot;:&quot;absolute&quot;,&quot;_transform_rotateZ_effect&quot;:{&quot;unit&quot;:&quot;px&quot;,&quot;size&quot;:100,&quot;sizes&quot;:[]},&quot;pre_style&quot;:&quot;style-1&quot;,&quot;_transform_rotateZ_effect_tablet&quot;:{&quot;unit&quot;:&quot;deg&quot;,&quot;size&quot;:&quot;&quot;,&quot;sizes&quot;:[]},&quot;_transform_rotateZ_effect_mobile&quot;:{&quot;unit&quot;:&quot;deg&quot;,&quot;size&quot;:&quot;&quot;,&quot;sizes&quot;:[]}}\" data-widget_type=\"haru-decor.default\">\n\t\t\t\t<div class=\"elementor-widget-container\">\n\t\t\t\t\t\n        \t\t        \t<div class=\"haru-decor haru-decor--style-1\">\n\t        \t\t\n<div class=\"haru-decor__content\">\n\t\t<div class=\"haru-decor__circle haru-decor__circle--gradient\" style=\"background: linear-gradient(203.02deg, #EEC2FDA6 18.73%, #EEC2FD00 98.41% );\">\n\t<\/div>\n\t\n    \n    \n    \n    \n    \n    \n    <\/div>\n\n\t    \t\t<\/div>\n    \t\t\n    \t\t\t\t\t\t<\/div>\n\t\t\t\t<\/div>\n\t\t\t\t<div class=\"elementor-element elementor-element-446adbd elementor-widget__width-initial elementor-absolute e-transform elementor-widget elementor-widget-haru-decor\" data-id=\"446adbd\" data-element_type=\"widget\" data-settings=\"{&quot;_position&quot;:&quot;absolute&quot;,&quot;_transform_rotateZ_effect&quot;:{&quot;unit&quot;:&quot;px&quot;,&quot;size&quot;:100,&quot;sizes&quot;:[]},&quot;pre_style&quot;:&quot;style-1&quot;,&quot;_transform_rotateZ_effect_tablet&quot;:{&quot;unit&quot;:&quot;deg&quot;,&quot;size&quot;:&quot;&quot;,&quot;sizes&quot;:[]},&quot;_transform_rotateZ_effect_mobile&quot;:{&quot;unit&quot;:&quot;deg&quot;,&quot;size&quot;:&quot;&quot;,&quot;sizes&quot;:[]}}\" data-widget_type=\"haru-decor.default\">\n\t\t\t\t<div class=\"elementor-widget-container\">\n\t\t\t\t\t\n        \t\t        \t<div class=\"haru-decor haru-decor--style-1\">\n\t        \t\t\n<div class=\"haru-decor__content\">\n\t\t<div class=\"haru-decor__circle haru-decor__circle--gradient\" style=\"background: linear-gradient(203.02deg, #EEC2FDA6 18.73%, #EEC2FD00 98.41% );\">\n\t<\/div>\n\t\n    \n    \n    \n    \n    \n    \n    <\/div>\n\n\t    \t\t<\/div>\n    \t\t\n    \t\t\t\t\t\t<\/div>\n\t\t\t\t<\/div>\n\t\t\t\t\t<\/div>\n\t\t\t\t<\/div>\n\t\t\t\t<\/div>","protected":false},"excerpt":{"rendered":"<p>H\u00e4ufig Gestellte Fragen Any Questions Phone 06131\/223293 Email info@mc-shirt.de Bieten Sie auch die M\u00f6glichkeit, gr\u00f6\u00dfere Mengen zu bedrucken? Ja, wir bieten selbstverst\u00e4ndlich auch den Druck auf gr\u00f6\u00dferen Mengen an. Ganz gleich, ob f\u00fcr Events, Unternehmensbedarf oder andere Projekte, wir k\u00f6nnen Ihre Bestellung in der gew\u00fcnschten St\u00fcckzahl umsetzen. Kontaktieren Sie uns einfach mit den Details, und [&hellip;]<\/p>\n","protected":false},"author":12,"featured_media":0,"parent":0,"menu_order":0,"comment_status":"closed","ping_status":"closed","template":"","meta":{"_acf_changed":false,"footnotes":""},"class_list":["post-33467","page","type-page","status-publish","hentry"],"acf":[],"_links":{"self":[{"href":"https:\/\/staging.mc-shirt.de\/en\/wp-json\/wp\/v2\/pages\/33467","targetHints":{"allow":["GET"]}}],"collection":[{"href":"https:\/\/staging.mc-shirt.de\/en\/wp-json\/wp\/v2\/pages"}],"about":[{"href":"https:\/\/staging.mc-shirt.de\/en\/wp-json\/wp\/v2\/types\/page"}],"author":[{"embeddable":true,"href":"https:\/\/staging.mc-shirt.de\/en\/wp-json\/wp\/v2\/users\/12"}],"replies":[{"embeddable":true,"href":"https:\/\/staging.mc-shirt.de\/en\/wp-json\/wp\/v2\/comments?post=33467"}],"version-history":[{"count":0,"href":"https:\/\/staging.mc-shirt.de\/en\/wp-json\/wp\/v2\/pages\/33467\/revisions"}],"wp:attachment":[{"href":"https:\/\/staging.mc-shirt.de\/en\/wp-json\/wp\/v2\/media?parent=33467"}],"curies":[{"name":"wp","href":"https:\/\/api.w.org\/{rel}","templated":true}]}}