{"id":31553,"date":"2024-03-12T15:11:39","date_gmt":"2024-03-12T14:11:39","guid":{"rendered":"https:\/\/www.mc-shirt.de\/?page_id=31553"},"modified":"2025-02-06T07:54:33","modified_gmt":"2025-02-06T06:54:33","slug":"geschaeftsbedingungen","status":"publish","type":"page","link":"https:\/\/staging.mc-shirt.de\/en\/geschaeftsbedingungen\/","title":{"rendered":"Gesch\u00e4ftsbedingungen"},"content":{"rendered":"<h5 class=\"wp-block-heading\">Mc-Shirt Mainz &#8211; Nutzungsbedingungen Letztes Update: 1.12.2023<\/h5>\n\n\n\n<p>Willkommen bei Mc-Shirt Mainz! Diese Nutzungsbedingungen regeln die Nutzung unserer Website, Produkte und Dienstleistungen. Durch die Nutzung unserer Dienste erkl\u00e4ren Sie sich mit diesen Bedingungen einverstanden. Bitte lesen Sie sie sorgf\u00e4ltig durch.<\/p>\n\n\n\n<ol class=\"wp-block-list\" start=\"1\">\n<li>Nutzung der Dienste<\/li>\n<\/ol>\n\n\n\n<p>a. Sie m\u00fcssen mindestens 18 Jahre alt sein, um unsere Dienste zu nutzen.<\/p>\n\n\n\n<p>b. Sie stimmen zu, die Dienste nur f\u00fcr rechtm\u00e4\u00dfige Zwecke zu nutzen.<\/p>\n\n\n\n<p>c. Sie sind verantwortlich f\u00fcr die Vertraulichkeit Ihres Kontos und Passworts.<\/p>\n\n\n\n<ol class=\"wp-block-list\" start=\"2\">\n<li>Bestellungen und Zahlungen<\/li>\n<\/ol>\n\n\n\n<p>a. Durch das Aufgeben einer Bestellung erkl\u00e4ren Sie sich damit einverstanden, den angegebenen Preis zu zahlen.<\/p>\n\n\n\n<p>b. Zahlungen werden \u00fcber Paypal und anderen Diensten abgewickelt.<\/p>\n\n\n\n<p>c. Wir behalten uns das Recht vor, Bestellungen aus verschiedenen Gr\u00fcnden abzulehnen oder zu stornieren.<\/p>\n\n\n\n<p>d. Personalisierte Textilien k\u00f6nnen nicht zur\u00fcckgegeben werden<\/p>\n\n\n\n<ol class=\"wp-block-list\" start=\"3\">\n<li>Lieferung und R\u00fcckgabe<\/li>\n<\/ol>\n\n\n\n<p>a. Lieferzeiten k\u00f6nnen variieren. Wir sind nicht f\u00fcr Verz\u00f6gerungen verantwortlich.<\/p>\n\n\n\n<p>b. R\u00fcckgabebedingungen sind auf unserer Website verf\u00fcgbar.<\/p>\n\n\n\n<ol class=\"wp-block-list\" start=\"4\">\n<li>Geistiges Eigentum<\/li>\n<\/ol>\n\n\n\n<p>a. Alle Inhalte auf unserer Website, einschlie\u00dflich alle vorgegebenen Designs, sind unser Eigentum.<\/p>\n\n\n\n<p>b. Sie d\u00fcrfen keine Inhalte ohne unsere ausdr\u00fcckliche Zustimmung verwenden.<\/p>\n\n\n\n<ol class=\"wp-block-list\" start=\"5\">\n<li>Nutzung von Bildern<\/li>\n<\/ol>\n\n\n\n<p>a. Sie best\u00e4tigen, dass Sie berechtigt sind, die Bilder hochzuladen, die Sie in unseren Produkten verwenden.<\/p>\n\n\n\n<p>b. Sie d\u00fcrfen keine Bilder hochladen, die urheberrechtlich gesch\u00fctzt sind.<\/p>\n\n\n\n<p>c. AI-generierte Bilder, die kostenpflichtig im Editor zur Verf\u00fcgung stehen, k\u00f6nnen gelegentlich kleine Fehler aufweisen. Wir \u00fcbernehmen keine Haftung f\u00fcr diese Fehler. Alle Bilder, die Sie f\u00fcr Ihr Shirt, Ihre Tasse usw. verwenden, werden von Ihnen ausgew\u00e4hlt. Wir bem\u00fchen uns, diese Bilder so zu bearbeiten, dass sie perfekt sind und keine Fehler enthalten. Dennoch kann es vorkommen, dass Fehler jeglicher Art \u00fcbersehen werden.<\/p>\n\n\n\n<ol class=\"wp-block-list\" start=\"6\">\n<li>Datenschutz<\/li>\n<\/ol>\n\n\n\n<p>a. Informationen, die Sie uns zur Verf\u00fcgung stellen, unterliegen unserer Datenschutzerkl\u00e4rung.<\/p>\n\n\n\n<p>b. Wir sch\u00fctzen Ihre Daten, k\u00f6nnen jedoch nicht f\u00fcr Sicherheitsverletzungen haftbar gemacht werden.<\/p>\n\n\n\n<ol class=\"wp-block-list\" start=\"7\">\n<li>Haftungsausschluss<\/li>\n<\/ol>\n\n\n\n<p>a. Wir haften nicht f\u00fcr indirekte, zuf\u00e4llige oder Folgesch\u00e4den.<\/p>\n\n\n\n<p>b. Unsere Haftung ist auf den Betrag beschr\u00e4nkt, den Sie f\u00fcr unsere Dienstleistungen gezahlt haben.<\/p>\n\n\n\n<ol class=\"wp-block-list\" start=\"8\">\n<li>\u00c4nderungen der Nutzungsbedingungen<\/li>\n<\/ol>\n\n\n\n<p>Wir behalten uns das Recht vor, diese Nutzungsbedingungen jederzeit zu \u00e4ndern. \u00c4nderungen werden auf unserer Website ver\u00f6ffentlicht.<\/p>\n\n\n\n<p>&nbsp; 8. Cookies<\/p>\n\n\n\n<p>a.<strong> Verwendung von Cookies:<\/strong> a. Diese Website verwendet Cookies. Durch die Nutzung unserer Website erkl\u00e4ren Sie sich mit der Verwendung von Cookies in \u00dcbereinstimmung mit den Bestimmungen dieser AGB und unserer Datenschutzrichtlinie einverstanden.<\/p>\n\n\n\n<p>b.<strong> Zweck der Cookies:<\/strong> a. Cookies sind kleine Textdateien, die auf Ihrem Ger\u00e4t gespeichert werden und Informationen \u00fcber Ihre Interaktion mit unserer Website erfassen. Sie dienen dazu, die Benutzererfahrung zu verbessern, die Website effizienter zu gestalten und Analyseinformationen zu sammeln.<\/p>\n\n\n\n<p>c.<strong> Cookie-Steuerung:<\/strong> a. Sie haben das Recht, Cookies abzulehnen oder zu l\u00f6schen. Die meisten Webbrowser erm\u00f6glichen die Steuerung von Cookies \u00fcber die Browsereinstellungen. Beachten Sie jedoch, dass das Ablehnen von Cookies die Funktionalit\u00e4t unserer Website beeintr\u00e4chtigen kann.<\/p>\n\n\n\n<p>d. <strong>\u00c4nderungen der Cookie-Richtlinie:<\/strong> a. Wir behalten uns das Recht vor, diese Cookie-Richtlinie zu aktualisieren oder zu \u00e4ndern. \u00c4nderungen werden auf dieser Seite ver\u00f6ffentlicht, und Ihre fortgesetzte Nutzung der Website nach solchen \u00c4nderungen stellt Ihre Zustimmung zu den aktualisierten Bedingungen dar.<\/p>\n\n\n\n<ol class=\"wp-block-list\" start=\"9\">\n<li>Kontaktinformationen<\/li>\n<\/ol>\n\n\n\n<p>Mc-Shirt Mainz Lotharstra\u00dfe 10, 55116<br>Mainz Email: info@www.mc-shirt.de<br>Phone: 06131 223293<\/p>","protected":false},"excerpt":{"rendered":"<p>Mc-Shirt Mainz &#8211; Nutzungsbedingungen Letztes Update: 1.12.2023 Willkommen bei Mc-Shirt Mainz! Diese Nutzungsbedingungen regeln die Nutzung unserer Website, Produkte und Dienstleistungen. Durch die Nutzung unserer Dienste erkl\u00e4ren Sie sich mit diesen Bedingungen einverstanden. Bitte lesen Sie sie sorgf\u00e4ltig durch. a. Sie m\u00fcssen mindestens 18 Jahre alt sein, um unsere Dienste zu nutzen. b. Sie stimmen [&hellip;]<\/p>\n","protected":false},"author":12,"featured_media":0,"parent":0,"menu_order":0,"comment_status":"closed","ping_status":"closed","template":"elementor_theme","meta":{"_acf_changed":false,"footnotes":""},"class_list":["post-31553","page","type-page","status-publish","hentry"],"acf":[],"_links":{"self":[{"href":"https:\/\/staging.mc-shirt.de\/en\/wp-json\/wp\/v2\/pages\/31553","targetHints":{"allow":["GET"]}}],"collection":[{"href":"https:\/\/staging.mc-shirt.de\/en\/wp-json\/wp\/v2\/pages"}],"about":[{"href":"https:\/\/staging.mc-shirt.de\/en\/wp-json\/wp\/v2\/types\/page"}],"author":[{"embeddable":true,"href":"https:\/\/staging.mc-shirt.de\/en\/wp-json\/wp\/v2\/users\/12"}],"replies":[{"embeddable":true,"href":"https:\/\/staging.mc-shirt.de\/en\/wp-json\/wp\/v2\/comments?post=31553"}],"version-history":[{"count":0,"href":"https:\/\/staging.mc-shirt.de\/en\/wp-json\/wp\/v2\/pages\/31553\/revisions"}],"wp:attachment":[{"href":"https:\/\/staging.mc-shirt.de\/en\/wp-json\/wp\/v2\/media?parent=31553"}],"curies":[{"name":"wp","href":"https:\/\/api.w.org\/{rel}","templated":true}]}}