{"id":31465,"date":"2024-03-12T08:08:29","date_gmt":"2024-03-12T07:08:29","guid":{"rendered":"https:\/\/www.mc-shirt.de\/?page_id=31465"},"modified":"2025-06-23T17:39:12","modified_gmt":"2025-06-23T15:39:12","slug":"cookies-richtlinie","status":"publish","type":"page","link":"https:\/\/staging.mc-shirt.de\/en\/cookies-richtlinie\/","title":{"rendered":"Cookies Richtlinie"},"content":{"rendered":"<div data-elementor-type=\"wp-page\" data-elementor-id=\"31465\" class=\"elementor elementor-31465\" data-elementor-post-type=\"page\">\n\t\t\t\t<div class=\"elementor-element elementor-element-bafc719 e-con-full e-flex e-con e-parent\" data-id=\"bafc719\" data-element_type=\"container\">\n\t\t\t\t<div class=\"elementor-element elementor-element-0027b3e elementor-widget elementor-widget-heading\" data-id=\"0027b3e\" data-element_type=\"widget\" data-widget_type=\"heading.default\">\n\t\t\t\t<div class=\"elementor-widget-container\">\n\t\t\t\t\t<h1 class=\"elementor-heading-title elementor-size-default\">Cookies-Richtlinie<\/h1>\t\t\t\t<\/div>\n\t\t\t\t<\/div>\n\t\t\t\t<\/div>\n\t\t\t\t<section class=\"elementor-section elementor-top-section elementor-element elementor-element-b23b86d elementor-section-boxed elementor-section-height-default elementor-section-height-default\" data-id=\"b23b86d\" data-element_type=\"section\">\n\t\t\t\t\t\t<div class=\"elementor-container elementor-column-gap-default\">\n\t\t\t\t\t<div class=\"elementor-column elementor-col-100 elementor-top-column elementor-element elementor-element-847e037\" data-id=\"847e037\" data-element_type=\"column\">\n\t\t\t<div class=\"elementor-widget-wrap elementor-element-populated\">\n\t\t\t\t\t\t<div class=\"elementor-element elementor-element-9081238 elementor-widget elementor-widget-heading\" data-id=\"9081238\" data-element_type=\"widget\" data-widget_type=\"heading.default\">\n\t\t\t\t<div class=\"elementor-widget-container\">\n\t\t\t\t\t<h2 class=\"elementor-heading-title elementor-size-default\">1. Einleitung<\/h2>\t\t\t\t<\/div>\n\t\t\t\t<\/div>\n\t\t\t\t<div class=\"elementor-element elementor-element-78cbd89 elementor-widget elementor-widget-text-editor\" data-id=\"78cbd89\" data-element_type=\"widget\" data-widget_type=\"text-editor.default\">\n\t\t\t\t<div class=\"elementor-widget-container\">\n\t\t\t\t\t\t\t\t\t<p>Diese Seite informiert Sie \u00fcber unsere Richtlinien zur Erhebung, Nutzung und Offenlegung von personenbezogenen Daten bei der Nutzung unseres Dienstes sowie \u00fcber die Ihnen in Bezug auf diese Daten zustehenden Wahlm\u00f6glichkeiten.<\/p><p>Wir verwenden Ihre Daten, um den Dienst bereitzustellen und zu verbessern. Durch die Nutzung des Dienstes erkl\u00e4ren Sie sich mit der Erhebung und Verwendung von Informationen gem\u00e4\u00df dieser Richtlinie einverstanden.<\/p>\t\t\t\t\t\t\t\t<\/div>\n\t\t\t\t<\/div>\n\t\t\t\t\t<\/div>\n\t\t<\/div>\n\t\t\t\t\t<\/div>\n\t\t<\/section>\n\t\t\t\t<section class=\"elementor-section elementor-top-section elementor-element elementor-element-f280d95 elementor-section-boxed elementor-section-height-default elementor-section-height-default\" data-id=\"f280d95\" data-element_type=\"section\">\n\t\t\t\t\t\t<div class=\"elementor-container elementor-column-gap-default\">\n\t\t\t\t\t<div class=\"elementor-column elementor-col-100 elementor-top-column elementor-element elementor-element-1690dfd\" data-id=\"1690dfd\" data-element_type=\"column\">\n\t\t\t<div class=\"elementor-widget-wrap elementor-element-populated\">\n\t\t\t\t\t\t<div class=\"elementor-element elementor-element-6c428d1 elementor-widget elementor-widget-heading\" data-id=\"6c428d1\" data-element_type=\"widget\" data-widget_type=\"heading.default\">\n\t\t\t\t<div class=\"elementor-widget-container\">\n\t\t\t\t\t<h2 class=\"elementor-heading-title elementor-size-default\">2. Was sind Cookies?<\/h2>\t\t\t\t<\/div>\n\t\t\t\t<\/div>\n\t\t\t\t<div class=\"elementor-element elementor-element-fd2ab90 elementor-widget elementor-widget-text-editor\" data-id=\"fd2ab90\" data-element_type=\"widget\" data-widget_type=\"text-editor.default\">\n\t\t\t\t<div class=\"elementor-widget-container\">\n\t\t\t\t\t\t\t\t\t<p>Cookies sind kleine Datenst\u00fccke, die auf Ihrem Ger\u00e4t (Computer oder Mobilger\u00e4t) gespeichert werden. Sie dienen dazu, Ihr Surfverhalten zu verbessern, indem sie Ihre Einstellungen und Pr\u00e4ferenzen speichern, analysieren, wie Sie die Website nutzen, und Ihnen personalisierte Inhalte und Werbung bereitstellen.<\/p>\t\t\t\t\t\t\t\t<\/div>\n\t\t\t\t<\/div>\n\t\t\t\t\t<\/div>\n\t\t<\/div>\n\t\t\t\t\t<\/div>\n\t\t<\/section>\n\t\t\t\t<section class=\"elementor-section elementor-top-section elementor-element elementor-element-e47f851 elementor-section-boxed elementor-section-height-default elementor-section-height-default\" data-id=\"e47f851\" data-element_type=\"section\">\n\t\t\t\t\t\t<div class=\"elementor-container elementor-column-gap-default\">\n\t\t\t\t\t<div class=\"elementor-column elementor-col-100 elementor-top-column elementor-element elementor-element-296e63f\" data-id=\"296e63f\" data-element_type=\"column\">\n\t\t\t<div class=\"elementor-widget-wrap elementor-element-populated\">\n\t\t\t\t\t\t<div class=\"elementor-element elementor-element-136bbbb elementor-widget elementor-widget-heading\" data-id=\"136bbbb\" data-element_type=\"widget\" data-widget_type=\"heading.default\">\n\t\t\t\t<div class=\"elementor-widget-container\">\n\t\t\t\t\t<h2 class=\"elementor-heading-title elementor-size-default\">3. Wie wir Cookies verwenden<\/h2>\t\t\t\t<\/div>\n\t\t\t\t<\/div>\n\t\t\t\t<div class=\"elementor-element elementor-element-a75b4d3 elementor-widget elementor-widget-text-editor\" data-id=\"a75b4d3\" data-element_type=\"widget\" data-widget_type=\"text-editor.default\">\n\t\t\t\t<div class=\"elementor-widget-container\">\n\t\t\t\t\t\t\t\t\t<p>Wir verwenden Cookies f\u00fcr folgende Zwecke:<\/p><ul><li><p><strong>Essentielle Cookies:<\/strong> Diese Cookies sind f\u00fcr die ordnungsgem\u00e4\u00dfe Funktion der Website notwendig. Sie erm\u00f6glichen Kernfunktionen wie Sicherheit, Netzwerkverwaltung und Barrierefreiheit.<\/p><\/li><li><p><strong>Analytische\/Leistungs-Cookies:<\/strong> Diese Cookies erm\u00f6glichen es uns, zu analysieren, wie Besucher die Website nutzen, damit wir deren Leistung messen und verbessern k\u00f6nnen. Sie helfen uns beispielsweise zu verstehen, welche Seiten am beliebtesten sind und wie sich Besucher auf der Website bewegen.<\/p><\/li><li><p><strong>Funktions-Cookies:<\/strong> Diese Cookies erm\u00f6glichen es der Website, erweiterte Funktionalit\u00e4ten und Personalisierung bereitzustellen. Sie k\u00f6nnen von uns oder von Drittanbieteranbietern gesetzt werden, deren Dienste wir unseren Seiten hinzugef\u00fcgt haben.<\/p><\/li><li><p><strong>Werbungs-\/Targeting-Cookies:<\/strong> Diese Cookies werden verwendet, um Ihnen Werbung anzuzeigen, die f\u00fcr Sie und Ihre Interessen relevanter ist. Sie k\u00f6nnen auch verwendet werden, um die Anzahl der Anzeigen, die Sie sehen, zu begrenzen, und die Wirksamkeit von Werbekampagnen zu messen.<\/p><\/li><\/ul>\t\t\t\t\t\t\t\t<\/div>\n\t\t\t\t<\/div>\n\t\t\t\t\t<\/div>\n\t\t<\/div>\n\t\t\t\t\t<\/div>\n\t\t<\/section>\n\t\t\t\t<section class=\"elementor-section elementor-top-section elementor-element elementor-element-0005396 elementor-section-boxed elementor-section-height-default elementor-section-height-default\" data-id=\"0005396\" data-element_type=\"section\">\n\t\t\t\t\t\t<div class=\"elementor-container elementor-column-gap-default\">\n\t\t\t\t\t<div class=\"elementor-column elementor-col-100 elementor-top-column elementor-element elementor-element-f0cda9c\" data-id=\"f0cda9c\" data-element_type=\"column\">\n\t\t\t<div class=\"elementor-widget-wrap elementor-element-populated\">\n\t\t\t\t\t\t<div class=\"elementor-element elementor-element-5340d74 elementor-widget elementor-widget-heading\" data-id=\"5340d74\" data-element_type=\"widget\" data-widget_type=\"heading.default\">\n\t\t\t\t<div class=\"elementor-widget-container\">\n\t\t\t\t\t<h2 class=\"elementor-heading-title elementor-size-default\">4. Cookies von Drittanbietern<\/h2>\t\t\t\t<\/div>\n\t\t\t\t<\/div>\n\t\t\t\t<div class=\"elementor-element elementor-element-cf929cd elementor-widget elementor-widget-text-editor\" data-id=\"cf929cd\" data-element_type=\"widget\" data-widget_type=\"text-editor.default\">\n\t\t\t\t<div class=\"elementor-widget-container\">\n\t\t\t\t\t\t\t\t\t<p>Wir k\u00f6nnen auch Cookies von Drittanbietern verwenden, um die Nutzung unserer Website zu analysieren und personalisierte Inhalte und Werbung bereitzustellen. Diese Drittanbieter k\u00f6nnen Werbenetzwerke und soziale Medienplattformen umfassen.<\/p>\t\t\t\t\t\t\t\t<\/div>\n\t\t\t\t<\/div>\n\t\t\t\t\t<\/div>\n\t\t<\/div>\n\t\t\t\t\t<\/div>\n\t\t<\/section>\n\t\t\t\t<section class=\"elementor-section elementor-top-section elementor-element elementor-element-cf71c62 elementor-section-boxed elementor-section-height-default elementor-section-height-default\" data-id=\"cf71c62\" data-element_type=\"section\">\n\t\t\t\t\t\t<div class=\"elementor-container elementor-column-gap-default\">\n\t\t\t\t\t<div class=\"elementor-column elementor-col-100 elementor-top-column elementor-element elementor-element-4bb8932\" data-id=\"4bb8932\" data-element_type=\"column\">\n\t\t\t<div class=\"elementor-widget-wrap elementor-element-populated\">\n\t\t\t\t\t\t<div class=\"elementor-element elementor-element-113dd52 elementor-widget elementor-widget-heading\" data-id=\"113dd52\" data-element_type=\"widget\" data-widget_type=\"heading.default\">\n\t\t\t\t<div class=\"elementor-widget-container\">\n\t\t\t\t\t<h2 class=\"elementor-heading-title elementor-size-default\">5. Ihre Wahlm\u00f6glichkeiten bez\u00fcglich Cookies<\/h2>\t\t\t\t<\/div>\n\t\t\t\t<\/div>\n\t\t\t\t<div class=\"elementor-element elementor-element-ddcf530 elementor-widget elementor-widget-text-editor\" data-id=\"ddcf530\" data-element_type=\"widget\" data-widget_type=\"text-editor.default\">\n\t\t\t\t<div class=\"elementor-widget-container\">\n\t\t\t\t\t\t\t\t\t<p>Sie k\u00f6nnen w\u00e4hlen, ob Sie Cookies akzeptieren oder ablehnen m\u00f6chten. Die meisten Webbrowser akzeptieren Cookies automatisch, aber Sie k\u00f6nnen Ihre Browsereinstellungen in der Regel \u00e4ndern, um Cookies abzulehnen, wenn Sie dies bevorzugen. Bitte beachten Sie jedoch, dass dies dazu f\u00fchren kann, dass Sie die Website nicht in vollem Umfang nutzen k\u00f6nnen.<\/p>\t\t\t\t\t\t\t\t<\/div>\n\t\t\t\t<\/div>\n\t\t\t\t\t<\/div>\n\t\t<\/div>\n\t\t\t\t\t<\/div>\n\t\t<\/section>\n\t\t\t\t<section class=\"elementor-section elementor-top-section elementor-element elementor-element-e28ad32 elementor-section-boxed elementor-section-height-default elementor-section-height-default\" data-id=\"e28ad32\" data-element_type=\"section\">\n\t\t\t\t\t\t<div class=\"elementor-container elementor-column-gap-default\">\n\t\t\t\t\t<div class=\"elementor-column elementor-col-100 elementor-top-column elementor-element elementor-element-923b7fb\" data-id=\"923b7fb\" data-element_type=\"column\">\n\t\t\t<div class=\"elementor-widget-wrap elementor-element-populated\">\n\t\t\t\t\t\t<div class=\"elementor-element elementor-element-0c0ef0f elementor-widget elementor-widget-heading\" data-id=\"0c0ef0f\" data-element_type=\"widget\" data-widget_type=\"heading.default\">\n\t\t\t\t<div class=\"elementor-widget-container\">\n\t\t\t\t\t<h2 class=\"elementor-heading-title elementor-size-default\">6. \u00c4nderungen dieser Cookies-Richtlinie<\/h2>\t\t\t\t<\/div>\n\t\t\t\t<\/div>\n\t\t\t\t<div class=\"elementor-element elementor-element-1e174d0 elementor-widget elementor-widget-text-editor\" data-id=\"1e174d0\" data-element_type=\"widget\" data-widget_type=\"text-editor.default\">\n\t\t\t\t<div class=\"elementor-widget-container\">\n\t\t\t\t\t\t\t\t\t<p>Wir k\u00f6nnen unsere Cookies-Richtlinie von Zeit zu Zeit aktualisieren. Wir werden Sie \u00fcber etwaige \u00c4nderungen informieren, indem wir die neue Cookies-Richtlinie auf dieser Seite ver\u00f6ffentlichen.<\/p>\t\t\t\t\t\t\t\t<\/div>\n\t\t\t\t<\/div>\n\t\t\t\t\t<\/div>\n\t\t<\/div>\n\t\t\t\t\t<\/div>\n\t\t<\/section>\n\t\t\t\t<section class=\"elementor-section elementor-top-section elementor-element elementor-element-a77bdbd elementor-section-boxed elementor-section-height-default elementor-section-height-default\" data-id=\"a77bdbd\" data-element_type=\"section\">\n\t\t\t\t\t\t<div class=\"elementor-container elementor-column-gap-default\">\n\t\t\t\t\t<div class=\"elementor-column elementor-col-100 elementor-top-column elementor-element elementor-element-1ca061d\" data-id=\"1ca061d\" data-element_type=\"column\">\n\t\t\t<div class=\"elementor-widget-wrap elementor-element-populated\">\n\t\t\t\t\t\t<div class=\"elementor-element elementor-element-8fc0206 elementor-widget elementor-widget-heading\" data-id=\"8fc0206\" data-element_type=\"widget\" data-widget_type=\"heading.default\">\n\t\t\t\t<div class=\"elementor-widget-container\">\n\t\t\t\t\t<h2 class=\"elementor-heading-title elementor-size-default\">7. Kontaktieren Sie uns<\/h2>\t\t\t\t<\/div>\n\t\t\t\t<\/div>\n\t\t\t\t<div class=\"elementor-element elementor-element-443309a elementor-widget elementor-widget-text-editor\" data-id=\"443309a\" data-element_type=\"widget\" data-widget_type=\"text-editor.default\">\n\t\t\t\t<div class=\"elementor-widget-container\">\n\t\t\t\t\t\t\t\t\t<p>Wenn Sie Fragen zu dieser Cookies-Richtlinie haben, kontaktieren Sie uns bitte:<\/p><ul><li>Per E-Mail: <a href=\"mailto:info@mc-shirt.de\"><span class=\"elementor-icon-list-text\">info@mc-shirt.de<\/span><\/a><\/li><li>Indem Sie diese Seite auf unserer Website besuchen: <strong><a href=\"https:\/\/staging.mc-shirt.de\/en\/kontaktformular\/\">KontaktFormular<\/a><\/strong><\/li><\/ul>\t\t\t\t\t\t\t\t<\/div>\n\t\t\t\t<\/div>\n\t\t\t\t\t<\/div>\n\t\t<\/div>\n\t\t\t\t\t<\/div>\n\t\t<\/section>\n\t\t\t\t<section class=\"elementor-section elementor-top-section elementor-element elementor-element-d726a19 elementor-section-boxed elementor-section-height-default elementor-section-height-default\" data-id=\"d726a19\" data-element_type=\"section\">\n\t\t\t\t\t\t<div class=\"elementor-container elementor-column-gap-default\">\n\t\t\t\t\t<div class=\"elementor-column elementor-col-100 elementor-top-column elementor-element elementor-element-7f6930f\" data-id=\"7f6930f\" data-element_type=\"column\">\n\t\t\t<div class=\"elementor-widget-wrap elementor-element-populated\">\n\t\t\t\t\t\t<div class=\"elementor-element elementor-element-fdfaa46 elementor-widget-divider--view-line elementor-widget elementor-widget-divider\" data-id=\"fdfaa46\" data-element_type=\"widget\" data-widget_type=\"divider.default\">\n\t\t\t\t<div class=\"elementor-widget-container\">\n\t\t\t\t\t\t\t<div class=\"elementor-divider\">\n\t\t\t<span class=\"elementor-divider-separator\">\n\t\t\t\t\t\t<\/span>\n\t\t<\/div>\n\t\t\t\t\t\t<\/div>\n\t\t\t\t<\/div>\n\t\t\t\t\t<\/div>\n\t\t<\/div>\n\t\t\t\t\t<\/div>\n\t\t<\/section>\n\t\t\t\t<\/div>","protected":false},"excerpt":{"rendered":"<p>Cookies-Richtlinie 1. Einleitung Diese Seite informiert Sie \u00fcber unsere Richtlinien zur Erhebung, Nutzung und Offenlegung von personenbezogenen Daten bei der Nutzung unseres Dienstes sowie \u00fcber die Ihnen in Bezug auf diese Daten zustehenden Wahlm\u00f6glichkeiten. Wir verwenden Ihre Daten, um den Dienst bereitzustellen und zu verbessern. Durch die Nutzung des Dienstes erkl\u00e4ren Sie sich mit der [&hellip;]<\/p>\n","protected":false},"author":12,"featured_media":0,"parent":0,"menu_order":0,"comment_status":"closed","ping_status":"closed","template":"elementor_theme","meta":{"_acf_changed":false,"footnotes":""},"class_list":["post-31465","page","type-page","status-publish","hentry"],"acf":[],"_links":{"self":[{"href":"https:\/\/staging.mc-shirt.de\/en\/wp-json\/wp\/v2\/pages\/31465","targetHints":{"allow":["GET"]}}],"collection":[{"href":"https:\/\/staging.mc-shirt.de\/en\/wp-json\/wp\/v2\/pages"}],"about":[{"href":"https:\/\/staging.mc-shirt.de\/en\/wp-json\/wp\/v2\/types\/page"}],"author":[{"embeddable":true,"href":"https:\/\/staging.mc-shirt.de\/en\/wp-json\/wp\/v2\/users\/12"}],"replies":[{"embeddable":true,"href":"https:\/\/staging.mc-shirt.de\/en\/wp-json\/wp\/v2\/comments?post=31465"}],"version-history":[{"count":0,"href":"https:\/\/staging.mc-shirt.de\/en\/wp-json\/wp\/v2\/pages\/31465\/revisions"}],"wp:attachment":[{"href":"https:\/\/staging.mc-shirt.de\/en\/wp-json\/wp\/v2\/media?parent=31465"}],"curies":[{"name":"wp","href":"https:\/\/api.w.org\/{rel}","templated":true}]}}